{"id":722,"date":"2020-07-28T19:41:31","date_gmt":"2020-07-28T16:41:31","guid":{"rendered":"https:\/\/spasiauliai.lt\/?post_type=product&#038;p=722"},"modified":"2021-09-02T12:35:10","modified_gmt":"2021-09-02T09:35:10","slug":"mobilios-pirties-nuoma","status":"publish","type":"product","link":"https:\/\/spasiauliai.lt\/?product=mobilios-pirties-nuoma","title":{"rendered":"Mobilios pirties nuoma"},"content":{"rendered":"","protected":false},"excerpt":{"rendered":"<p>Unikali proga pasim\u0117gauti pirties malonumais! Mobili pirtis ant rat\u0173 &#8211; ilgesn\u0117s nuomos kaina derinama. Pirties garin\u0117 talpina iki 12 \u017emoni\u0173, grild krosnis su nefrito akmenimis i\u0161kurenama per 40 min.<\/p>\n","protected":false},"featured_media":725,"template":"","meta":[],"product_brand":[],"product_cat":[16],"product_tag":[],"class_list":{"0":"post-722","1":"product","2":"type-product","3":"status-publish","4":"has-post-thumbnail","6":"product_cat-visi","8":"first","9":"instock","10":"taxable","11":"shipping-taxable","12":"purchasable","13":"product-type-simple"},"_links":{"self":[{"href":"https:\/\/spasiauliai.lt\/index.php?rest_route=\/wp\/v2\/product\/722","targetHints":{"allow":["GET"]}}],"collection":[{"href":"https:\/\/spasiauliai.lt\/index.php?rest_route=\/wp\/v2\/product"}],"about":[{"href":"https:\/\/spasiauliai.lt\/index.php?rest_route=\/wp\/v2\/types\/product"}],"wp:featuredmedia":[{"embeddable":true,"href":"https:\/\/spasiauliai.lt\/index.php?rest_route=\/wp\/v2\/media\/725"}],"wp:attachment":[{"href":"https:\/\/spasiauliai.lt\/index.php?rest_route=%2Fwp%2Fv2%2Fmedia&parent=722"}],"wp:term":[{"taxonomy":"product_brand","embeddable":true,"href":"https:\/\/spasiauliai.lt\/index.php?rest_route=%2Fwp%2Fv2%2Fproduct_brand&post=722"},{"taxonomy":"product_cat","embeddable":true,"href":"https:\/\/spasiauliai.lt\/index.php?rest_route=%2Fwp%2Fv2%2Fproduct_cat&post=722"},{"taxonomy":"product_tag","embeddable":true,"href":"https:\/\/spasiauliai.lt\/index.php?rest_route=%2Fwp%2Fv2%2Fproduct_tag&post=722"}],"curies":[{"name":"wp","href":"https:\/\/api.w.org\/{rel}","templated":true}]}}