{"id":33,"date":"2019-04-09T11:54:33","date_gmt":"2019-04-09T08:54:33","guid":{"rendered":"https:\/\/spasiauliai.lt\/?post_type=product&#038;p=33"},"modified":"2022-05-19T11:56:18","modified_gmt":"2022-05-19T08:56:18","slug":"dovanu-kuponai","status":"publish","type":"product","link":"https:\/\/spasiauliai.lt\/?product=dovanu-kuponai","title":{"rendered":"Dovan\u0173 kuponai"},"content":{"rendered":"<p>1. Dovan\u0173 kuponai \u012f pinigus nekei\u010diami. Dovan\u0173 kupon\u0105 galima panaudoti per kelis kartus.<\/p>\n<p>2. Dovan\u0173 kupon\u0173 galiojimo terminas n\u0117ra part\u0119siamas, jei tai n\u0117ra paslaugos teik\u0117jo kalt\u0117.<\/p>\n<p>3. Rezervavus paslaugas su dovan\u0173 kuponu ir jomis nepasinaudojus bei neat\u0161aukus likus daugiau kaip 72 val., dovan\u0173 kuponas laikomas panaudotu.<\/p>\n<p>4. Dovan\u0173 kuponas galioja 3 m\u0117nesius nuo dovan\u0173 kupono \u012fsigijimo datos.<\/p>\n","protected":false},"excerpt":{"rendered":"<p>Padovanokite artimam \u017emogui neu\u017emir\u0161tamas akimirkas! Kupon\u0105 asmuo gal\u0117s i\u0161leisti ne vienas. Galimi grupiniai pirties u\u017esi\u0117mimai bei visos kitos puslapyje nurodytos paslaugos. Tur\u0117dami klausim\u0173 skambinkite: +3706 0677 480<\/p>\n","protected":false},"featured_media":637,"template":"","meta":[],"product_brand":[],"product_cat":[18],"product_tag":[],"class_list":{"0":"post-33","1":"product","2":"type-product","3":"status-publish","4":"has-post-thumbnail","6":"product_cat-dovanu-kuponai","8":"first","9":"instock","10":"taxable","11":"shipping-taxable","12":"purchasable","13":"product-type-variable"},"_links":{"self":[{"href":"https:\/\/spasiauliai.lt\/index.php?rest_route=\/wp\/v2\/product\/33","targetHints":{"allow":["GET"]}}],"collection":[{"href":"https:\/\/spasiauliai.lt\/index.php?rest_route=\/wp\/v2\/product"}],"about":[{"href":"https:\/\/spasiauliai.lt\/index.php?rest_route=\/wp\/v2\/types\/product"}],"wp:featuredmedia":[{"embeddable":true,"href":"https:\/\/spasiauliai.lt\/index.php?rest_route=\/wp\/v2\/media\/637"}],"wp:attachment":[{"href":"https:\/\/spasiauliai.lt\/index.php?rest_route=%2Fwp%2Fv2%2Fmedia&parent=33"}],"wp:term":[{"taxonomy":"product_brand","embeddable":true,"href":"https:\/\/spasiauliai.lt\/index.php?rest_route=%2Fwp%2Fv2%2Fproduct_brand&post=33"},{"taxonomy":"product_cat","embeddable":true,"href":"https:\/\/spasiauliai.lt\/index.php?rest_route=%2Fwp%2Fv2%2Fproduct_cat&post=33"},{"taxonomy":"product_tag","embeddable":true,"href":"https:\/\/spasiauliai.lt\/index.php?rest_route=%2Fwp%2Fv2%2Fproduct_tag&post=33"}],"curies":[{"name":"wp","href":"https:\/\/api.w.org\/{rel}","templated":true}]}}