{"id":274,"date":"2019-08-09T23:07:46","date_gmt":"2019-08-09T20:07:46","guid":{"rendered":"https:\/\/spasiauliai.lt\/?post_type=product&#038;p=274"},"modified":"2024-07-02T14:00:40","modified_gmt":"2024-07-02T11:00:40","slug":"berzine-vanta","status":"publish","type":"product","link":"https:\/\/spasiauliai.lt\/?product=berzine-vanta","title":{"rendered":"Ber\u017ein\u0117 vanta"},"content":{"rendered":"<p>Vanta \u2013 vienas svarbiausi\u0173 garin\u0117s pirties atribut\u0173, naudojam\u0173 vanojimui \u2013 vietinei odos stimuliacijai. Vanojimasis \u0161vie\u017eiomis ar d\u017eiovintomis vantomis \u2013 tai \u0161imtme\u010dius siekianti pirties technika. Tinkamai parinktos vantos \u2013 puiki profilaktin\u0117 ir kosmetin\u0117 priemon\u0117, be to vanojimasis savijautai teikia emocin\u012f ir psichologin\u012f poveik\u012f.<\/p>\n<p>Vanojimasis vanta \u2013 i\u0161skirtinis balti\u0161kos, rusi\u0161kos, baltarusi\u0161kos, ukrainieti\u0161kos pirties bruo\u017eas, nes ne vis\u0173 r\u016b\u0161i\u0173 pirtyse yra vanojamasi. Be vanojimo, vantas galima naudoti labai \u012fvairiai: pirties garin\u0117s aromatizavimui, k\u016bno kompresams, masa\u017eui.<\/p>\n<p>Skirtingose \u0161alyse vanojama gali b\u016bti \u012fvairiai. Tai lemia skirtingas klimatas ir papro\u010diai, labiausiai paplit\u0119 vietos augalai. Jei lietuviai ar suomiai pirtyse mielai naudoja kadag\u012f, tuo tarpu ukrainie\u010diams kadagin\u0117 vanta atrodo gana egzoti\u0161kai, nes ir pa\u010di\u0173 kadagi\u0173 ten reta, o Sibire populiarios k\u0117nio vantos \u2013 ne\u012fprastos lietuviams.<\/p>\n","protected":false},"excerpt":{"rendered":"<p>Ber\u017ein\u0117 vanta \u2013 tradicin\u0117 ir da\u017eniausiai pirtyje naudojama vanta. J\u0105 lengviausia suri\u0161ti, nes jos \u0161akel\u0117s liaunos. Joje gausu eterini\u0173 aliej\u0173, gerai valo od\u0105, mal\u0161ina stres\u0105, ma\u017eina nerim\u0105, lengvina kv\u0117pavim\u0105. Kaip ber\u017eini\u0173 vant\u0173 priedas trynimams naudojami ir daugelio r\u016b\u0161i\u0173 \u017eolynai \u2013 pelynai, kie\u010diai, krauja\u017eol\u0117s, jona\u017eol\u0117s.<\/p>\n<p>Jeigu neturime jums reikiamo kiekio, pra\u0161ome skambinti telefonu: <strong>+37062962988<\/strong> arba susisiekti el. pa\u0161tu: <strong>info@spasiauliai.lt<\/strong>, individualius u\u017esakymus galime pristatyti visame pasaulyje.<\/p>\n","protected":false},"featured_media":642,"template":"","meta":[],"product_brand":[],"product_cat":[19],"product_tag":[],"class_list":{"0":"post-274","1":"product","2":"type-product","3":"status-publish","4":"has-post-thumbnail","6":"product_cat-vantos","8":"first","9":"instock","10":"taxable","11":"shipping-taxable","12":"purchasable","13":"product-type-simple"},"_links":{"self":[{"href":"https:\/\/spasiauliai.lt\/index.php?rest_route=\/wp\/v2\/product\/274","targetHints":{"allow":["GET"]}}],"collection":[{"href":"https:\/\/spasiauliai.lt\/index.php?rest_route=\/wp\/v2\/product"}],"about":[{"href":"https:\/\/spasiauliai.lt\/index.php?rest_route=\/wp\/v2\/types\/product"}],"wp:featuredmedia":[{"embeddable":true,"href":"https:\/\/spasiauliai.lt\/index.php?rest_route=\/wp\/v2\/media\/642"}],"wp:attachment":[{"href":"https:\/\/spasiauliai.lt\/index.php?rest_route=%2Fwp%2Fv2%2Fmedia&parent=274"}],"wp:term":[{"taxonomy":"product_brand","embeddable":true,"href":"https:\/\/spasiauliai.lt\/index.php?rest_route=%2Fwp%2Fv2%2Fproduct_brand&post=274"},{"taxonomy":"product_cat","embeddable":true,"href":"https:\/\/spasiauliai.lt\/index.php?rest_route=%2Fwp%2Fv2%2Fproduct_cat&post=274"},{"taxonomy":"product_tag","embeddable":true,"href":"https:\/\/spasiauliai.lt\/index.php?rest_route=%2Fwp%2Fv2%2Fproduct_tag&post=274"}],"curies":[{"name":"wp","href":"https:\/\/api.w.org\/{rel}","templated":true}]}}