{"id":962,"date":"2022-06-04T20:44:45","date_gmt":"2022-06-04T17:44:45","guid":{"rendered":"https:\/\/spasiauliai.lt\/?page_id=962"},"modified":"2024-02-05T17:53:22","modified_gmt":"2024-02-05T15:53:22","slug":"atskiru-kuno-daliu-ir-klasikiniai-masazai","status":"publish","type":"page","link":"https:\/\/spasiauliai.lt\/?page_id=962","title":{"rendered":"Atskir\u0173 k\u016bno dali\u0173 ir klasikiniai masa\u017eai"},"content":{"rendered":"<div class=\"container section-title-container\" ><h1 class=\"section-title section-title-normal\"><b><\/b><span class=\"section-title-main\" >Atskir\u0173 k\u016bno dali\u0173 ir klasikiniai masa\u017eai<\/span><b><\/b><\/h1><\/div>\n\n<div class=\"row align-middle align-center\"  id=\"row-1433242829\">\n\n\n\t<div id=\"col-442565159\" class=\"col medium-9 small-12 large-9\"  >\n\t\t\t\t<div class=\"col-inner\"  >\n\t\t\t\n\t\t\t\n\n<h3><strong>P\u0117d\u0173 masa\u017eas<\/strong><\/h3>\n<p>P\u0117doms tenka vienas did\u017eiausi\u0173 kasdieni\u0173 kr\u016bvi\u0173, bet \u0161i k\u016bno vieta ma\u017eiausiai lepinama. Norint tinkamai jomis r\u016bpintis, rekomenduojama prisiminti refleksologij\u0105 ir masa\u017e\u0105. Tokia terapija duos naudos ne tik p\u0117doms, bet ir visam k\u016bnui. Teigiamai bus veikiama tiek fizin\u0117, tiek psichin\u0117 savijauta. Refleksologija taikoma jau t\u016bkstan\u010dius met\u0173. Esminis jos principas \u2013 p\u0117dose yra tam tikri ta\u0161kai, susij\u0119 su atitinkamais vidaus organais, k\u016bno dalimis. Stimuliuojant \u0161iuos ta\u0161kus, stimuliuojama ir atitinkama organizmo vieta.<\/p>\n\n\t\t<\/div>\n\t\t\t\t\n<style>\n#col-442565159 > .col-inner {\n  margin: 0px 0px -29px 0px;\n}\n<\/style>\n\t<\/div>\n\n\t\n\n\t<div id=\"col-1492968122\" class=\"col medium-3 small-12 large-3\"  >\n\t\t\t\t<div class=\"col-inner\"  >\n\t\t\t\n\t\t\t\n\n<h3 style=\"text-align: center;\"><strong>30 min. &nbsp; Kaina: 25,00 \u20ac<\/strong><\/h3>\n\n\t\t<\/div>\n\t\t\t\t\n<style>\n#col-1492968122 > .col-inner {\n  margin: 0px 0px -42px 0px;\n}\n<\/style>\n\t<\/div>\n\n\t\n\n<\/div>\n<div class=\"is-divider divider clearfix\" style=\"margin-top:1.3em;margin-bottom:1.3em;max-width:100%;height:1px;background-color:rgb(46, 46, 46);\"><\/div>\n\n<div class=\"row align-middle align-center\"  id=\"row-675767054\">\n\n\n\t<div id=\"col-1196210825\" class=\"col medium-9 small-12 large-9\"  >\n\t\t\t\t<div class=\"col-inner\"  >\n\t\t\t\n\t\t\t\n\n<h3><strong>Pe\u010di\u0173 juostos masa\u017eas<\/strong><\/h3>\n<p>Pe\u010di\u0173 juostos masa\u017eas \u2013 tai priemon\u0117, i\u0161sivaduoti nuo \u012ftampos. Pe\u010di\u0173 juostos masa\u017eas rekomenduojamas profilakti\u0161kai \u017emon\u0117ms, dirbantiems s\u0117dim\u0105 darb\u0105, ypa\u010d tiems, kurie ilgesn\u012f laik\u0105 dirba kompiuteriu ar kitaip nuolat \u012ftempia ir ken\u010dia skausm\u0105 pe\u010di\u0173 juostos bei kaklo srityje. \u0160is masa\u017eas puikus susikaupusios raumen\u0173 \u012ftampos \u0161alinimas. Pe\u010di\u0173 juostos masa\u017eas taikomas gydyti ostechondroz\u0119, drusk\u0173 susikaupim\u0105, pe\u010di\u0173-kaklo skausm\u0105. Gerina kraujotak\u0105, atpalaiduoja raumenis, ramina nervin\u0119 sistem\u0105, \u0161alina nuovarg\u012f, padid\u0117jus\u012f jautrum\u0105, stres\u0105, nemig\u0105, ma\u017eina.<\/p>\n\n\t\t<\/div>\n\t\t\t\t\n<style>\n#col-1196210825 > .col-inner {\n  margin: 0px 0px -29px 0px;\n}\n<\/style>\n\t<\/div>\n\n\t\n\n\t<div id=\"col-1376068528\" class=\"col medium-3 small-12 large-3\"  >\n\t\t\t\t<div class=\"col-inner\"  >\n\t\t\t\n\t\t\t\n\n<h3 style=\"text-align: center;\"><strong>20 min. &nbsp; Kaina: 20,00 \u20ac<\/strong><\/h3>\n\n\n\t\t<\/div>\n\t\t\t\t\n<style>\n#col-1376068528 > .col-inner {\n  margin: 0px 0px -42px 0px;\n}\n<\/style>\n\t<\/div>\n\n\t\n\n<\/div>\n<div class=\"is-divider divider clearfix\" style=\"margin-top:1.3em;margin-bottom:1.3em;max-width:100%;height:1px;background-color:rgb(46, 46, 46);\"><\/div>\n\n<div class=\"row align-middle align-center\"  id=\"row-403909228\">\n\n\n\t<div id=\"col-434343757\" class=\"col medium-9 small-12 large-9\"  >\n\t\t\t\t<div class=\"col-inner\"  >\n\t\t\t\n\t\t\t\n\n<h3><strong>Nugaros masa\u017eas<\/strong><\/h3>\n<p>Nugaros masa\u017eas \u2013 vienas i\u0161 veiksmingiausi\u0173 b\u016bd\u0173 nusiraminti ir atsipalaiduoti. Tai vienas i\u0161 nedaugelio terapini\u0173 metod\u0173 kompleksi\u0161kai apiman\u010di\u0173 fizinius, psichinius bei dvasinius gyvenimo aspektus. Toks masa\u017eas \u0161alina \u012ftamp\u0105. Nugaros masa\u017eas ypa\u010d naudingas esant skausmams juosmens srityje. Vir\u0161utin\u0117s nugaros dalies masa\u017eas padeda esant kosuliui, per\u0161alimui, bronch\u0173 susirgimams bei skausmams vir\u0161utin\u0117je nugaros dalyje.<\/p>\n\n\t\t<\/div>\n\t\t\t\t\n<style>\n#col-434343757 > .col-inner {\n  margin: 0px 0px -29px 0px;\n}\n<\/style>\n\t<\/div>\n\n\t\n\n\t<div id=\"col-708432095\" class=\"col medium-3 small-12 large-3\"  >\n\t\t\t\t<div class=\"col-inner\"  >\n\t\t\t\n\t\t\t\n\n<h3 style=\"text-align: center;\"><strong>30 min. &nbsp; Kaina: 25,00 \u20ac<\/strong><\/h3>\n\n\t\t<\/div>\n\t\t\t\t\n<style>\n#col-708432095 > .col-inner {\n  margin: 0px 0px -42px 0px;\n}\n<\/style>\n\t<\/div>\n\n\t\n\n<\/div>\n<div class=\"is-divider divider clearfix\" style=\"margin-top:1.3em;margin-bottom:1.3em;max-width:100%;height:1px;background-color:rgb(46, 46, 46);\"><\/div>\n\n<div class=\"row align-middle align-center\"  id=\"row-482556245\">\n\n\n\t<div id=\"col-2033518710\" class=\"col medium-9 small-12 large-9\"  >\n\t\t\t\t<div class=\"col-inner\"  >\n\t\t\t\n\t\t\t\n\n<h3><strong>Veido masa\u017eas (klasikinis)<\/strong><\/h3>\n<p>Jis daro teigiam\u0105 poveik\u012f trims svarbiausioms organizmo sistemoms: nerv\u0173 sistemai, kraujotakos ir limfinei sistemai bei raumen\u0173 sistemai.<\/p>\n\n\t\t<\/div>\n\t\t\t\t\n<style>\n#col-2033518710 > .col-inner {\n  margin: 0px 0px -29px 0px;\n}\n<\/style>\n\t<\/div>\n\n\t\n\n\t<div id=\"col-734358104\" class=\"col medium-3 small-12 large-3\"  >\n\t\t\t\t<div class=\"col-inner\"  >\n\t\t\t\n\t\t\t\n\n<h3 style=\"text-align: center;\"><strong>30 min. &nbsp; Kaina: 20,00 \u20ac<\/strong><\/h3>\n\n\n\t\t<\/div>\n\t\t\t\t\n<style>\n#col-734358104 > .col-inner {\n  margin: 0px 0px -42px 0px;\n}\n<\/style>\n\t<\/div>\n\n\t\n\n<\/div>\n<div class=\"is-divider divider clearfix\" style=\"margin-top:1.3em;margin-bottom:1.3em;max-width:100%;height:1px;background-color:rgb(46, 46, 46);\"><\/div>\n\n<div class=\"row align-middle align-center\"  id=\"row-972031718\">\n\n\n\t<div id=\"col-2112245886\" class=\"col medium-9 small-12 large-9\"  >\n\t\t\t\t<div class=\"col-inner\"  >\n\t\t\t\n\t\t\t\n\n<h3><strong>Kobido japoni\u0161kas veido masa\u017eas<\/strong><\/h3>\n<p>Veide yra daug gyvybini\u0173 meridian\u0173, vidaus organ\u0173 ta\u0161k\u0173, kuri\u0173 stimuliacijai ir buvo sukurta Kobido technika \u2013 japon\u0173 medicinos ir skirting\u0173 manualin\u0117s terapijos technik\u0173, ta\u0161kinio ir limfadrena\u017einio masa\u017eo derinys. Kobido masa\u017eas atpalaiduoja, koreguoja veido oval\u0105, stangrina, pagerina kraujotak\u0105. Taip pat \u0161is masa\u017eas skatina kolageno gamyb\u0105, yra itin veiksmingas koreguojant sausos bei riebios odos tip\u0105, gydant akn\u0119, ma\u017einant rauk\u0161les, pigmentacij\u0105.<\/p>\n\n\t\t<\/div>\n\t\t\t\t\n<style>\n#col-2112245886 > .col-inner {\n  margin: 0px 0px -29px 0px;\n}\n<\/style>\n\t<\/div>\n\n\t\n\n\t<div id=\"col-601577467\" class=\"col medium-3 small-12 large-3\"  >\n\t\t\t\t<div class=\"col-inner\"  >\n\t\t\t\n\t\t\t\n\n<h3 style=\"text-align: center;\"><strong>50 min. &nbsp; Kaina: 30,00 \u20ac<\/strong><\/h3>\n\n\t\t<\/div>\n\t\t\t\t\n<style>\n#col-601577467 > .col-inner {\n  margin: 0px 0px -42px 0px;\n}\n<\/style>\n\t<\/div>\n\n\t\n\n<\/div>\n<div class=\"is-divider divider clearfix\" style=\"margin-top:1.3em;margin-bottom:1.3em;max-width:100%;height:1px;background-color:rgb(46, 46, 46);\"><\/div>\n\n<div class=\"row align-middle align-center\"  id=\"row-2091333044\">\n\n\n\t<div id=\"col-2088586250\" class=\"col medium-9 small-12 large-9\"  >\n\t\t\t\t<div class=\"col-inner\"  >\n\t\t\t\n\t\t\t\n\n<h3><strong>Holistinis viso k\u016bno masa\u017eas (populiarusis)<\/strong><\/h3>\n<p>Holistinis masa\u017eas \u2013 tai rankos ir minties prisilietimas. Jo metu k\u016bnas nedalijamas \u012f atskiras dalis, o veikia kaip vientisa, harmoninga visuma.<\/p>\n<p>Holistinio masa\u017eo nauda: padeda pa\u0161alinti raumen\u0173 nuovarg\u012f, s\u0105sting\u012f, nuramina ir harmonizuoja, mal\u0161ina stres\u0105, padeda pagerinti kraujo apytak\u0105, audini\u0173 mityb\u0105, gerina bendr\u0105 organizmo b\u016bkl\u0119.<\/p>\n\n\t\t<\/div>\n\t\t\t\t\n<style>\n#col-2088586250 > .col-inner {\n  margin: 0px 0px -29px 0px;\n}\n<\/style>\n\t<\/div>\n\n\t\n\n\t<div id=\"col-168396155\" class=\"col medium-3 small-12 large-3\"  >\n\t\t\t\t<div class=\"col-inner\"  >\n\t\t\t\n\t\t\t\n\n<h3 style=\"text-align: center;\"><strong>60 min. &nbsp; Kaina: 45,00 \u20ac<\/strong><\/h3>\n<h3 style=\"text-align: center;\"><strong>90 min. &nbsp; Kaina: 55,00 \u20ac<\/strong><\/h3>\n\n\t\t<\/div>\n\t\t\t\t\n<style>\n#col-168396155 > .col-inner {\n  margin: 0px 0px -42px 0px;\n}\n<\/style>\n\t<\/div>\n\n\t\n\n<\/div>\n<div class=\"is-divider divider clearfix\" style=\"margin-top:1.3em;margin-bottom:1.3em;max-width:100%;height:1px;background-color:rgb(46, 46, 46);\"><\/div>\n\n<div class=\"row align-middle align-center\"  id=\"row-455280016\">\n\n\n\t<div id=\"col-1943730426\" class=\"col medium-9 small-12 large-9\"  >\n\t\t\t\t<div class=\"col-inner\"  >\n\t\t\t\n\t\t\t\n\n<h3><strong>Atpalaiduojantis viso k\u016bno masa\u017eas<\/strong><\/h3>\n<p>Atpalaiduojantis masa\u017eas yra viena populiariausi\u0173 masa\u017eo form\u0173 visame pasaulyje. Ir ne veltui, nes veiksmingiau nei bet koks kitas masa\u017eas atpalaiduoja k\u016bn\u0105, slopina \u012ftamp\u0105, stiprina organizmo atsparum\u0105, didina darbingum\u0105, harmonizuoja ir stabdo sen\u0117jim\u0105. Da\u017eniausiai atliekamas taikant glostymo ir&nbsp;trynimo technik\u0105 su specialiais aliejukais.<\/p>\n\n\t\t<\/div>\n\t\t\t\t\n<style>\n#col-1943730426 > .col-inner {\n  margin: 0px 0px -29px 0px;\n}\n<\/style>\n\t<\/div>\n\n\t\n\n\t<div id=\"col-1916265408\" class=\"col medium-3 small-12 large-3\"  >\n\t\t\t\t<div class=\"col-inner\"  >\n\t\t\t\n\t\t\t\n\n<h3 style=\"text-align: center;\"><strong>60 min. &nbsp; Kaina: 45,00 \u20ac<\/strong><\/h3>\n<h3 style=\"text-align: center;\"><strong>90 min. &nbsp; Kaina: 55,00 \u20ac<\/strong><\/h3>\n\n\t\t<\/div>\n\t\t\t\t\n<style>\n#col-1916265408 > .col-inner {\n  margin: 0px 0px -42px 0px;\n}\n<\/style>\n\t<\/div>\n\n\t\n\n<\/div>\n<div class=\"is-divider divider clearfix\" style=\"margin-top:1.3em;margin-bottom:1.3em;max-width:100%;height:1px;background-color:rgb(46, 46, 46);\"><\/div>\n\n<div class=\"row align-middle align-center\"  id=\"row-1519401174\">\n\n\n\t<div id=\"col-933505725\" class=\"col medium-9 small-12 large-9\"  >\n\t\t\t\t<div class=\"col-inner\"  >\n\t\t\t\n\t\t\t\n\n<h3><strong>Nugaros medaus masa\u017eas<\/strong><\/h3>\n<p>Medus &#8211; tai gamtos dovana \u017emogui. Medaus sud\u0117tyje yra gausyb\u0117 vitamin\u0173 ir mikroelement\u0173. Medaus masa\u017eas &#8211; tai vienas i\u0161 refleksoterapijos gydymo metod\u0173. Jis gerina \u017emogaus savijaut\u0105, pa\u0161alina nuovarg\u012f ir \u012ftamp\u0105, suteikia \u017evalumo, lengvumo poj\u016bt\u012f, sukuria teigiam\u0105 energijos lauk\u0105. Medaus masa\u017eas maitina od\u0105, i\u0161valo toksinus, taikomas per\u0161alimo lig\u0173, u\u017edegim\u0173 ir skausmo \u0161alinimui. <\/p>\n\n\t\t<\/div>\n\t\t\t\t\n<style>\n#col-933505725 > .col-inner {\n  margin: 0px 0px -29px 0px;\n}\n<\/style>\n\t<\/div>\n\n\t\n\n\t<div id=\"col-590629670\" class=\"col medium-3 small-12 large-3\"  >\n\t\t\t\t<div class=\"col-inner\"  >\n\t\t\t\n\t\t\t\n\n<h3 style=\"text-align: center;\"><strong0 min.=\"\" &nbsp;=\"\" kaina:=\"\" 36,00=\"\" \u20ac<=\"\" strong=\"\"><\/strong0><\/h3>\n<h3 style=\"text-align: center;\"><strong>30 min. &nbsp; Kaina: 25,00 \u20ac<\/strong><\/h3>\n\n\t\t<\/div>\n\t\t\t\t\n<style>\n#col-590629670 > .col-inner {\n  margin: 0px 0px -42px 0px;\n}\n<\/style>\n\t<\/div>\n\n\t\n\n<\/div>\n<div class=\"is-divider divider clearfix\" style=\"margin-top:1.3em;margin-bottom:1.3em;max-width:100%;height:1px;background-color:rgb(46, 46, 46);\"><\/div>\n\n<div class=\"row align-middle align-center\"  id=\"row-1665019372\">\n\n\n\t<div id=\"col-1986916241\" class=\"col medium-9 small-12 large-9\"  >\n\t\t\t\t<div class=\"col-inner\"  >\n\t\t\t\n\t\t\t\n\n<h3><strong>Nugaros medaus masa\u017eas<\/strong><\/h3>\n<p>Medus &#8211; tai gamtos dovana \u017emogui. Medaus sud\u0117tyje yra gausyb\u0117 vitamin\u0173 ir mikroelement\u0173. Medaus masa\u017eas &#8211; tai vienas i\u0161 refleksoterapijos gydymo metod\u0173. Jis gerina \u017emogaus savijaut\u0105, pa\u0161alina nuovarg\u012f ir \u012ftamp\u0105, suteikia \u017evalumo, lengvumo poj\u016bt\u012f, sukuria teigiam\u0105 energijos lauk\u0105. Medaus masa\u017eas maitina od\u0105, i\u0161valo toksinus, taikomas per\u0161alimo lig\u0173, u\u017edegim\u0173 ir skausmo \u0161alinimui. <\/p>\n\n\t\t<\/div>\n\t\t\t\t\n<style>\n#col-1986916241 > .col-inner {\n  margin: 0px 0px -29px 0px;\n}\n<\/style>\n\t<\/div>\n\n\t\n\n\t<div id=\"col-1040338512\" class=\"col medium-3 small-12 large-3\"  >\n\t\t\t\t<div class=\"col-inner\"  >\n\t\t\t\n\t\t\t\n\n<h3 style=\"text-align: center;\"><strong>40 min. &nbsp; Kaina: 35,00 \u20ac<\/strong><\/h3>\n\n\t\t<\/div>\n\t\t\t\t\n<style>\n#col-1040338512 > .col-inner {\n  margin: 0px 0px -42px 0px;\n}\n<\/style>\n\t<\/div>\n\n\t\n\n<\/div>\n<div class=\"is-divider divider clearfix\" style=\"margin-top:1.3em;margin-bottom:1.3em;max-width:100%;height:1px;background-color:rgb(46, 46, 46);\"><\/div>\n\n<div class=\"row align-middle align-center\"  id=\"row-1154225523\">\n\n\n\t<div id=\"col-482531046\" class=\"col medium-9 small-12 large-9\"  >\n\t\t\t\t<div class=\"col-inner\"  >\n\t\t\t\n\t\t\t\n\n\n\t\t<\/div>\n\t\t\t\t\n<style>\n#col-482531046 > .col-inner {\n  margin: 0px 0px -29px 0px;\n}\n<\/style>\n\t<\/div>\n\n\t\n\n\t<div id=\"col-942574724\" class=\"col medium-3 small-12 large-3\"  >\n\t\t\t\t<div class=\"col-inner\"  >\n\t\t\t\n\t\t\t\n\n\n\t\t<\/div>\n\t\t\t\t\n<style>\n#col-942574724 > .col-inner {\n  margin: 0px 0px -42px 0px;\n}\n<\/style>\n\t<\/div>\n\n\t\n\n<\/div>\n<div class=\"is-divider divider clearfix\" style=\"margin-top:1.3em;margin-bottom:1.3em;max-width:100%;height:1px;background-color:rgb(46, 46, 46);\"><\/div>\n\n<div class=\"row align-middle align-center\"  id=\"row-773235929\">\n\n\n\t<div id=\"col-447195536\" class=\"col medium-9 small-12 large-9\"  >\n\t\t\t\t<div class=\"col-inner\"  >\n\t\t\t\n\t\t\t\n\n<h3><strong>Anticeliulitinis masa\u017eas<\/strong><\/h3>\n<p>Anticeliulitinio masa\u017eo metu sukeliamas kraujavimas audiniuose. Gausiai srovenantis kraujas padeda pa\u0161alinti riebalus i\u0161 riebalini\u0173 l\u0105steli\u0173. Aktyvinama kraujotaka apr\u016bpina audinius deguonimi bei maisto med\u017eiagomis, pa\u0161alinamas anglies dvideginis ir toksinai. Masa\u017euojamieji veiksmai reguliuoja skys\u010di\u0173 cirkuliacij\u0105. Gydymo procesas vyksta veikiant kraujotakos, limfotakos sistemas ir po oda esant\u012f jungiam\u0105j\u012f audin\u012f, kuris d\u0117l celiulito formavimosi susilpn\u0117ja. Proced\u016bros metu netraumuojami celiulito pa\u017eeisti audiniai, o normalizuojamos j\u0173 funkcijos. Gydymo eigoje oda tampa lygesn\u0117, stangresn\u0117, ma\u017e\u0117ja k\u016bno dali\u0173 apimtys.<br>\nAnticeliulitini\u0173 masa\u017e\u0173 kurs\u0105 patartina atlikti ne da\u017eniau kaip kas antr\u0105 dien\u0105. Galima derinti su anticeliulitiniu holistiniu ar medaus masa\u017eu.<\/p>\n\n\t\t<\/div>\n\t\t\t\t\n<style>\n#col-447195536 > .col-inner {\n  margin: 0px 0px -29px 0px;\n}\n<\/style>\n\t<\/div>\n\n\t\n\n\t<div id=\"col-424792337\" class=\"col medium-3 small-12 large-3\"  >\n\t\t\t\t<div class=\"col-inner\"  >\n\t\t\t\n\t\t\t\n\n<h3 style=\"text-align: center;\"><strong>60 min. &nbsp; Kaina: 45,00 \u20ac<\/strong><\/h3>\n\n\t\t<\/div>\n\t\t\t\t\n<style>\n#col-424792337 > .col-inner {\n  margin: 0px 0px -42px 0px;\n}\n<\/style>\n\t<\/div>\n\n\t\n\n<\/div>\n<div class=\"is-divider divider clearfix\" style=\"margin-top:1.3em;margin-bottom:1.3em;max-width:100%;height:1px;background-color:rgb(46, 46, 46);\"><\/div>\n\n<div class=\"row\"  id=\"row-2130595966\">\n\n\n\t<div id=\"col-2086575911\" class=\"col medium-3 small-6 large-3\"  >\n\t\t\t\t<div class=\"col-inner\"  >\n\t\t\t\n\t\t\t\n\n\t<div class=\"box has-hover   has-hover box-text-bottom\" >\n\n\t\t<div class=\"box-image\" >\n\t\t\t\t\t\t<div class=\"\" >\n\t\t\t\t<img loading=\"lazy\" decoding=\"async\" width=\"400\" height=\"263\" src=\"https:\/\/spasiauliai.lt\/wp-content\/uploads\/2019\/08\/ranksluosciu-nuoma.jpg\" class=\"attachment-original size-original\" alt=\"\" srcset=\"https:\/\/spasiauliai.lt\/wp-content\/uploads\/2019\/08\/ranksluosciu-nuoma.jpg 400w, https:\/\/spasiauliai.lt\/wp-content\/uploads\/2019\/08\/ranksluosciu-nuoma-300x197.jpg 300w\" sizes=\"auto, (max-width: 400px) 100vw, 400px\" \/>\t\t\t\t\t\t\t\t\t\t\t<\/div>\n\t\t\t\t\t<\/div>\n\n\t\t<div class=\"box-text text-center\" >\n\t\t\t<div class=\"box-text-inner\">\n\t\t\t\t\n\n<h4>Rank\u0161luos\u010dio nuoma \u2013 1\u20ac<\/h4>\n\n\t\t\t<\/div>\n\t\t<\/div>\n\t<\/div>\n\t\n\n\t\t<\/div>\n\t\t\t\t\n<style>\n#col-2086575911 > .col-inner {\n  margin: 0px 0px -28px 0px;\n}\n<\/style>\n\t<\/div>\n\n\t\n\n\t<div id=\"col-1198812165\" class=\"col medium-3 small-6 large-3\"  >\n\t\t\t\t<div class=\"col-inner\"  >\n\t\t\t\n\t\t\t\n\n\t<div class=\"box has-hover   has-hover box-text-bottom\" >\n\n\t\t<div class=\"box-image\" >\n\t\t\t\t\t\t<div class=\"\" >\n\t\t\t\t<img loading=\"lazy\" decoding=\"async\" width=\"400\" height=\"263\" src=\"https:\/\/spasiauliai.lt\/wp-content\/uploads\/2019\/08\/slepeciu-nuoma.jpg\" class=\"attachment-original size-original\" alt=\"\" srcset=\"https:\/\/spasiauliai.lt\/wp-content\/uploads\/2019\/08\/slepeciu-nuoma.jpg 400w, https:\/\/spasiauliai.lt\/wp-content\/uploads\/2019\/08\/slepeciu-nuoma-300x197.jpg 300w\" sizes=\"auto, (max-width: 400px) 100vw, 400px\" \/>\t\t\t\t\t\t\t\t\t\t\t<\/div>\n\t\t\t\t\t<\/div>\n\n\t\t<div class=\"box-text text-center\" >\n\t\t\t<div class=\"box-text-inner\">\n\t\t\t\t\n\n<h4>\u0160lepe\u010di\u0173 nuoma \u2013 1\u20ac<\/h4>\n\n\t\t\t<\/div>\n\t\t<\/div>\n\t<\/div>\n\t\n\n\t\t<\/div>\n\t\t\t\t\n<style>\n#col-1198812165 > .col-inner {\n  margin: 0px 0px -28px 0px;\n}\n<\/style>\n\t<\/div>\n\n\t\n\n\t<div id=\"col-125955464\" class=\"col medium-3 small-6 large-3\"  >\n\t\t\t\t<div class=\"col-inner\"  >\n\t\t\t\n\t\t\t\n\n\t<div class=\"box has-hover   has-hover box-text-bottom\" >\n\n\t\t<div class=\"box-image\" >\n\t\t\t\t\t\t<div class=\"\" >\n\t\t\t\t<img loading=\"lazy\" decoding=\"async\" width=\"400\" height=\"263\" src=\"https:\/\/spasiauliai.lt\/wp-content\/uploads\/2019\/08\/chalatu-nuoma.jpg\" class=\"attachment-original size-original\" alt=\"\" srcset=\"https:\/\/spasiauliai.lt\/wp-content\/uploads\/2019\/08\/chalatu-nuoma.jpg 400w, https:\/\/spasiauliai.lt\/wp-content\/uploads\/2019\/08\/chalatu-nuoma-300x197.jpg 300w\" sizes=\"auto, (max-width: 400px) 100vw, 400px\" \/>\t\t\t\t\t\t\t\t\t\t\t<\/div>\n\t\t\t\t\t<\/div>\n\n\t\t<div class=\"box-text text-center\" >\n\t\t\t<div class=\"box-text-inner\">\n\t\t\t\t\n\n<h4>Chalat\u0173 nuoma \u2013 3\u20ac<\/h4>\n\n\t\t\t<\/div>\n\t\t<\/div>\n\t<\/div>\n\t\n\n\t\t<\/div>\n\t\t\t\t\n<style>\n#col-125955464 > .col-inner {\n  margin: 0px 0px -28px 0px;\n}\n<\/style>\n\t<\/div>\n\n\t\n\n\t<div id=\"col-879645691\" class=\"col medium-3 small-6 large-3\"  >\n\t\t\t\t<div class=\"col-inner\"  >\n\t\t\t\n\t\t\t\n\n\t<div class=\"box has-hover   has-hover box-text-bottom\" >\n\n\t\t<div class=\"box-image\" >\n\t\t\t\t\t\t<div class=\"\" >\n\t\t\t\t<img loading=\"lazy\" decoding=\"async\" width=\"400\" height=\"263\" src=\"https:\/\/spasiauliai.lt\/wp-content\/uploads\/2019\/08\/paklodziu-nuoma.jpg\" class=\"attachment-original size-original\" alt=\"pirtis \u0161iauliuose\" srcset=\"https:\/\/spasiauliai.lt\/wp-content\/uploads\/2019\/08\/paklodziu-nuoma.jpg 400w, https:\/\/spasiauliai.lt\/wp-content\/uploads\/2019\/08\/paklodziu-nuoma-300x197.jpg 300w\" sizes=\"auto, (max-width: 400px) 100vw, 400px\" \/>\t\t\t\t\t\t\t\t\t\t\t<\/div>\n\t\t\t\t\t<\/div>\n\n\t\t<div class=\"box-text text-center\" >\n\t\t\t<div class=\"box-text-inner\">\n\t\t\t\t\n\n<h4>Paklod\u017ei\u0173 nuoma \u2013 2\u20ac<\/h4>\n\n\t\t\t<\/div>\n\t\t<\/div>\n\t<\/div>\n\t\n\n\t\t<\/div>\n\t\t\t\t\n<style>\n#col-879645691 > .col-inner {\n  margin: 0px 0px -28px 0px;\n}\n<\/style>\n\t<\/div>\n\n\t\n\n\t<div id=\"col-931123507\" class=\"col small-12 large-12\"  >\n\t\t\t\t<div class=\"col-inner\"  >\n\t\t\t\n\t\t\t\n\n<p style=\"text-align: center;\">Esant poreikiui teikiame \u0161i\u0173 produkt\u0173 nuom\u0105 ir pardavim\u0105. Nor\u0117dami sutaupyti pasir\u016bpinkite \u0161iais dalykais prie\u0161 atvykdami pas mus.<\/p>\n\n\t\t<\/div>\n\t\t\t\t\n<style>\n#col-931123507 > .col-inner {\n  margin: 0px 0px -74px 0px;\n}\n<\/style>\n\t<\/div>\n\n\t\n\n<\/div>","protected":false},"excerpt":{"rendered":"","protected":false},"author":1,"featured_media":0,"parent":0,"menu_order":0,"comment_status":"closed","ping_status":"closed","template":"","meta":{"footnotes":""},"class_list":["post-962","page","type-page","status-publish","hentry"],"_links":{"self":[{"href":"https:\/\/spasiauliai.lt\/index.php?rest_route=\/wp\/v2\/pages\/962","targetHints":{"allow":["GET"]}}],"collection":[{"href":"https:\/\/spasiauliai.lt\/index.php?rest_route=\/wp\/v2\/pages"}],"about":[{"href":"https:\/\/spasiauliai.lt\/index.php?rest_route=\/wp\/v2\/types\/page"}],"author":[{"embeddable":true,"href":"https:\/\/spasiauliai.lt\/index.php?rest_route=\/wp\/v2\/users\/1"}],"replies":[{"embeddable":true,"href":"https:\/\/spasiauliai.lt\/index.php?rest_route=%2Fwp%2Fv2%2Fcomments&post=962"}],"version-history":[{"count":8,"href":"https:\/\/spasiauliai.lt\/index.php?rest_route=\/wp\/v2\/pages\/962\/revisions"}],"predecessor-version":[{"id":1169,"href":"https:\/\/spasiauliai.lt\/index.php?rest_route=\/wp\/v2\/pages\/962\/revisions\/1169"}],"wp:attachment":[{"href":"https:\/\/spasiauliai.lt\/index.php?rest_route=%2Fwp%2Fv2%2Fmedia&parent=962"}],"curies":[{"name":"wp","href":"https:\/\/api.w.org\/{rel}","templated":true}]}}