{"id":939,"date":"2022-06-04T20:09:13","date_gmt":"2022-06-04T17:09:13","guid":{"rendered":"https:\/\/spasiauliai.lt\/?page_id=939"},"modified":"2022-06-04T20:19:47","modified_gmt":"2022-06-04T17:19:47","slug":"vandens-stichija","status":"publish","type":"page","link":"https:\/\/spasiauliai.lt\/?page_id=939","title":{"rendered":"Vandens stichija"},"content":{"rendered":"<div class=\"container section-title-container\" ><h1 class=\"section-title section-title-normal\"><b><\/b><span class=\"section-title-main\" >Vandens stichija<\/span><b><\/b><\/h1><\/div>\n\n<div class=\"row align-middle align-center\"  id=\"row-1119555532\">\n\n\n\t<div id=\"col-1082049086\" class=\"col medium-8 small-12 large-8\"  >\n\t\t\t\t<div class=\"col-inner\"  >\n\t\t\t\n\t\t\t\n\n<h3><strong>Hidromasa\u017ein\u0117 vonia<\/strong><\/h3>\n<p>Povandeninio masa\u017eo metu atpalaiduojami raumenys, pa\u0161alinamas nuovargis, mal\u0161inamas raumen\u0173 skausmas, gerinama kraujotaka, med\u017eiag\u0173 apykaita, ma\u017einami vegetaciniai ir reflektoriniai sutrikimai. Puiki anticeliulitin\u0117 priemon\u0117.<\/p>\n<p><strong>Proced\u016bros tikslas<\/strong> \u2013 sustiprinti apsaugines ir atstatan\u010dias organizmo funkcijas, atblokuoti ir pagreitinti organizme cirkuliuojan\u010di\u0173 skys\u010di\u0173 srautus. Proced\u016bros metu atkuriama kraujotaka, atstatomas deguonies pritek\u0117jimas \u012f l\u0105steles bei skatinamas toksin\u0173 i\u0161vedimas.<\/p>\n<p><strong>Povandeninio masa\u017eo nauda:<\/strong> gerina kraujotak\u0105 ir limfotak\u0105, audini\u0173 mityb\u0105, s\u0105narinio skys\u010dio i\u0161siskyrim\u0105 ir med\u017eiag\u0173 apykait\u0105, atpalaiduoja raumenis, padid\u0117ja s\u0105nari\u0173 ir stuburo paslankumas, stangr\u0117ja oda, pager\u0117ja med\u017eiag\u0173 apykaita audiniuose.<\/p>\n\n\t\t<\/div>\n\t\t\t\t\n<style>\n#col-1082049086 > .col-inner {\n  margin: 0px 0px -29px 0px;\n}\n<\/style>\n\t<\/div>\n\n\t\n\n\t<div id=\"col-1799408600\" class=\"col medium-4 small-9 large-4\"  >\n\t\t\t\t<div class=\"col-inner\"  >\n\t\t\t\n\t\t\t\n\n<p><img loading=\"lazy\" decoding=\"async\" class=\"size-full wp-image-944 aligncenter\" src=\"https:\/\/spasiauliai.lt\/wp-content\/uploads\/2022\/06\/hydromassage-tub-orionmed-.jpg\" alt=\"\" width=\"800\" height=\"800\" srcset=\"https:\/\/spasiauliai.lt\/wp-content\/uploads\/2022\/06\/hydromassage-tub-orionmed-.jpg 800w, https:\/\/spasiauliai.lt\/wp-content\/uploads\/2022\/06\/hydromassage-tub-orionmed--300x300.jpg 300w, https:\/\/spasiauliai.lt\/wp-content\/uploads\/2022\/06\/hydromassage-tub-orionmed--150x150.jpg 150w, https:\/\/spasiauliai.lt\/wp-content\/uploads\/2022\/06\/hydromassage-tub-orionmed--768x768.jpg 768w, https:\/\/spasiauliai.lt\/wp-content\/uploads\/2022\/06\/hydromassage-tub-orionmed--600x600.jpg 600w, https:\/\/spasiauliai.lt\/wp-content\/uploads\/2022\/06\/hydromassage-tub-orionmed--100x100.jpg 100w\" sizes=\"auto, (max-width: 800px) 100vw, 800px\" \/><\/p>\n\n\t\t<\/div>\n\t\t\t\t\n<style>\n#col-1799408600 > .col-inner {\n  margin: 0px 0px -40px 0px;\n}\n<\/style>\n\t<\/div>\n\n\t\n\n\t<div id=\"col-507229519\" class=\"col small-12 large-12\"  >\n\t\t\t\t<div class=\"col-inner\"  >\n\t\t\t\n\t\t\t\n\n<h3 style=\"text-align: center;\"><strong>60 min. \u00a0 Kaina: 42,00 \u20ac<\/strong><\/h3>\n\n\t\t<\/div>\n\t\t\t\t\n<style>\n#col-507229519 > .col-inner {\n  margin: 0px 0px -42px 0px;\n}\n<\/style>\n\t<\/div>\n\n\t\n\n<\/div>\n<div class=\"is-divider divider clearfix\" style=\"margin-top:1.3em;margin-bottom:1.3em;max-width:100%;height:1px;background-color:rgb(46, 46, 46);\"><\/div>\n\n<div class=\"row\"  id=\"row-1786513961\">\n\n\n\t<div id=\"col-257774250\" class=\"col medium-3 small-6 large-3\"  >\n\t\t\t\t<div class=\"col-inner\"  >\n\t\t\t\n\t\t\t\n\n\t<div class=\"box has-hover   has-hover box-text-bottom\" >\n\n\t\t<div class=\"box-image\" >\n\t\t\t\t\t\t<div class=\"\" >\n\t\t\t\t<img loading=\"lazy\" decoding=\"async\" width=\"400\" height=\"263\" src=\"https:\/\/spasiauliai.lt\/wp-content\/uploads\/2019\/08\/ranksluosciu-nuoma.jpg\" class=\"attachment-original size-original\" alt=\"\" srcset=\"https:\/\/spasiauliai.lt\/wp-content\/uploads\/2019\/08\/ranksluosciu-nuoma.jpg 400w, https:\/\/spasiauliai.lt\/wp-content\/uploads\/2019\/08\/ranksluosciu-nuoma-300x197.jpg 300w\" sizes=\"auto, (max-width: 400px) 100vw, 400px\" \/>\t\t\t\t\t\t\t\t\t\t\t<\/div>\n\t\t\t\t\t<\/div>\n\n\t\t<div class=\"box-text text-center\" >\n\t\t\t<div class=\"box-text-inner\">\n\t\t\t\t\n\n<h4>Rank\u0161luos\u010dio nuoma \u2013 1\u20ac<\/h4>\n\n\t\t\t<\/div>\n\t\t<\/div>\n\t<\/div>\n\t\n\n\t\t<\/div>\n\t\t\t\t\n<style>\n#col-257774250 > .col-inner {\n  margin: 0px 0px -28px 0px;\n}\n<\/style>\n\t<\/div>\n\n\t\n\n\t<div id=\"col-1573747542\" class=\"col medium-3 small-6 large-3\"  >\n\t\t\t\t<div class=\"col-inner\"  >\n\t\t\t\n\t\t\t\n\n\t<div class=\"box has-hover   has-hover box-text-bottom\" >\n\n\t\t<div class=\"box-image\" >\n\t\t\t\t\t\t<div class=\"\" >\n\t\t\t\t<img loading=\"lazy\" decoding=\"async\" width=\"400\" height=\"263\" src=\"https:\/\/spasiauliai.lt\/wp-content\/uploads\/2019\/08\/slepeciu-nuoma.jpg\" class=\"attachment-original size-original\" alt=\"\" srcset=\"https:\/\/spasiauliai.lt\/wp-content\/uploads\/2019\/08\/slepeciu-nuoma.jpg 400w, https:\/\/spasiauliai.lt\/wp-content\/uploads\/2019\/08\/slepeciu-nuoma-300x197.jpg 300w\" sizes=\"auto, (max-width: 400px) 100vw, 400px\" \/>\t\t\t\t\t\t\t\t\t\t\t<\/div>\n\t\t\t\t\t<\/div>\n\n\t\t<div class=\"box-text text-center\" >\n\t\t\t<div class=\"box-text-inner\">\n\t\t\t\t\n\n<h4>\u0160lepe\u010di\u0173 nuoma \u2013 1\u20ac<\/h4>\n\n\t\t\t<\/div>\n\t\t<\/div>\n\t<\/div>\n\t\n\n\t\t<\/div>\n\t\t\t\t\n<style>\n#col-1573747542 > .col-inner {\n  margin: 0px 0px -28px 0px;\n}\n<\/style>\n\t<\/div>\n\n\t\n\n\t<div id=\"col-1920524035\" class=\"col medium-3 small-6 large-3\"  >\n\t\t\t\t<div class=\"col-inner\"  >\n\t\t\t\n\t\t\t\n\n\t<div class=\"box has-hover   has-hover box-text-bottom\" >\n\n\t\t<div class=\"box-image\" >\n\t\t\t\t\t\t<div class=\"\" >\n\t\t\t\t<img loading=\"lazy\" decoding=\"async\" width=\"400\" height=\"263\" src=\"https:\/\/spasiauliai.lt\/wp-content\/uploads\/2019\/08\/chalatu-nuoma.jpg\" class=\"attachment-original size-original\" alt=\"\" srcset=\"https:\/\/spasiauliai.lt\/wp-content\/uploads\/2019\/08\/chalatu-nuoma.jpg 400w, https:\/\/spasiauliai.lt\/wp-content\/uploads\/2019\/08\/chalatu-nuoma-300x197.jpg 300w\" sizes=\"auto, (max-width: 400px) 100vw, 400px\" \/>\t\t\t\t\t\t\t\t\t\t\t<\/div>\n\t\t\t\t\t<\/div>\n\n\t\t<div class=\"box-text text-center\" >\n\t\t\t<div class=\"box-text-inner\">\n\t\t\t\t\n\n<h4>Chalat\u0173 nuoma \u2013 3\u20ac<\/h4>\n\n\t\t\t<\/div>\n\t\t<\/div>\n\t<\/div>\n\t\n\n\t\t<\/div>\n\t\t\t\t\n<style>\n#col-1920524035 > .col-inner {\n  margin: 0px 0px -28px 0px;\n}\n<\/style>\n\t<\/div>\n\n\t\n\n\t<div id=\"col-355241788\" class=\"col medium-3 small-6 large-3\"  >\n\t\t\t\t<div class=\"col-inner\"  >\n\t\t\t\n\t\t\t\n\n\t<div class=\"box has-hover   has-hover box-text-bottom\" >\n\n\t\t<div class=\"box-image\" >\n\t\t\t\t\t\t<div class=\"\" >\n\t\t\t\t<img loading=\"lazy\" decoding=\"async\" width=\"400\" height=\"263\" src=\"https:\/\/spasiauliai.lt\/wp-content\/uploads\/2019\/08\/paklodziu-nuoma.jpg\" class=\"attachment-original size-original\" alt=\"pirtis \u0161iauliuose\" srcset=\"https:\/\/spasiauliai.lt\/wp-content\/uploads\/2019\/08\/paklodziu-nuoma.jpg 400w, https:\/\/spasiauliai.lt\/wp-content\/uploads\/2019\/08\/paklodziu-nuoma-300x197.jpg 300w\" sizes=\"auto, (max-width: 400px) 100vw, 400px\" \/>\t\t\t\t\t\t\t\t\t\t\t<\/div>\n\t\t\t\t\t<\/div>\n\n\t\t<div class=\"box-text text-center\" >\n\t\t\t<div class=\"box-text-inner\">\n\t\t\t\t\n\n<h4>Paklod\u017ei\u0173 nuoma \u2013 2\u20ac<\/h4>\n\n\t\t\t<\/div>\n\t\t<\/div>\n\t<\/div>\n\t\n\n\t\t<\/div>\n\t\t\t\t\n<style>\n#col-355241788 > .col-inner {\n  margin: 0px 0px -28px 0px;\n}\n<\/style>\n\t<\/div>\n\n\t\n\n\t<div id=\"col-1805832274\" class=\"col small-12 large-12\"  >\n\t\t\t\t<div class=\"col-inner\"  >\n\t\t\t\n\t\t\t\n\n<p style=\"text-align: center;\">Esant poreikiui teikiame \u0161i\u0173 produkt\u0173 nuom\u0105 ir pardavim\u0105. Nor\u0117dami sutaupyti pasir\u016bpinkite \u0161iais dalykais prie\u0161 atvykdami pas mus.<\/p>\n\n\t\t<\/div>\n\t\t\t\t\n<style>\n#col-1805832274 > .col-inner {\n  margin: 0px 0px -74px 0px;\n}\n<\/style>\n\t<\/div>\n\n\t\n\n<\/div>","protected":false},"excerpt":{"rendered":"","protected":false},"author":1,"featured_media":0,"parent":0,"menu_order":0,"comment_status":"closed","ping_status":"closed","template":"","meta":{"footnotes":""},"class_list":["post-939","page","type-page","status-publish","hentry"],"_links":{"self":[{"href":"https:\/\/spasiauliai.lt\/index.php?rest_route=\/wp\/v2\/pages\/939","targetHints":{"allow":["GET"]}}],"collection":[{"href":"https:\/\/spasiauliai.lt\/index.php?rest_route=\/wp\/v2\/pages"}],"about":[{"href":"https:\/\/spasiauliai.lt\/index.php?rest_route=\/wp\/v2\/types\/page"}],"author":[{"embeddable":true,"href":"https:\/\/spasiauliai.lt\/index.php?rest_route=\/wp\/v2\/users\/1"}],"replies":[{"embeddable":true,"href":"https:\/\/spasiauliai.lt\/index.php?rest_route=%2Fwp%2Fv2%2Fcomments&post=939"}],"version-history":[{"count":6,"href":"https:\/\/spasiauliai.lt\/index.php?rest_route=\/wp\/v2\/pages\/939\/revisions"}],"predecessor-version":[{"id":951,"href":"https:\/\/spasiauliai.lt\/index.php?rest_route=\/wp\/v2\/pages\/939\/revisions\/951"}],"wp:attachment":[{"href":"https:\/\/spasiauliai.lt\/index.php?rest_route=%2Fwp%2Fv2%2Fmedia&parent=939"}],"curies":[{"name":"wp","href":"https:\/\/api.w.org\/{rel}","templated":true}]}}