{"id":713,"date":"2020-07-28T19:28:26","date_gmt":"2020-07-28T16:28:26","guid":{"rendered":"https:\/\/spasiauliai.lt\/?page_id=713"},"modified":"2023-08-10T18:13:06","modified_gmt":"2023-08-10T15:13:06","slug":"smart-spa-pirtis","status":"publish","type":"page","link":"https:\/\/spasiauliai.lt\/?page_id=713","title":{"rendered":"Smart SPA pirtis"},"content":{"rendered":"\t<div id=\"gap-204201479\" class=\"gap-element clearfix\" style=\"display:block; height:auto;\">\n\t\t\n<style>\n#gap-204201479 {\n  padding-top: 30px;\n}\n<\/style>\n\t<\/div>\n\t\n\n<div class=\"container section-title-container\" ><h1 class=\"section-title section-title-normal\"><b><\/b><span class=\"section-title-main\" >Smart spa pirtis<\/span><b><\/b><\/h1><\/div>\n\n<div class=\"row\"  id=\"row-543654937\">\n\n\n\t<div id=\"col-512662598\" class=\"col small-12 large-12\"  >\n\t\t\t\t<div class=\"col-inner\"  >\n\t\t\t\n\t\t\t\n\n<p>Unikali keramikin\u0117 pirtis individualioms proced\u016broms su nefrito akmenimis ir marmuro gultais.<\/p>\n<h3><strong>Naudojimosi instrukcija:<\/strong><\/h3>\n<p>Unikali keramikin\u0117 pirtis individualioms proced\u016broms su nefrito akmenimis ir marmuro gultais. Pirtyje rekomenduojame gul\u0117ti ant nugaros sulenkus kojas ir \u0161ildytis atr\u0117mus jas \u012f sien\u0105. Efektyviam rezultatui pasiekti SMART pirtyje rekomenduojame lankytis reguliariai. Jeigu sportuojate ir norite m\u0117gautis vanojimo programomis, tai darykite ne sporto dienomis. Jeigu esate po aktyvios treniruot\u0117s rekomenduojame tik \u0161ildytis 50 \u00b0C pirtyje 1 val., daryti 20 min. pertraukas, gerti vandens. \u0160lepetes palikti prie pirties dur\u0173. \u012e pirties zon\u0105 negalima ne\u0161tis joki\u0173 g\u0117rim\u0173. Vardan j\u016bs\u0173 saugumo, rekomenduojame \u012f pirt\u012f neiti su maudymo kostium\u0117liais, o eiti apsivyniojus k\u016bn\u0105 rank\u0161luos\u010diu. Esant pirties erdv\u0117je pra\u0161ome nepilti savo atsine\u0161t\u0173 eterini\u0173 aliej\u0173, vandens. D\u0117v\u0117ti vilnon\u0119 kepur\u0119.<\/p>\n\n\t\t<\/div>\n\t\t\t\t\t<\/div>\n\n\t\n\n<\/div>\n<div class=\"row\"  id=\"row-1752243721\">\n\n\n\t<div id=\"col-183316530\" class=\"col medium-6 small-12 large-6\"  >\n\t\t\t\t<div class=\"col-inner\"  >\n\t\t\t\n\t\t\t\n\n<p><strong>INDIVIDUALI KERAMIKIN\u0116 PIRTIS<\/strong><\/p>\n<ul>\n<li>1 val. 1-2 asmenys. Kaina: 30\u20ac. 2 val.: 50\u20ac&nbsp; Papildoma valanda: 20\u20ac<\/li>\n<li>1 val. 3-4 asmenys. Kaina: 50\u20ac. 2 val.: 80\u20ac&nbsp; Papildoma valanda: 30\u20ac<\/li>\n<li>1 val. 5-6 asmenys. Kaina: 70\u20ac. 2val.: 110\u20ac Papildoma valanda: 40\u20ac<\/li>\n<\/ul>\n<p><strong>Nauja vanta (ber<\/strong><strong>\u017e\u0173, \u0105\u017euolo)<\/strong><strong>: 5 <\/strong><strong>\u20ac; k<\/strong><strong>enio vanta \u0161aldyta: 15 \u20ac<\/strong><\/p>\n\n\t\t<\/div>\n\t\t\t\t\t<\/div>\n\n\t\n\n\t<div id=\"col-448316737\" class=\"col medium-6 small-12 large-6\"  >\n\t\t\t\t<div class=\"col-inner\"  >\n\t\t\t\n\t\t\t\n\n<p><strong>VANDENS KUBILAS<\/strong><\/p>\n<ul>\n<li>\u0160alto vandens kubilas 10\u20ac<\/li>\n<li>\u0160ilto vandens kubilas 20\u20ac<\/li>\n<li>\u0160iltas pieno, mineral\u0173, vaista\u017eoli\u0173 kubilas 25\u20ac<\/li>\n<\/ul>\n<p>*\u012e kain\u0105 \u012fskai\u010diuota individuali zona: pirtis, \u0161ieno kambarys, masa\u017eo kambarys.<\/p>\n\n\t\t<\/div>\n\t\t\t\t\t<\/div>\n\n\t\n\n<\/div>\n\n  \n    <div class=\"row large-columns-5 medium-columns-3 small-columns-1 row-xsmall\" >\n  <div class=\"gallery-col col\" >\n          <div class=\"col-inner\">\n            <a class=\"image-lightbox lightbox-gallery\" href=\"https:\/\/spasiauliai.lt\/wp-content\/uploads\/2020\/01\/20190921_1452511-1024x768.jpg\" title=\"\">            <div class=\"box has-hover gallery-box box-overlay dark\">\n              <div class=\"box-image image-cover\" style=\"padding-top:100%;\">\n                <img loading=\"lazy\" decoding=\"async\" width=\"1280\" height=\"960\" src=\"https:\/\/spasiauliai.lt\/wp-content\/uploads\/2020\/01\/20190921_1452511.jpg\" class=\"attachment-original size-original\" alt=\"\" ids=\"620,619,617,618,616\" col_spacing=\"xsmall\" columns=\"5\" columns__sm=\"1\" image_height=\"100%\" image_size=\"original\" srcset=\"https:\/\/spasiauliai.lt\/wp-content\/uploads\/2020\/01\/20190921_1452511.jpg 1280w, https:\/\/spasiauliai.lt\/wp-content\/uploads\/2020\/01\/20190921_1452511-300x225.jpg 300w, https:\/\/spasiauliai.lt\/wp-content\/uploads\/2020\/01\/20190921_1452511-1024x768.jpg 1024w, https:\/\/spasiauliai.lt\/wp-content\/uploads\/2020\/01\/20190921_1452511-768x576.jpg 768w, https:\/\/spasiauliai.lt\/wp-content\/uploads\/2020\/01\/20190921_1452511-600x450.jpg 600w\" sizes=\"auto, (max-width: 1280px) 100vw, 1280px\" \/>                                  <div class=\"overlay fill\"\n                      style=\"background-color: rgba(0,0,0,.15)\">\n                  <\/div>\n                                                              <\/div>\n              <div class=\"box-text text-left\" >\n                 <p><\/p>\n              <\/div>\n            <\/div>\n            <\/a>          <\/div>\n         <\/div><div class=\"gallery-col col\" >\n          <div class=\"col-inner\">\n            <a class=\"image-lightbox lightbox-gallery\" href=\"https:\/\/spasiauliai.lt\/wp-content\/uploads\/2020\/01\/20190921_1453111-1024x768.jpg\" title=\"\">            <div class=\"box has-hover gallery-box box-overlay dark\">\n              <div class=\"box-image image-cover\" style=\"padding-top:100%;\">\n                <img loading=\"lazy\" decoding=\"async\" width=\"1280\" height=\"960\" src=\"https:\/\/spasiauliai.lt\/wp-content\/uploads\/2020\/01\/20190921_1453111.jpg\" class=\"attachment-original size-original\" alt=\"\" ids=\"620,619,617,618,616\" col_spacing=\"xsmall\" columns=\"5\" columns__sm=\"1\" image_height=\"100%\" image_size=\"original\" srcset=\"https:\/\/spasiauliai.lt\/wp-content\/uploads\/2020\/01\/20190921_1453111.jpg 1280w, https:\/\/spasiauliai.lt\/wp-content\/uploads\/2020\/01\/20190921_1453111-300x225.jpg 300w, https:\/\/spasiauliai.lt\/wp-content\/uploads\/2020\/01\/20190921_1453111-1024x768.jpg 1024w, https:\/\/spasiauliai.lt\/wp-content\/uploads\/2020\/01\/20190921_1453111-768x576.jpg 768w, https:\/\/spasiauliai.lt\/wp-content\/uploads\/2020\/01\/20190921_1453111-600x450.jpg 600w\" sizes=\"auto, (max-width: 1280px) 100vw, 1280px\" \/>                                  <div class=\"overlay fill\"\n                      style=\"background-color: rgba(0,0,0,.15)\">\n                  <\/div>\n                                                              <\/div>\n              <div class=\"box-text text-left\" >\n                 <p><\/p>\n              <\/div>\n            <\/div>\n            <\/a>          <\/div>\n         <\/div><div class=\"gallery-col col\" >\n          <div class=\"col-inner\">\n            <a class=\"image-lightbox lightbox-gallery\" href=\"https:\/\/spasiauliai.lt\/wp-content\/uploads\/2020\/01\/20190921_1453401-1024x768.jpg\" title=\"\">            <div class=\"box has-hover gallery-box box-overlay dark\">\n              <div class=\"box-image image-cover\" style=\"padding-top:100%;\">\n                <img loading=\"lazy\" decoding=\"async\" width=\"1280\" height=\"960\" src=\"https:\/\/spasiauliai.lt\/wp-content\/uploads\/2020\/01\/20190921_1453401.jpg\" class=\"attachment-original size-original\" alt=\"\" ids=\"620,619,617,618,616\" col_spacing=\"xsmall\" columns=\"5\" columns__sm=\"1\" image_height=\"100%\" image_size=\"original\" srcset=\"https:\/\/spasiauliai.lt\/wp-content\/uploads\/2020\/01\/20190921_1453401.jpg 1280w, https:\/\/spasiauliai.lt\/wp-content\/uploads\/2020\/01\/20190921_1453401-300x225.jpg 300w, https:\/\/spasiauliai.lt\/wp-content\/uploads\/2020\/01\/20190921_1453401-1024x768.jpg 1024w, https:\/\/spasiauliai.lt\/wp-content\/uploads\/2020\/01\/20190921_1453401-768x576.jpg 768w, https:\/\/spasiauliai.lt\/wp-content\/uploads\/2020\/01\/20190921_1453401-600x450.jpg 600w\" sizes=\"auto, (max-width: 1280px) 100vw, 1280px\" \/>                                  <div class=\"overlay fill\"\n                      style=\"background-color: rgba(0,0,0,.15)\">\n                  <\/div>\n                                                              <\/div>\n              <div class=\"box-text text-left\" >\n                 <p><\/p>\n              <\/div>\n            <\/div>\n            <\/a>          <\/div>\n         <\/div><div class=\"gallery-col col\" >\n          <div class=\"col-inner\">\n            <a class=\"image-lightbox lightbox-gallery\" href=\"https:\/\/spasiauliai.lt\/wp-content\/uploads\/2020\/01\/20190921_1453271-1024x768.jpg\" title=\"\">            <div class=\"box has-hover gallery-box box-overlay dark\">\n              <div class=\"box-image image-cover\" style=\"padding-top:100%;\">\n                <img loading=\"lazy\" decoding=\"async\" width=\"1280\" height=\"960\" src=\"https:\/\/spasiauliai.lt\/wp-content\/uploads\/2020\/01\/20190921_1453271.jpg\" class=\"attachment-original size-original\" alt=\"\" ids=\"620,619,617,618,616\" col_spacing=\"xsmall\" columns=\"5\" columns__sm=\"1\" image_height=\"100%\" image_size=\"original\" srcset=\"https:\/\/spasiauliai.lt\/wp-content\/uploads\/2020\/01\/20190921_1453271.jpg 1280w, https:\/\/spasiauliai.lt\/wp-content\/uploads\/2020\/01\/20190921_1453271-300x225.jpg 300w, https:\/\/spasiauliai.lt\/wp-content\/uploads\/2020\/01\/20190921_1453271-1024x768.jpg 1024w, https:\/\/spasiauliai.lt\/wp-content\/uploads\/2020\/01\/20190921_1453271-768x576.jpg 768w, https:\/\/spasiauliai.lt\/wp-content\/uploads\/2020\/01\/20190921_1453271-600x450.jpg 600w\" sizes=\"auto, (max-width: 1280px) 100vw, 1280px\" \/>                                  <div class=\"overlay fill\"\n                      style=\"background-color: rgba(0,0,0,.15)\">\n                  <\/div>\n                                                              <\/div>\n              <div class=\"box-text text-left\" >\n                 <p><\/p>\n              <\/div>\n            <\/div>\n            <\/a>          <\/div>\n         <\/div><div class=\"gallery-col col\" >\n          <div class=\"col-inner\">\n            <a class=\"image-lightbox lightbox-gallery\" href=\"https:\/\/spasiauliai.lt\/wp-content\/uploads\/2020\/01\/20190921_1453511-1024x768.jpg\" title=\"\">            <div class=\"box has-hover gallery-box box-overlay dark\">\n              <div class=\"box-image image-cover\" style=\"padding-top:100%;\">\n                <img loading=\"lazy\" decoding=\"async\" width=\"1280\" height=\"960\" src=\"https:\/\/spasiauliai.lt\/wp-content\/uploads\/2020\/01\/20190921_1453511.jpg\" class=\"attachment-original size-original\" alt=\"\" ids=\"620,619,617,618,616\" col_spacing=\"xsmall\" columns=\"5\" columns__sm=\"1\" image_height=\"100%\" image_size=\"original\" srcset=\"https:\/\/spasiauliai.lt\/wp-content\/uploads\/2020\/01\/20190921_1453511.jpg 1280w, https:\/\/spasiauliai.lt\/wp-content\/uploads\/2020\/01\/20190921_1453511-300x225.jpg 300w, https:\/\/spasiauliai.lt\/wp-content\/uploads\/2020\/01\/20190921_1453511-1024x768.jpg 1024w, https:\/\/spasiauliai.lt\/wp-content\/uploads\/2020\/01\/20190921_1453511-768x576.jpg 768w, https:\/\/spasiauliai.lt\/wp-content\/uploads\/2020\/01\/20190921_1453511-600x450.jpg 600w\" sizes=\"auto, (max-width: 1280px) 100vw, 1280px\" \/>                                  <div class=\"overlay fill\"\n                      style=\"background-color: rgba(0,0,0,.15)\">\n                  <\/div>\n                                                              <\/div>\n              <div class=\"box-text text-left\" >\n                 <p><\/p>\n              <\/div>\n            <\/div>\n            <\/a>          <\/div>\n         <\/div><\/div>\n\n<div class=\"is-divider divider clearfix\" style=\"margin-top:1.3em;margin-bottom:1.3em;max-width:100%;height:1px;background-color:rgb(46, 46, 46);\"><\/div>\n\n<div class=\"row align-middle\"  id=\"row-867105712\">\n\n\n\t<div id=\"col-1197138359\" class=\"col medium-8 small-12 large-8\"  >\n\t\t\t\t<div class=\"col-inner\"  >\n\t\t\t\n\t\t\t\n\n<h3><strong>Rytieti\u0161ka pasaka (turki\u0161kas muilo masa\u017eas)<\/strong><\/h3>\n<p><span style=\"font-weight: 400;\">Viso k\u016bno prausimas turki\u0161komis ro\u017ei\u0173 kvapo, alyvmed\u017e<\/span><span style=\"font-weight: 400;\">io muilo putomis. \u0160i proced\u016bra atliekama ant \u201ehamamo\u201c \u2013 \u0161ildomo gulto, \u0161iltoje ir dr\u0117gnoje patalpoje. K\u016bno prausimas \u0161armin\u0117mis muilo putomis turi antibakterin\u012f, prie\u0161u\u017edegimin\u012f poveik\u012f.\u00a0 Masa\u017eas gerina kraujotak\u0105, sumink\u0161tina ir atjaunina od\u0105.<\/span><\/p>\n\n\t\t<\/div>\n\t\t\t\t\n<style>\n#col-1197138359 > .col-inner {\n  margin: 0px 0px -29px 0px;\n}\n<\/style>\n\t<\/div>\n\n\t\n\n\t<div id=\"col-1947089317\" class=\"col medium-4 small-12 large-4\"  >\n\t\t\t\t<div class=\"col-inner\"  >\n\t\t\t\n\t\t\t\n\n<p><img loading=\"lazy\" decoding=\"async\" class=\"aligncenter wp-image-306 size-full\" src=\"https:\/\/spasiauliai.lt\/wp-content\/uploads\/2019\/08\/hamamas-siauliuose-spasiauliai.jpg\" alt=\"k\u016bno proced\u016bros\" width=\"600\" height=\"398\" srcset=\"https:\/\/spasiauliai.lt\/wp-content\/uploads\/2019\/08\/hamamas-siauliuose-spasiauliai.jpg 600w, https:\/\/spasiauliai.lt\/wp-content\/uploads\/2019\/08\/hamamas-siauliuose-spasiauliai-300x199.jpg 300w\" sizes=\"auto, (max-width: 600px) 100vw, 600px\" \/><\/p>\n\n\t\t<\/div>\n\t\t\t\t\n<style>\n#col-1947089317 > .col-inner {\n  margin: 0px 0px -40px 0px;\n}\n<\/style>\n\t<\/div>\n\n\t\n\n\t<div id=\"col-566895228\" class=\"col small-12 large-12\"  >\n\t\t\t\t<div class=\"col-inner\"  >\n\t\t\t\n\t\t\t\n\n<h3 style=\"text-align: center;\"><strong>60 min. &nbsp; Kaina: 50,00 \u20ac<\/strong><\/h3>\n\n\t\t<\/div>\n\t\t\t\t\n<style>\n#col-566895228 > .col-inner {\n  margin: 0px 0px -42px 0px;\n}\n<\/style>\n\t<\/div>\n\n\t\n\n<\/div>\n<div class=\"is-divider divider clearfix\" style=\"margin-top:1.3em;margin-bottom:1.3em;max-width:100%;height:1px;background-color:rgb(46, 46, 46);\"><\/div>\n\n<div class=\"row align-middle\"  id=\"row-902203899\">\n\n\n\t<div id=\"col-940234435\" class=\"col medium-8 small-12 large-8\"  >\n\t\t\t\t<div class=\"col-inner\"  >\n\t\t\t\n\t\t\t\n\n<h3><strong>Rytieti\u0161ka pasaka \u2013 atjauninanti proced\u016bra (turki\u0161kas k\u016bno \u0161veitimas ir muilo masa\u017eas)<\/strong><\/h3>\n<p><span style=\"font-weight: 400;\">Viso k\u016bno \u0161veitimas \u201ekesse\u201c pir\u0161tine bei turki\u0161komis ro\u017ei\u0173 kvapo, alyvmed\u017eio muilo putomis. \u0160i proced\u016bra atliekama ant \u201ehamamo\u201c \u2013 \u0161ildomo gulto, \u0161iltoje ir dr\u0117gnoje patalpoje. \u0160veitimas \u201ekesse\u201c pir\u0161tine pa\u0161alina surag\u0117jusias odos l\u0105steles, nu\u0161vei\u010dia net iki trij\u0173 sluoksni\u0173 mirusios odos tuo atjauninanti epidermin\u012f odos sluoksn\u012f, skatina odos regeneracij\u0105, o k\u016bno prausimas \u0161armin\u0117mis muilo putomis turi antibakterin\u012f, prie\u0161u\u017edegimin\u012f, detoksikuojant\u012f poveik\u012f odai. Masa\u017eas gerina kraujotak\u0105, sumink\u0161tina ir atjaunina od\u0105. Nuostabios k\u016bno proced\u016bros.<\/span><\/p>\n\n\t\t<\/div>\n\t\t\t\t\n<style>\n#col-940234435 > .col-inner {\n  margin: 0px 0px -29px 0px;\n}\n<\/style>\n\t<\/div>\n\n\t\n\n\t<div id=\"col-1846989769\" class=\"col medium-4 small-12 large-4\"  >\n\t\t\t\t<div class=\"col-inner\"  >\n\t\t\t\n\t\t\t\n\n<p><img loading=\"lazy\" decoding=\"async\" class=\"size-full wp-image-309 aligncenter\" src=\"https:\/\/spasiauliai.lt\/wp-content\/uploads\/2019\/08\/kuno-sveitimas-siauliai.jpg\" alt=\"\" width=\"540\" height=\"360\" srcset=\"https:\/\/spasiauliai.lt\/wp-content\/uploads\/2019\/08\/kuno-sveitimas-siauliai.jpg 540w, https:\/\/spasiauliai.lt\/wp-content\/uploads\/2019\/08\/kuno-sveitimas-siauliai-300x200.jpg 300w\" sizes=\"auto, (max-width: 540px) 100vw, 540px\" \/><\/p>\n\n\t\t<\/div>\n\t\t\t\t\n<style>\n#col-1846989769 > .col-inner {\n  margin: 0px 0px -40px 0px;\n}\n<\/style>\n\t<\/div>\n\n\t\n\n\t<div id=\"col-1196214454\" class=\"col small-12 large-12\"  >\n\t\t\t\t<div class=\"col-inner\"  >\n\t\t\t\n\t\t\t\n\n<h3 style=\"text-align: center;\"><strong>90 min. &nbsp; Kaina: 60,00 \u20ac<\/strong><\/h3>\n\n\t\t<\/div>\n\t\t\t\t\n<style>\n#col-1196214454 > .col-inner {\n  margin: 0px 0px -42px 0px;\n}\n<\/style>\n\t<\/div>\n\n\t\n\n<\/div>\n<div class=\"is-divider divider clearfix\" style=\"margin-top:1.3em;margin-bottom:1.3em;max-width:100%;height:1px;background-color:rgb(46, 46, 46);\"><\/div>\n\n<div class=\"row\"  id=\"row-425613908\">\n\n\n\t<div id=\"col-1848014480\" class=\"col medium-3 small-6 large-3\"  >\n\t\t\t\t<div class=\"col-inner\"  >\n\t\t\t\n\t\t\t\n\n\t<div class=\"box has-hover   has-hover box-text-bottom\" >\n\n\t\t<div class=\"box-image\" >\n\t\t\t\t\t\t<div class=\"\" >\n\t\t\t\t<img loading=\"lazy\" decoding=\"async\" width=\"400\" height=\"263\" src=\"https:\/\/spasiauliai.lt\/wp-content\/uploads\/2019\/08\/ranksluosciu-nuoma.jpg\" class=\"attachment-original size-original\" alt=\"\" srcset=\"https:\/\/spasiauliai.lt\/wp-content\/uploads\/2019\/08\/ranksluosciu-nuoma.jpg 400w, https:\/\/spasiauliai.lt\/wp-content\/uploads\/2019\/08\/ranksluosciu-nuoma-300x197.jpg 300w\" sizes=\"auto, (max-width: 400px) 100vw, 400px\" \/>\t\t\t\t\t\t\t\t\t\t\t<\/div>\n\t\t\t\t\t<\/div>\n\n\t\t<div class=\"box-text text-center\" >\n\t\t\t<div class=\"box-text-inner\">\n\t\t\t\t\n\n<h4>Rank\u0161luos\u010dio nuoma \u2013 1\u20ac<\/h4>\n\n\t\t\t<\/div>\n\t\t<\/div>\n\t<\/div>\n\t\n\n\t\t<\/div>\n\t\t\t\t\n<style>\n#col-1848014480 > .col-inner {\n  margin: 0px 0px -28px 0px;\n}\n<\/style>\n\t<\/div>\n\n\t\n\n\t<div id=\"col-639116502\" class=\"col medium-3 small-6 large-3\"  >\n\t\t\t\t<div class=\"col-inner\"  >\n\t\t\t\n\t\t\t\n\n\t<div class=\"box has-hover   has-hover box-text-bottom\" >\n\n\t\t<div class=\"box-image\" >\n\t\t\t\t\t\t<div class=\"\" >\n\t\t\t\t<img loading=\"lazy\" decoding=\"async\" width=\"400\" height=\"263\" src=\"https:\/\/spasiauliai.lt\/wp-content\/uploads\/2019\/08\/slepeciu-nuoma.jpg\" class=\"attachment-original size-original\" alt=\"\" srcset=\"https:\/\/spasiauliai.lt\/wp-content\/uploads\/2019\/08\/slepeciu-nuoma.jpg 400w, https:\/\/spasiauliai.lt\/wp-content\/uploads\/2019\/08\/slepeciu-nuoma-300x197.jpg 300w\" sizes=\"auto, (max-width: 400px) 100vw, 400px\" \/>\t\t\t\t\t\t\t\t\t\t\t<\/div>\n\t\t\t\t\t<\/div>\n\n\t\t<div class=\"box-text text-center\" >\n\t\t\t<div class=\"box-text-inner\">\n\t\t\t\t\n\n<h4>\u0160lepe\u010di\u0173 nuoma \u2013 1\u20ac<\/h4>\n\n\t\t\t<\/div>\n\t\t<\/div>\n\t<\/div>\n\t\n\n\t\t<\/div>\n\t\t\t\t\n<style>\n#col-639116502 > .col-inner {\n  margin: 0px 0px -28px 0px;\n}\n<\/style>\n\t<\/div>\n\n\t\n\n\t<div id=\"col-349989412\" class=\"col medium-3 small-6 large-3\"  >\n\t\t\t\t<div class=\"col-inner\"  >\n\t\t\t\n\t\t\t\n\n\t<div class=\"box has-hover   has-hover box-text-bottom\" >\n\n\t\t<div class=\"box-image\" >\n\t\t\t\t\t\t<div class=\"\" >\n\t\t\t\t<img loading=\"lazy\" decoding=\"async\" width=\"400\" height=\"263\" src=\"https:\/\/spasiauliai.lt\/wp-content\/uploads\/2019\/08\/chalatu-nuoma.jpg\" class=\"attachment-original size-original\" alt=\"\" srcset=\"https:\/\/spasiauliai.lt\/wp-content\/uploads\/2019\/08\/chalatu-nuoma.jpg 400w, https:\/\/spasiauliai.lt\/wp-content\/uploads\/2019\/08\/chalatu-nuoma-300x197.jpg 300w\" sizes=\"auto, (max-width: 400px) 100vw, 400px\" \/>\t\t\t\t\t\t\t\t\t\t\t<\/div>\n\t\t\t\t\t<\/div>\n\n\t\t<div class=\"box-text text-center\" >\n\t\t\t<div class=\"box-text-inner\">\n\t\t\t\t\n\n<h4>Chalat\u0173 nuoma \u2013 3\u20ac<\/h4>\n\n\t\t\t<\/div>\n\t\t<\/div>\n\t<\/div>\n\t\n\n\t\t<\/div>\n\t\t\t\t\n<style>\n#col-349989412 > .col-inner {\n  margin: 0px 0px -28px 0px;\n}\n<\/style>\n\t<\/div>\n\n\t\n\n\t<div id=\"col-1745228372\" class=\"col medium-3 small-6 large-3\"  >\n\t\t\t\t<div class=\"col-inner\"  >\n\t\t\t\n\t\t\t\n\n\t<div class=\"box has-hover   has-hover box-text-bottom\" >\n\n\t\t<div class=\"box-image\" >\n\t\t\t\t\t\t<div class=\"\" >\n\t\t\t\t<img loading=\"lazy\" decoding=\"async\" width=\"400\" height=\"263\" src=\"https:\/\/spasiauliai.lt\/wp-content\/uploads\/2019\/08\/paklodziu-nuoma.jpg\" class=\"attachment-original size-original\" alt=\"pirtis \u0161iauliuose\" srcset=\"https:\/\/spasiauliai.lt\/wp-content\/uploads\/2019\/08\/paklodziu-nuoma.jpg 400w, https:\/\/spasiauliai.lt\/wp-content\/uploads\/2019\/08\/paklodziu-nuoma-300x197.jpg 300w\" sizes=\"auto, (max-width: 400px) 100vw, 400px\" \/>\t\t\t\t\t\t\t\t\t\t\t<\/div>\n\t\t\t\t\t<\/div>\n\n\t\t<div class=\"box-text text-center\" >\n\t\t\t<div class=\"box-text-inner\">\n\t\t\t\t\n\n<h4>Paklod\u017ei\u0173 nuoma \u2013 2\u20ac<\/h4>\n\n\t\t\t<\/div>\n\t\t<\/div>\n\t<\/div>\n\t\n\n\t\t<\/div>\n\t\t\t\t\n<style>\n#col-1745228372 > .col-inner {\n  margin: 0px 0px -28px 0px;\n}\n<\/style>\n\t<\/div>\n\n\t\n\n\t<div id=\"col-1097073490\" class=\"col small-12 large-12\"  >\n\t\t\t\t<div class=\"col-inner\"  >\n\t\t\t\n\t\t\t\n\n<p style=\"text-align: center;\">Esant poreikiui teikiame \u0161i\u0173 produkt\u0173 nuom\u0105 ir pardavim\u0105. Nor\u0117dami sutaupyti pasir\u016bpinkite \u0161iais dalykais prie\u0161 atvykdami pas mus.<\/p>\n<p style=\"text-align: center;\">Tur\u0117dami klausim\u0173 dr\u0105siai kreipkit\u0117s <a href=\"https:\/\/www.facebook.com\/spasiauliai\/\">facebook<\/a>. Pirtis \u0160iauliuose.<\/p>\n\n\t\t<\/div>\n\t\t\t\t\n<style>\n#col-1097073490 > .col-inner {\n  margin: 0px 0px -12px 0px;\n}\n<\/style>\n\t<\/div>\n\n\t\n\n<\/div>","protected":false},"excerpt":{"rendered":"","protected":false},"author":1,"featured_media":0,"parent":0,"menu_order":0,"comment_status":"closed","ping_status":"closed","template":"page-blank.php","meta":{"footnotes":""},"class_list":["post-713","page","type-page","status-publish","hentry"],"_links":{"self":[{"href":"https:\/\/spasiauliai.lt\/index.php?rest_route=\/wp\/v2\/pages\/713","targetHints":{"allow":["GET"]}}],"collection":[{"href":"https:\/\/spasiauliai.lt\/index.php?rest_route=\/wp\/v2\/pages"}],"about":[{"href":"https:\/\/spasiauliai.lt\/index.php?rest_route=\/wp\/v2\/types\/page"}],"author":[{"embeddable":true,"href":"https:\/\/spasiauliai.lt\/index.php?rest_route=\/wp\/v2\/users\/1"}],"replies":[{"embeddable":true,"href":"https:\/\/spasiauliai.lt\/index.php?rest_route=%2Fwp%2Fv2%2Fcomments&post=713"}],"version-history":[{"count":13,"href":"https:\/\/spasiauliai.lt\/index.php?rest_route=\/wp\/v2\/pages\/713\/revisions"}],"predecessor-version":[{"id":1138,"href":"https:\/\/spasiauliai.lt\/index.php?rest_route=\/wp\/v2\/pages\/713\/revisions\/1138"}],"wp:attachment":[{"href":"https:\/\/spasiauliai.lt\/index.php?rest_route=%2Fwp%2Fv2%2Fmedia&parent=713"}],"curies":[{"name":"wp","href":"https:\/\/api.w.org\/{rel}","templated":true}]}}