{"id":56,"date":"2019-04-09T13:31:02","date_gmt":"2019-04-09T10:31:02","guid":{"rendered":"https:\/\/spasiauliai.lt\/?page_id=56"},"modified":"2023-11-11T17:33:23","modified_gmt":"2023-11-11T15:33:23","slug":"pirtis-siauliuose","status":"publish","type":"page","link":"https:\/\/spasiauliai.lt\/?page_id=56","title":{"rendered":"Pirtis"},"content":{"rendered":"\t<div id=\"gap-1822429226\" class=\"gap-element clearfix\" style=\"display:block; height:auto;\">\n\t\t\n<style>\n#gap-1822429226 {\n  padding-top: 30px;\n}\n<\/style>\n\t<\/div>\n\t\n\n<div class=\"container section-title-container\" ><h1 class=\"section-title section-title-normal\"><b><\/b><span class=\"section-title-main\" >ETNO SPA PIRTIS<\/span><b><\/b><\/h1><\/div>\n\n<div class=\"row\"  id=\"row-177395154\">\n\n\n\t<div id=\"col-1551795751\" class=\"col small-12 large-12\"  >\n\t\t\t\t<div class=\"col-inner\"  >\n\t\t\t\n\t\t\t\n\n<h3><strong>Naudojimosi intstrukcija:<\/strong><\/h3>\n<p>Efektyviam rezultatui pasiekti Etno pirtyje rekomenduojame lankytis reguliariai. Jeigu sportuojate ir norite dalyvauti edukacin\u0117se programose, lankytis ne sporto dienomis. Jeigu esate po aktyvios treniruot\u0117s rekomenduojame tik \u0161ildytis 50 \u00b0C pirtyje 1 val., daryti 20 min. pertraukas, gerti vandens. \u0160lepetes palikti prie pirties dur\u0173. \u012e pirties zon\u0105 negalima ne\u0161tis joki\u0173 g\u0117rim\u0173. Vardan j\u016bs\u0173 saugumo, rekomenduojame \u012f pirt\u012f neiti su maudymo kostium\u0117liais, o eiti apsivyniojus k\u016bn\u0105 rank\u0161luos\u010diu. Esant pirties erdv\u0117je pra\u0161ome nepilti savo atsine\u0161t\u0173 eterini\u0173 aliej\u0173, vandens. D\u0117v\u0117ti vilnon\u0119 kepur\u0119.<\/p>\n\n\t\t<\/div>\n\t\t\t\t\n<style>\n#col-1551795751 > .col-inner {\n  margin: 0px 0px -25px 0px;\n}\n<\/style>\n\t<\/div>\n\n\t\n\n\t<div id=\"col-2083287894\" class=\"col medium-6 small-12 large-6\"  >\n\t\t\t\t<div class=\"col-inner\"  >\n\t\t\t\n\t\t\t\n\n<h3><strong>ETNO PIRTIES KAINA ASMENIUI<\/strong><\/h3>\n<ul>\n<li>Iki 16 val.: 10\u20ac\/h, 15\u20ac\/2h, 20\u20ac\/3h<\/li>\n<li>Nuo 16val.: 15\u20ac\/h, 20\u20ac\/2h, 25\u20ac\/3h<\/li>\n<li>Vanojimo kaina 20\u20ac<\/li>\n<\/ul>\n\n\t\t<\/div>\n\t\t\t\t\n<style>\n#col-2083287894 > .col-inner {\n  margin: 0px 0px -25px 0px;\n}\n<\/style>\n\t<\/div>\n\n\t\n\n\t<div id=\"col-1975696078\" class=\"col medium-6 small-12 large-6\"  >\n\t\t\t\t<div class=\"col-inner\"  >\n\t\t\t\n\t\t\t\n\n<h3><strong>PIRTININKO EDUKACIN\u0116S PROGRAMOS<\/strong><\/h3>\n<ul>\n<li>Trukm\u0117: 60 min. &#8211; 50 \u20ac<\/li>\n<li>Trukm\u0117: 4 val. (pilna programa). &#8211; 150 \u20ac<\/li>\n<\/ul>\n\n\t\t<\/div>\n\t\t\t\t\n<style>\n#col-1975696078 > .col-inner {\n  margin: 0px 0px -25px 0px;\n}\n<\/style>\n\t<\/div>\n\n\t\n\n<\/div>\n<div class=\"is-divider divider clearfix\" style=\"margin-top:1.3em;margin-bottom:1.3em;max-width:100%;height:1px;background-color:rgb(46, 46, 46);\"><\/div>\n\n<div class=\"row\"  id=\"row-277141608\">\n\n\n\t<div id=\"col-633086794\" class=\"col small-12 large-12\"  >\n\t\t\t\t<div class=\"col-inner\"  >\n\t\t\t\n\t\t\t\n\n<p><strong>\u012e pirtininko programos valand\u0105 \u012feina viena i\u0161 keturi\u0173 edukacini\u0173 program\u0173:<\/strong><\/p>\n<ol>\n<li><strong>\u017dalioji garo oaz\u0117.<\/strong><\/li>\n<\/ol>\n<p>\u012evair\u016bs \u017eolynai, vantos, kvapai. Proced\u016bra skirta vir\u0161utiniams kv\u0117pavimo takams ir k\u016bno su\u0161ildymui.<\/p>\n<ol start=\"2\">\n<li><strong>Druskos terapija.<\/strong><\/li>\n<\/ol>\n<p>Haloterapija skirta gilumini\u0173 kv\u0117pavimo tak\u0173 valymui, ir k\u016bno \u0161veitimo proced\u016bra.<\/p>\n<ol start=\"3\">\n<li><strong>Vant\u0173 \u0161\u0117lsmas.<\/strong><\/li>\n<\/ol>\n<p>I\u0161sivanok pats arba s\u0105nari\u0173 \u0161ildymas, tai gili aromat\u0173 ir \u0161ilumos visuma.<\/p>\n<ol start=\"4\">\n<li><strong>Perk\u016bnas, arba meditacinis panyrimas \u012f savo praeit\u012f.<\/strong><\/li>\n<\/ol>\n<p>Kar\u0161\u010dio pli\u016bpsnis, tai gilus k\u016bno su\u0161ildymas arba atsipalaidavimas.<\/p>\n\n  \n    <div class=\"row large-columns-5 medium-columns-3 small-columns-1 row-xsmall\" >\n  <div class=\"gallery-col col\" >\n          <div class=\"col-inner\">\n            <a class=\"image-lightbox lightbox-gallery\" href=\"https:\/\/spasiauliai.lt\/wp-content\/uploads\/2020\/01\/20190921_1504161-1024x768.jpg\" title=\"\">            <div class=\"box has-hover gallery-box box-overlay dark\">\n              <div class=\"box-image image-cover\" style=\"padding-top:100%;\">\n                <img loading=\"lazy\" decoding=\"async\" width=\"1280\" height=\"960\" src=\"https:\/\/spasiauliai.lt\/wp-content\/uploads\/2020\/01\/20190921_1504161.jpg\" class=\"attachment-original size-original\" alt=\"\" ids=\"625,626,622,623,624\" col_spacing=\"xsmall\" columns=\"5\" columns__sm=\"1\" image_height=\"100%\" image_size=\"original\" srcset=\"https:\/\/spasiauliai.lt\/wp-content\/uploads\/2020\/01\/20190921_1504161.jpg 1280w, https:\/\/spasiauliai.lt\/wp-content\/uploads\/2020\/01\/20190921_1504161-300x225.jpg 300w, https:\/\/spasiauliai.lt\/wp-content\/uploads\/2020\/01\/20190921_1504161-1024x768.jpg 1024w, https:\/\/spasiauliai.lt\/wp-content\/uploads\/2020\/01\/20190921_1504161-768x576.jpg 768w, https:\/\/spasiauliai.lt\/wp-content\/uploads\/2020\/01\/20190921_1504161-600x450.jpg 600w\" sizes=\"auto, (max-width: 1280px) 100vw, 1280px\" \/>                                  <div class=\"overlay fill\"\n                      style=\"background-color: rgba(0,0,0,.15)\">\n                  <\/div>\n                                                              <\/div>\n              <div class=\"box-text text-left\" >\n                 <p><\/p>\n              <\/div>\n            <\/div>\n            <\/a>          <\/div>\n         <\/div><div class=\"gallery-col col\" >\n          <div class=\"col-inner\">\n            <a class=\"image-lightbox lightbox-gallery\" href=\"https:\/\/spasiauliai.lt\/wp-content\/uploads\/2020\/01\/20190921_1504081-1024x768.jpg\" title=\"\">            <div class=\"box has-hover gallery-box box-overlay dark\">\n              <div class=\"box-image image-cover\" style=\"padding-top:100%;\">\n                <img loading=\"lazy\" decoding=\"async\" width=\"1280\" height=\"960\" src=\"https:\/\/spasiauliai.lt\/wp-content\/uploads\/2020\/01\/20190921_1504081.jpg\" class=\"attachment-original size-original\" alt=\"\" ids=\"625,626,622,623,624\" col_spacing=\"xsmall\" columns=\"5\" columns__sm=\"1\" image_height=\"100%\" image_size=\"original\" srcset=\"https:\/\/spasiauliai.lt\/wp-content\/uploads\/2020\/01\/20190921_1504081.jpg 1280w, https:\/\/spasiauliai.lt\/wp-content\/uploads\/2020\/01\/20190921_1504081-300x225.jpg 300w, https:\/\/spasiauliai.lt\/wp-content\/uploads\/2020\/01\/20190921_1504081-1024x768.jpg 1024w, https:\/\/spasiauliai.lt\/wp-content\/uploads\/2020\/01\/20190921_1504081-768x576.jpg 768w, https:\/\/spasiauliai.lt\/wp-content\/uploads\/2020\/01\/20190921_1504081-600x450.jpg 600w\" sizes=\"auto, (max-width: 1280px) 100vw, 1280px\" \/>                                  <div class=\"overlay fill\"\n                      style=\"background-color: rgba(0,0,0,.15)\">\n                  <\/div>\n                                                              <\/div>\n              <div class=\"box-text text-left\" >\n                 <p><\/p>\n              <\/div>\n            <\/div>\n            <\/a>          <\/div>\n         <\/div><div class=\"gallery-col col\" >\n          <div class=\"col-inner\">\n            <a class=\"image-lightbox lightbox-gallery\" href=\"https:\/\/spasiauliai.lt\/wp-content\/uploads\/2020\/01\/71096971_2504885549603327_9003150749848305664_n-1-e1569068311233-1024x768.jpg\" title=\"\">            <div class=\"box has-hover gallery-box box-overlay dark\">\n              <div class=\"box-image image-cover\" style=\"padding-top:100%;\">\n                <img loading=\"lazy\" decoding=\"async\" width=\"1152\" height=\"864\" src=\"https:\/\/spasiauliai.lt\/wp-content\/uploads\/2020\/01\/71096971_2504885549603327_9003150749848305664_n-1-e1569068311233.jpg\" class=\"attachment-original size-original\" alt=\"\" ids=\"625,626,622,623,624\" col_spacing=\"xsmall\" columns=\"5\" columns__sm=\"1\" image_height=\"100%\" image_size=\"original\" srcset=\"https:\/\/spasiauliai.lt\/wp-content\/uploads\/2020\/01\/71096971_2504885549603327_9003150749848305664_n-1-e1569068311233.jpg 1152w, https:\/\/spasiauliai.lt\/wp-content\/uploads\/2020\/01\/71096971_2504885549603327_9003150749848305664_n-1-e1569068311233-300x225.jpg 300w, https:\/\/spasiauliai.lt\/wp-content\/uploads\/2020\/01\/71096971_2504885549603327_9003150749848305664_n-1-e1569068311233-1024x768.jpg 1024w, https:\/\/spasiauliai.lt\/wp-content\/uploads\/2020\/01\/71096971_2504885549603327_9003150749848305664_n-1-e1569068311233-768x576.jpg 768w, https:\/\/spasiauliai.lt\/wp-content\/uploads\/2020\/01\/71096971_2504885549603327_9003150749848305664_n-1-e1569068311233-600x450.jpg 600w\" sizes=\"auto, (max-width: 1152px) 100vw, 1152px\" \/>                                  <div class=\"overlay fill\"\n                      style=\"background-color: rgba(0,0,0,.15)\">\n                  <\/div>\n                                                              <\/div>\n              <div class=\"box-text text-left\" >\n                 <p><\/p>\n              <\/div>\n            <\/div>\n            <\/a>          <\/div>\n         <\/div><div class=\"gallery-col col\" >\n          <div class=\"col-inner\">\n            <a class=\"image-lightbox lightbox-gallery\" href=\"https:\/\/spasiauliai.lt\/wp-content\/uploads\/2020\/01\/20190921_1505101-1024x768.jpg\" title=\"\">            <div class=\"box has-hover gallery-box box-overlay dark\">\n              <div class=\"box-image image-cover\" style=\"padding-top:100%;\">\n                <img loading=\"lazy\" decoding=\"async\" width=\"1280\" height=\"960\" src=\"https:\/\/spasiauliai.lt\/wp-content\/uploads\/2020\/01\/20190921_1505101.jpg\" class=\"attachment-original size-original\" alt=\"\" ids=\"625,626,622,623,624\" col_spacing=\"xsmall\" columns=\"5\" columns__sm=\"1\" image_height=\"100%\" image_size=\"original\" srcset=\"https:\/\/spasiauliai.lt\/wp-content\/uploads\/2020\/01\/20190921_1505101.jpg 1280w, https:\/\/spasiauliai.lt\/wp-content\/uploads\/2020\/01\/20190921_1505101-300x225.jpg 300w, https:\/\/spasiauliai.lt\/wp-content\/uploads\/2020\/01\/20190921_1505101-1024x768.jpg 1024w, https:\/\/spasiauliai.lt\/wp-content\/uploads\/2020\/01\/20190921_1505101-768x576.jpg 768w, https:\/\/spasiauliai.lt\/wp-content\/uploads\/2020\/01\/20190921_1505101-600x450.jpg 600w\" sizes=\"auto, (max-width: 1280px) 100vw, 1280px\" \/>                                  <div class=\"overlay fill\"\n                      style=\"background-color: rgba(0,0,0,.15)\">\n                  <\/div>\n                                                              <\/div>\n              <div class=\"box-text text-left\" >\n                 <p><\/p>\n              <\/div>\n            <\/div>\n            <\/a>          <\/div>\n         <\/div><div class=\"gallery-col col\" >\n          <div class=\"col-inner\">\n            <a class=\"image-lightbox lightbox-gallery\" href=\"https:\/\/spasiauliai.lt\/wp-content\/uploads\/2020\/01\/20190921_1504571-1024x768.jpg\" title=\"\">            <div class=\"box has-hover gallery-box box-overlay dark\">\n              <div class=\"box-image image-cover\" style=\"padding-top:100%;\">\n                <img loading=\"lazy\" decoding=\"async\" width=\"1280\" height=\"960\" src=\"https:\/\/spasiauliai.lt\/wp-content\/uploads\/2020\/01\/20190921_1504571.jpg\" class=\"attachment-original size-original\" alt=\"\" ids=\"625,626,622,623,624\" col_spacing=\"xsmall\" columns=\"5\" columns__sm=\"1\" image_height=\"100%\" image_size=\"original\" srcset=\"https:\/\/spasiauliai.lt\/wp-content\/uploads\/2020\/01\/20190921_1504571.jpg 1280w, https:\/\/spasiauliai.lt\/wp-content\/uploads\/2020\/01\/20190921_1504571-300x225.jpg 300w, https:\/\/spasiauliai.lt\/wp-content\/uploads\/2020\/01\/20190921_1504571-1024x768.jpg 1024w, https:\/\/spasiauliai.lt\/wp-content\/uploads\/2020\/01\/20190921_1504571-768x576.jpg 768w, https:\/\/spasiauliai.lt\/wp-content\/uploads\/2020\/01\/20190921_1504571-600x450.jpg 600w\" sizes=\"auto, (max-width: 1280px) 100vw, 1280px\" \/>                                  <div class=\"overlay fill\"\n                      style=\"background-color: rgba(0,0,0,.15)\">\n                  <\/div>\n                                                              <\/div>\n              <div class=\"box-text text-left\" >\n                 <p><\/p>\n              <\/div>\n            <\/div>\n            <\/a>          <\/div>\n         <\/div><\/div>\n\n\n\t\t<\/div>\n\t\t\t\t\n<style>\n#col-633086794 > .col-inner {\n  margin: 0px 0px -25px 0px;\n}\n<\/style>\n\t<\/div>\n\n\t\n\n<\/div>\n<div class=\"is-divider divider clearfix\" style=\"margin-top:1.3em;margin-bottom:1.3em;max-width:100%;height:1px;background-color:rgb(46, 46, 46);\"><\/div>\n\n<div class=\"row\"  id=\"row-742533374\">\n\n\n\t<div id=\"col-813696116\" class=\"col medium-3 small-6 large-3\"  >\n\t\t\t\t<div class=\"col-inner\"  >\n\t\t\t\n\t\t\t\n\n\t<div class=\"box has-hover   has-hover box-text-bottom\" >\n\n\t\t<div class=\"box-image\" >\n\t\t\t\t\t\t<div class=\"\" >\n\t\t\t\t<img loading=\"lazy\" decoding=\"async\" width=\"400\" height=\"263\" src=\"https:\/\/spasiauliai.lt\/wp-content\/uploads\/2019\/08\/ranksluosciu-nuoma.jpg\" class=\"attachment-original size-original\" alt=\"\" srcset=\"https:\/\/spasiauliai.lt\/wp-content\/uploads\/2019\/08\/ranksluosciu-nuoma.jpg 400w, https:\/\/spasiauliai.lt\/wp-content\/uploads\/2019\/08\/ranksluosciu-nuoma-300x197.jpg 300w\" sizes=\"auto, (max-width: 400px) 100vw, 400px\" \/>\t\t\t\t\t\t\t\t\t\t\t<\/div>\n\t\t\t\t\t<\/div>\n\n\t\t<div class=\"box-text text-center\" >\n\t\t\t<div class=\"box-text-inner\">\n\t\t\t\t\n\n<h4>Rank\u0161luos\u010dio nuoma \u2013 1\u20ac<\/h4>\n\n\t\t\t<\/div>\n\t\t<\/div>\n\t<\/div>\n\t\n\n\t\t<\/div>\n\t\t\t\t\n<style>\n#col-813696116 > .col-inner {\n  margin: 0px 0px -28px 0px;\n}\n<\/style>\n\t<\/div>\n\n\t\n\n\t<div id=\"col-1993481018\" class=\"col medium-3 small-6 large-3\"  >\n\t\t\t\t<div class=\"col-inner\"  >\n\t\t\t\n\t\t\t\n\n\t<div class=\"box has-hover   has-hover box-text-bottom\" >\n\n\t\t<div class=\"box-image\" >\n\t\t\t\t\t\t<div class=\"\" >\n\t\t\t\t<img loading=\"lazy\" decoding=\"async\" width=\"400\" height=\"263\" src=\"https:\/\/spasiauliai.lt\/wp-content\/uploads\/2019\/08\/slepeciu-nuoma.jpg\" class=\"attachment-original size-original\" alt=\"\" srcset=\"https:\/\/spasiauliai.lt\/wp-content\/uploads\/2019\/08\/slepeciu-nuoma.jpg 400w, https:\/\/spasiauliai.lt\/wp-content\/uploads\/2019\/08\/slepeciu-nuoma-300x197.jpg 300w\" sizes=\"auto, (max-width: 400px) 100vw, 400px\" \/>\t\t\t\t\t\t\t\t\t\t\t<\/div>\n\t\t\t\t\t<\/div>\n\n\t\t<div class=\"box-text text-center\" >\n\t\t\t<div class=\"box-text-inner\">\n\t\t\t\t\n\n<h4>\u0160lepe\u010di\u0173 nuoma \u2013 1\u20ac<\/h4>\n\n\t\t\t<\/div>\n\t\t<\/div>\n\t<\/div>\n\t\n\n\t\t<\/div>\n\t\t\t\t\n<style>\n#col-1993481018 > .col-inner {\n  margin: 0px 0px -28px 0px;\n}\n<\/style>\n\t<\/div>\n\n\t\n\n\t<div id=\"col-669545797\" class=\"col medium-3 small-6 large-3\"  >\n\t\t\t\t<div class=\"col-inner\"  >\n\t\t\t\n\t\t\t\n\n\t<div class=\"box has-hover   has-hover box-text-bottom\" >\n\n\t\t<div class=\"box-image\" >\n\t\t\t\t\t\t<div class=\"\" >\n\t\t\t\t<img loading=\"lazy\" decoding=\"async\" width=\"400\" height=\"263\" src=\"https:\/\/spasiauliai.lt\/wp-content\/uploads\/2019\/08\/chalatu-nuoma.jpg\" class=\"attachment-original size-original\" alt=\"\" srcset=\"https:\/\/spasiauliai.lt\/wp-content\/uploads\/2019\/08\/chalatu-nuoma.jpg 400w, https:\/\/spasiauliai.lt\/wp-content\/uploads\/2019\/08\/chalatu-nuoma-300x197.jpg 300w\" sizes=\"auto, (max-width: 400px) 100vw, 400px\" \/>\t\t\t\t\t\t\t\t\t\t\t<\/div>\n\t\t\t\t\t<\/div>\n\n\t\t<div class=\"box-text text-center\" >\n\t\t\t<div class=\"box-text-inner\">\n\t\t\t\t\n\n<h4>Chalat\u0173 nuoma \u2013 3\u20ac<\/h4>\n\n\t\t\t<\/div>\n\t\t<\/div>\n\t<\/div>\n\t\n\n\t\t<\/div>\n\t\t\t\t\n<style>\n#col-669545797 > .col-inner {\n  margin: 0px 0px -28px 0px;\n}\n<\/style>\n\t<\/div>\n\n\t\n\n\t<div id=\"col-328330774\" class=\"col medium-3 small-6 large-3\"  >\n\t\t\t\t<div class=\"col-inner\"  >\n\t\t\t\n\t\t\t\n\n\t<div class=\"box has-hover   has-hover box-text-bottom\" >\n\n\t\t<div class=\"box-image\" >\n\t\t\t\t\t\t<div class=\"\" >\n\t\t\t\t<img loading=\"lazy\" decoding=\"async\" width=\"400\" height=\"263\" src=\"https:\/\/spasiauliai.lt\/wp-content\/uploads\/2019\/08\/paklodziu-nuoma.jpg\" class=\"attachment-original size-original\" alt=\"pirtis \u0161iauliuose\" srcset=\"https:\/\/spasiauliai.lt\/wp-content\/uploads\/2019\/08\/paklodziu-nuoma.jpg 400w, https:\/\/spasiauliai.lt\/wp-content\/uploads\/2019\/08\/paklodziu-nuoma-300x197.jpg 300w\" sizes=\"auto, (max-width: 400px) 100vw, 400px\" \/>\t\t\t\t\t\t\t\t\t\t\t<\/div>\n\t\t\t\t\t<\/div>\n\n\t\t<div class=\"box-text text-center\" >\n\t\t\t<div class=\"box-text-inner\">\n\t\t\t\t\n\n<h4>Paklod\u017ei\u0173 nuoma \u2013 2\u20ac<\/h4>\n\n\t\t\t<\/div>\n\t\t<\/div>\n\t<\/div>\n\t\n\n\t\t<\/div>\n\t\t\t\t\n<style>\n#col-328330774 > .col-inner {\n  margin: 0px 0px -28px 0px;\n}\n<\/style>\n\t<\/div>\n\n\t\n\n\t<div id=\"col-683855357\" class=\"col small-12 large-12\"  >\n\t\t\t\t<div class=\"col-inner\"  >\n\t\t\t\n\t\t\t\n\n<p style=\"text-align: center;\">Esant poreikiui teikiame \u0161i\u0173 produkt\u0173 nuom\u0105 ir pardavim\u0105. Nor\u0117dami sutaupyti pasir\u016bpinkite \u0161iais dalykais prie\u0161 atvykdami pas mus.<\/p>\n<p style=\"text-align: center;\">Tur\u0117dami klausim\u0173 dr\u0105siai kreipkit\u0117s <a href=\"https:\/\/www.facebook.com\/spasiauliai\/\">facebook<\/a>. Pirtis \u0160iauliuose.<\/p>\n\n\t\t<\/div>\n\t\t\t\t\n<style>\n#col-683855357 > .col-inner {\n  margin: 0px 0px -12px 0px;\n}\n<\/style>\n\t<\/div>\n\n\t\n\n<\/div>","protected":false},"excerpt":{"rendered":"","protected":false},"author":1,"featured_media":0,"parent":0,"menu_order":0,"comment_status":"closed","ping_status":"closed","template":"page-blank.php","meta":{"footnotes":""},"class_list":["post-56","page","type-page","status-publish","hentry"],"_links":{"self":[{"href":"https:\/\/spasiauliai.lt\/index.php?rest_route=\/wp\/v2\/pages\/56","targetHints":{"allow":["GET"]}}],"collection":[{"href":"https:\/\/spasiauliai.lt\/index.php?rest_route=\/wp\/v2\/pages"}],"about":[{"href":"https:\/\/spasiauliai.lt\/index.php?rest_route=\/wp\/v2\/types\/page"}],"author":[{"embeddable":true,"href":"https:\/\/spasiauliai.lt\/index.php?rest_route=\/wp\/v2\/users\/1"}],"replies":[{"embeddable":true,"href":"https:\/\/spasiauliai.lt\/index.php?rest_route=%2Fwp%2Fv2%2Fcomments&post=56"}],"version-history":[{"count":85,"href":"https:\/\/spasiauliai.lt\/index.php?rest_route=\/wp\/v2\/pages\/56\/revisions"}],"predecessor-version":[{"id":1067,"href":"https:\/\/spasiauliai.lt\/index.php?rest_route=\/wp\/v2\/pages\/56\/revisions\/1067"}],"wp:attachment":[{"href":"https:\/\/spasiauliai.lt\/index.php?rest_route=%2Fwp%2Fv2%2Fmedia&parent=56"}],"curies":[{"name":"wp","href":"https:\/\/api.w.org\/{rel}","templated":true}]}}