{"id":365,"date":"2019-08-11T12:18:37","date_gmt":"2019-08-11T09:18:37","guid":{"rendered":"https:\/\/spasiauliai.lt\/?page_id=365"},"modified":"2024-02-05T17:34:01","modified_gmt":"2024-02-05T15:34:01","slug":"masazai","status":"publish","type":"page","link":"https:\/\/spasiauliai.lt\/?page_id=365","title":{"rendered":"Masa\u017eai"},"content":{"rendered":"<div class=\"container section-title-container\" ><h1 class=\"section-title section-title-normal\"><b><\/b><span class=\"section-title-main\" >Masa\u017eai<\/span><b><\/b><\/h1><\/div>\n\n<div class=\"row row-small\" style=\"max-width:1090px\" id=\"row-1410167307\">\n\n\n\t<div id=\"col-1014111746\" class=\"col medium-3 small-12 large-3\"  >\n\t\t\t\t<div class=\"col-inner\"  >\n\t\t\t\n\t\t\t\n\n\n  <div class=\"banner has-hover bg-zoom\" id=\"banner-44616557\">\n          <div class=\"banner-inner fill\">\n        <div class=\"banner-bg fill\" >\n            <img loading=\"lazy\" decoding=\"async\" width=\"300\" height=\"240\" src=\"https:\/\/spasiauliai.lt\/wp-content\/uploads\/2019\/08\/vanduo.jpg\" class=\"bg attachment-original size-original\" alt=\"\" \/>                        <div class=\"overlay\"><\/div>            \n                    <\/div>\n\t\t\n        <div class=\"banner-layers container\">\n            <a class=\"fill\" href=\"https:\/\/spasiauliai.lt\/vandens-stichija\/\" ><div class=\"fill banner-link\"><\/div><\/a>            \n\n   <div id=\"text-box-1470412749\" class=\"text-box banner-layer x50 md-x50 lg-x50 y50 md-y50 lg-y50 res-text\">\n                                <div class=\"text-box-content text dark\">\n              \n              <div class=\"text-inner text-center\">\n                  \n\n<h1 class=\"uppercase\"><strong>VANDENS STICHIJA<\/strong><\/h1>\n<a href=\"https:\/\/spasiauliai.lt\/?page_id=939\" class=\"button white is-outline is-xlarge\"  >\n\t\t<span>Pla\u010diau<\/span>\n\t<i class=\"icon-angle-right\" aria-hidden=\"true\" ><\/i><\/a>\n\n\n\n              <\/div>\n           <\/div>\n                            \n<style>\n#text-box-1470412749 {\n  width: 100%;\n}\n#text-box-1470412749 .text-box-content {\n  font-size: 93%;\n}\n@media (min-width:550px) {\n  #text-box-1470412749 {\n    width: 93%;\n  }\n  #text-box-1470412749 .text-box-content {\n    font-size: 100%;\n  }\n}\n<\/style>\n    <\/div>\n \n\n        <\/div>\n      <\/div>\n\n            \n<style>\n#banner-44616557 {\n  padding-top: 200px;\n  background-color: rgb(255, 255, 255);\n}\n#banner-44616557 .overlay {\n  background-color: rgba(0, 0, 0, 0.44);\n}\n@media (min-width:550px) {\n  #banner-44616557 {\n    padding-top: 380px;\n  }\n}\n<\/style>\n  <\/div>\n\n\n\n\t\t<\/div>\n\t\t\t\t\t<\/div>\n\n\t\n\n\t<div id=\"col-142886941\" class=\"col medium-3 small-12 large-3\"  >\n\t\t\t\t<div class=\"col-inner\"  >\n\t\t\t\n\t\t\t\n\n\n  <div class=\"banner has-hover bg-zoom\" id=\"banner-2028852408\">\n          <div class=\"banner-inner fill\">\n        <div class=\"banner-bg fill\" >\n            <img loading=\"lazy\" decoding=\"async\" width=\"300\" height=\"240\" src=\"https:\/\/spasiauliai.lt\/wp-content\/uploads\/2019\/08\/zeme.jpg\" class=\"bg attachment-original size-original\" alt=\"\" \/>                        <div class=\"overlay\"><\/div>            \n                    <\/div>\n\t\t\n        <div class=\"banner-layers container\">\n            <a class=\"fill\" href=\"https:\/\/spasiauliai.lt\/zemes-stichija\/\" ><div class=\"fill banner-link\"><\/div><\/a>            \n\n   <div id=\"text-box-722127792\" class=\"text-box banner-layer x50 md-x50 lg-x50 y50 md-y50 lg-y50 res-text\">\n                                <div class=\"text-box-content text dark\">\n              \n              <div class=\"text-inner text-center\">\n                  \n\n<h1 class=\"uppercase\"><strong>\u017dEM\u0116S STICHIJA<\/strong><\/h1>\n<a href=\"https:\/\/spasiauliai.lt\/?page_id=948\" class=\"button white is-outline is-xlarge\"  >\n\t\t<span>Pla\u010diau<\/span>\n\t<i class=\"icon-angle-right\" aria-hidden=\"true\" ><\/i><\/a>\n\n\n\n              <\/div>\n           <\/div>\n                            \n<style>\n#text-box-722127792 {\n  width: 96%;\n}\n#text-box-722127792 .text-box-content {\n  font-size: 100%;\n}\n<\/style>\n    <\/div>\n \n\n        <\/div>\n      <\/div>\n\n            \n<style>\n#banner-2028852408 {\n  padding-top: 200px;\n  background-color: rgb(255, 255, 255);\n}\n#banner-2028852408 .overlay {\n  background-color: rgba(0, 0, 0, 0.44);\n}\n@media (min-width:550px) {\n  #banner-2028852408 {\n    padding-top: 380px;\n  }\n}\n<\/style>\n  <\/div>\n\n\n\n\t\t<\/div>\n\t\t\t\t\t<\/div>\n\n\t\n\n\t<div id=\"col-469230718\" class=\"col medium-3 small-12 large-3\"  >\n\t\t\t\t<div class=\"col-inner\"  >\n\t\t\t\n\t\t\t\n\n\n  <div class=\"banner has-hover bg-zoom\" id=\"banner-609241753\">\n          <div class=\"banner-inner fill\">\n        <div class=\"banner-bg fill\" >\n            <img loading=\"lazy\" decoding=\"async\" width=\"300\" height=\"240\" src=\"https:\/\/spasiauliai.lt\/wp-content\/uploads\/2019\/08\/ugnis.jpg\" class=\"bg attachment-original size-original\" alt=\"\" \/>                        <div class=\"overlay\"><\/div>            \n                    <\/div>\n\t\t\n        <div class=\"banner-layers container\">\n            <a class=\"fill\" href=\"https:\/\/spasiauliai.lt\/ugnies-stichija\/\" ><div class=\"fill banner-link\"><\/div><\/a>            \n\n   <div id=\"text-box-47123622\" class=\"text-box banner-layer x50 md-x50 lg-x50 y50 md-y50 lg-y50 res-text\">\n                                <div class=\"text-box-content text dark\">\n              \n              <div class=\"text-inner text-center\">\n                  \n\n<h1 class=\"uppercase\"><strong>UGNIES STICHIJA<\/strong><\/h1>\n<a href=\"https:\/\/spasiauliai.lt\/?page_id=1000\" class=\"button white is-outline is-xlarge\"  >\n\t\t<span>Pla\u010diau<\/span>\n\t<i class=\"icon-angle-right\" aria-hidden=\"true\" ><\/i><\/a>\n\n\n\n              <\/div>\n           <\/div>\n                            \n<style>\n#text-box-47123622 {\n  width: 80%;\n}\n#text-box-47123622 .text-box-content {\n  font-size: 100%;\n}\n<\/style>\n    <\/div>\n \n\n        <\/div>\n      <\/div>\n\n            \n<style>\n#banner-609241753 {\n  padding-top: 200px;\n  background-color: rgb(255, 255, 255);\n}\n#banner-609241753 .overlay {\n  background-color: rgba(0, 0, 0, 0.44);\n}\n@media (min-width:550px) {\n  #banner-609241753 {\n    padding-top: 380px;\n  }\n}\n<\/style>\n  <\/div>\n\n\n\n\t\t<\/div>\n\t\t\t\t\t<\/div>\n\n\t\n\n\t<div id=\"col-428293762\" class=\"col medium-3 small-12 large-3\"  >\n\t\t\t\t<div class=\"col-inner\"  >\n\t\t\t\n\t\t\t\n\n\n  <div class=\"banner has-hover bg-zoom\" id=\"banner-45362090\">\n          <div class=\"banner-inner fill\">\n        <div class=\"banner-bg fill\" >\n            <img loading=\"lazy\" decoding=\"async\" width=\"300\" height=\"240\" src=\"https:\/\/spasiauliai.lt\/wp-content\/uploads\/2019\/08\/oras.jpg\" class=\"bg attachment-original size-original\" alt=\"\" \/>                        <div class=\"overlay\"><\/div>            \n                    <\/div>\n\t\t\n        <div class=\"banner-layers container\">\n            <a class=\"fill\" href=\"https:\/\/spasiauliai.lt\/oro-stichija\/\" ><div class=\"fill banner-link\"><\/div><\/a>            \n\n   <div id=\"text-box-470433589\" class=\"text-box banner-layer x50 md-x50 lg-x50 y50 md-y50 lg-y50 res-text\">\n                                <div class=\"text-box-content text dark\">\n              \n              <div class=\"text-inner text-center\">\n                  \n\n<h1 class=\"uppercase\"><strong>SAUL\u0116S KAMBARYS<\/strong><\/h1>\n<a href=\"https:\/\/spasiauliai.lt\/?page_id=1013\" class=\"button white is-outline is-xlarge\"  >\n\t\t<span>Pla\u010diau<\/span>\n\t<i class=\"icon-angle-right\" aria-hidden=\"true\" ><\/i><\/a>\n\n\n\n              <\/div>\n           <\/div>\n                            \n<style>\n#text-box-470433589 {\n  width: 76%;\n}\n#text-box-470433589 .text-box-content {\n  font-size: 100%;\n}\n<\/style>\n    <\/div>\n \n\n        <\/div>\n      <\/div>\n\n            \n<style>\n#banner-45362090 {\n  padding-top: 200px;\n  background-color: rgb(255, 255, 255);\n}\n#banner-45362090 .overlay {\n  background-color: rgba(0, 0, 0, 0.44);\n}\n#banner-45362090 .banner-bg img {\n  object-position: 0%;\n}\n@media (min-width:550px) {\n  #banner-45362090 {\n    padding-top: 380px;\n  }\n}\n<\/style>\n  <\/div>\n\n\n\n\t\t<\/div>\n\t\t\t\t\t<\/div>\n\n\t\n\n\t<div id=\"col-94346450\" class=\"col small-12 large-12\"  >\n\t\t\t\t<div class=\"col-inner\"  >\n\t\t\t\n\t\t\t\n\n<p>Pirm\u0105 kart\u0105 Baltijos \u0161alyse pristatome keturi\u0173 stichij\u0173 masa\u017eo kabinetus, su atskirais savo stichijai priskiriamais masa\u017eais.<\/p>\n<ul>\n<li><strong>Vandens<\/strong> stichijoje bus atliekamos vandens proced\u016bros, povandeninis masa\u017eas.<\/li>\n<li><strong>\u017dem\u0117s<\/strong> stichijoje \u2013 skirting\u0173 k\u016bno dali\u0173, klasikiniai masa\u017eai, aromaterapiniai masa\u017eai. <\/li>\n<li><strong>Ugnies<\/strong> stichijoje &#8211; proced\u016bros atliekamos tik termin\u0117je (pirties, iki 50 \u00b0C ) zonoje, ant \u012f\u0161ilusio k\u016bno atliekami masa\u017eai, pilingai.<\/li>\n<li><strong>Oro<\/strong> stichijos kabinete sutiksite vibroakustinius masa\u017eus.<\/li>\n<\/ul>\n\n\t\t<\/div>\n\t\t\t\t\n<style>\n#col-94346450 > .col-inner {\n  margin: 0px 0px -25px 0px;\n}\n<\/style>\n\t<\/div>\n\n\t\n\n<\/div>\n\n\n\n\n\n<div class=\"is-divider divider clearfix\" style=\"margin-top:1.3em;margin-bottom:1.3em;max-width:100%;height:1px;background-color:rgb(46, 46, 46);\"><\/div>\n\n<div class=\"row\"  id=\"row-1808719318\">\n\n\n\t<div id=\"col-1385846502\" class=\"col medium-3 small-6 large-3\"  >\n\t\t\t\t<div class=\"col-inner\"  >\n\t\t\t\n\t\t\t\n\n\t<div class=\"box has-hover   has-hover box-text-bottom\" >\n\n\t\t<div class=\"box-image\" >\n\t\t\t\t\t\t<div class=\"\" >\n\t\t\t\t<img loading=\"lazy\" decoding=\"async\" width=\"400\" height=\"263\" src=\"https:\/\/spasiauliai.lt\/wp-content\/uploads\/2019\/08\/ranksluosciu-nuoma.jpg\" class=\"attachment-original size-original\" alt=\"\" srcset=\"https:\/\/spasiauliai.lt\/wp-content\/uploads\/2019\/08\/ranksluosciu-nuoma.jpg 400w, https:\/\/spasiauliai.lt\/wp-content\/uploads\/2019\/08\/ranksluosciu-nuoma-300x197.jpg 300w\" sizes=\"auto, (max-width: 400px) 100vw, 400px\" \/>\t\t\t\t\t\t\t\t\t\t\t<\/div>\n\t\t\t\t\t<\/div>\n\n\t\t<div class=\"box-text text-center\" >\n\t\t\t<div class=\"box-text-inner\">\n\t\t\t\t\n\n<h4>Rank\u0161luos\u010dio nuoma \u2013 1\u20ac<\/h4>\n\n\t\t\t<\/div>\n\t\t<\/div>\n\t<\/div>\n\t\n\n\t\t<\/div>\n\t\t\t\t\n<style>\n#col-1385846502 > .col-inner {\n  margin: 0px 0px -28px 0px;\n}\n<\/style>\n\t<\/div>\n\n\t\n\n\t<div id=\"col-858749917\" class=\"col medium-3 small-6 large-3\"  >\n\t\t\t\t<div class=\"col-inner\"  >\n\t\t\t\n\t\t\t\n\n\t<div class=\"box has-hover   has-hover box-text-bottom\" >\n\n\t\t<div class=\"box-image\" >\n\t\t\t\t\t\t<div class=\"\" >\n\t\t\t\t<img loading=\"lazy\" decoding=\"async\" width=\"400\" height=\"263\" src=\"https:\/\/spasiauliai.lt\/wp-content\/uploads\/2019\/08\/slepeciu-nuoma.jpg\" class=\"attachment-original size-original\" alt=\"\" srcset=\"https:\/\/spasiauliai.lt\/wp-content\/uploads\/2019\/08\/slepeciu-nuoma.jpg 400w, https:\/\/spasiauliai.lt\/wp-content\/uploads\/2019\/08\/slepeciu-nuoma-300x197.jpg 300w\" sizes=\"auto, (max-width: 400px) 100vw, 400px\" \/>\t\t\t\t\t\t\t\t\t\t\t<\/div>\n\t\t\t\t\t<\/div>\n\n\t\t<div class=\"box-text text-center\" >\n\t\t\t<div class=\"box-text-inner\">\n\t\t\t\t\n\n<h4>\u0160lepe\u010di\u0173 nuoma \u2013 1\u20ac<\/h4>\n\n\t\t\t<\/div>\n\t\t<\/div>\n\t<\/div>\n\t\n\n\t\t<\/div>\n\t\t\t\t\n<style>\n#col-858749917 > .col-inner {\n  margin: 0px 0px -28px 0px;\n}\n<\/style>\n\t<\/div>\n\n\t\n\n\t<div id=\"col-876967341\" class=\"col medium-3 small-6 large-3\"  >\n\t\t\t\t<div class=\"col-inner\"  >\n\t\t\t\n\t\t\t\n\n\t<div class=\"box has-hover   has-hover box-text-bottom\" >\n\n\t\t<div class=\"box-image\" >\n\t\t\t\t\t\t<div class=\"\" >\n\t\t\t\t<img loading=\"lazy\" decoding=\"async\" width=\"400\" height=\"263\" src=\"https:\/\/spasiauliai.lt\/wp-content\/uploads\/2019\/08\/chalatu-nuoma.jpg\" class=\"attachment-original size-original\" alt=\"\" srcset=\"https:\/\/spasiauliai.lt\/wp-content\/uploads\/2019\/08\/chalatu-nuoma.jpg 400w, https:\/\/spasiauliai.lt\/wp-content\/uploads\/2019\/08\/chalatu-nuoma-300x197.jpg 300w\" sizes=\"auto, (max-width: 400px) 100vw, 400px\" \/>\t\t\t\t\t\t\t\t\t\t\t<\/div>\n\t\t\t\t\t<\/div>\n\n\t\t<div class=\"box-text text-center\" >\n\t\t\t<div class=\"box-text-inner\">\n\t\t\t\t\n\n<h4>Chalat\u0173 nuoma \u2013 3\u20ac<\/h4>\n\n\t\t\t<\/div>\n\t\t<\/div>\n\t<\/div>\n\t\n\n\t\t<\/div>\n\t\t\t\t\n<style>\n#col-876967341 > .col-inner {\n  margin: 0px 0px -28px 0px;\n}\n<\/style>\n\t<\/div>\n\n\t\n\n\t<div id=\"col-1565611369\" class=\"col medium-3 small-6 large-3\"  >\n\t\t\t\t<div class=\"col-inner\"  >\n\t\t\t\n\t\t\t\n\n\t<div class=\"box has-hover   has-hover box-text-bottom\" >\n\n\t\t<div class=\"box-image\" >\n\t\t\t\t\t\t<div class=\"\" >\n\t\t\t\t<img loading=\"lazy\" decoding=\"async\" width=\"400\" height=\"263\" src=\"https:\/\/spasiauliai.lt\/wp-content\/uploads\/2019\/08\/paklodziu-nuoma.jpg\" class=\"attachment-original size-original\" alt=\"pirtis \u0161iauliuose\" srcset=\"https:\/\/spasiauliai.lt\/wp-content\/uploads\/2019\/08\/paklodziu-nuoma.jpg 400w, https:\/\/spasiauliai.lt\/wp-content\/uploads\/2019\/08\/paklodziu-nuoma-300x197.jpg 300w\" sizes=\"auto, (max-width: 400px) 100vw, 400px\" \/>\t\t\t\t\t\t\t\t\t\t\t<\/div>\n\t\t\t\t\t<\/div>\n\n\t\t<div class=\"box-text text-center\" >\n\t\t\t<div class=\"box-text-inner\">\n\t\t\t\t\n\n<h4>Paklod\u017ei\u0173 nuoma \u2013 2\u20ac<\/h4>\n\n\t\t\t<\/div>\n\t\t<\/div>\n\t<\/div>\n\t\n\n\t\t<\/div>\n\t\t\t\t\n<style>\n#col-1565611369 > .col-inner {\n  margin: 0px 0px -28px 0px;\n}\n<\/style>\n\t<\/div>\n\n\t\n\n\t<div id=\"col-2030351844\" class=\"col small-12 large-12\"  >\n\t\t\t\t<div class=\"col-inner\"  >\n\t\t\t\n\t\t\t\n\n<p style=\"text-align: center;\">Esant poreikiui teikiame \u0161i\u0173 produkt\u0173 nuom\u0105 ir pardavim\u0105. Nor\u0117dami sutaupyti pasir\u016bpinkite \u0161iais dalykais prie\u0161 atvykdami pas mus.<\/p>\n\n\t\t<\/div>\n\t\t\t\t\n<style>\n#col-2030351844 > .col-inner {\n  margin: 0px 0px -74px 0px;\n}\n<\/style>\n\t<\/div>\n\n\t\n\n<\/div>","protected":false},"excerpt":{"rendered":"","protected":false},"author":1,"featured_media":0,"parent":0,"menu_order":0,"comment_status":"closed","ping_status":"closed","template":"","meta":{"footnotes":""},"class_list":["post-365","page","type-page","status-publish","hentry"],"_links":{"self":[{"href":"https:\/\/spasiauliai.lt\/index.php?rest_route=\/wp\/v2\/pages\/365","targetHints":{"allow":["GET"]}}],"collection":[{"href":"https:\/\/spasiauliai.lt\/index.php?rest_route=\/wp\/v2\/pages"}],"about":[{"href":"https:\/\/spasiauliai.lt\/index.php?rest_route=\/wp\/v2\/types\/page"}],"author":[{"embeddable":true,"href":"https:\/\/spasiauliai.lt\/index.php?rest_route=\/wp\/v2\/users\/1"}],"replies":[{"embeddable":true,"href":"https:\/\/spasiauliai.lt\/index.php?rest_route=%2Fwp%2Fv2%2Fcomments&post=365"}],"version-history":[{"count":60,"href":"https:\/\/spasiauliai.lt\/index.php?rest_route=\/wp\/v2\/pages\/365\/revisions"}],"predecessor-version":[{"id":1228,"href":"https:\/\/spasiauliai.lt\/index.php?rest_route=\/wp\/v2\/pages\/365\/revisions\/1228"}],"wp:attachment":[{"href":"https:\/\/spasiauliai.lt\/index.php?rest_route=%2Fwp%2Fv2%2Fmedia&parent=365"}],"curies":[{"name":"wp","href":"https:\/\/api.w.org\/{rel}","templated":true}]}}