{"id":343,"date":"2019-08-11T11:19:12","date_gmt":"2019-08-11T08:19:12","guid":{"rendered":"https:\/\/spasiauliai.lt\/?page_id=343"},"modified":"2024-02-05T17:36:23","modified_gmt":"2024-02-05T15:36:23","slug":"aparatines-proceduros","status":"publish","type":"page","link":"https:\/\/spasiauliai.lt\/?page_id=343","title":{"rendered":"Aparatin\u0117s proced\u016bros"},"content":{"rendered":"<div class=\"container section-title-container\" ><h1 class=\"section-title section-title-normal\"><b><\/b><span class=\"section-title-main\" >Aparatin\u0117s proced\u016bros<\/span><b><\/b><\/h1><\/div>\n\n<div class=\"row align-middle\"  id=\"row-2128234040\">\n\n\n\t<div id=\"col-1414802281\" class=\"col medium-8 small-12 large-8\"  >\n\t\t\t\t<div class=\"col-inner\"  >\n\t\t\t\n\t\t\t\n\n<h3><strong>SPA JET kapsul\u0117s programa<\/strong><\/h3>\n<p>Tai i\u0161tisa sveikatos subalansavimo sistema. 26 vandens srov\u0117s vienu metu masa\u017euoja visus \u017emogaus gyvybinius ta\u0161kus. Taip oda patiria stipr\u0173 masa\u017eo poveik\u012f. Masa\u017eas atpalaiduoja raumenis, u\u017ekerta kelia celiulitui. \u0160ilto, \u0161alto vandens \u010diurk\u0161l\u0117s gerina kraujotak\u0105, ma\u017eina nervin\u0119 \u012ftamp\u0105, gerina vidaus organ\u0173 veikl\u0105, stabdo sen\u0117jim\u0105, didina darbingum\u0105. Vonia praturtinama dumbliais, negyvos j\u016bros mineralais, druskomis.<\/p>\n<p><strong>Atliekamos programos: 1)svorio ma\u017einimas; 2)odos jauninimas; 3)celiulito programa; 4)toksin\u0173 \u0161alinimas; 5)miego meditacija; 6)garo, r\u016bko terapija; 7)aromaterapija &#8211; \u201eVichy&#8221; du\u0161as, 8)infraraudon\u0173j\u0173 spinduli\u0173 \u0161iluma; 9)vibruojanti masa\u017eo lova.<\/strong><\/p>\n\n\t\t<\/div>\n\t\t\t\t\n<style>\n#col-1414802281 > .col-inner {\n  margin: 0px 0px -29px 0px;\n}\n<\/style>\n\t<\/div>\n\n\t\n\n\t<div id=\"col-1073708512\" class=\"col medium-4 small-12 large-4\"  >\n\t\t\t\t<div class=\"col-inner\"  >\n\t\t\t\n\t\t\t\n\n<p><img loading=\"lazy\" decoding=\"async\" class=\"size-full wp-image-314 aligncenter\" src=\"https:\/\/spasiauliai.lt\/wp-content\/uploads\/2019\/08\/spa-jet-kapsule-siauliuose.jpg\" alt=\"\" width=\"707\" height=\"623\" srcset=\"https:\/\/spasiauliai.lt\/wp-content\/uploads\/2019\/08\/spa-jet-kapsule-siauliuose.jpg 707w, https:\/\/spasiauliai.lt\/wp-content\/uploads\/2019\/08\/spa-jet-kapsule-siauliuose-300x264.jpg 300w, https:\/\/spasiauliai.lt\/wp-content\/uploads\/2019\/08\/spa-jet-kapsule-siauliuose-600x529.jpg 600w\" sizes=\"auto, (max-width: 707px) 100vw, 707px\" \/><\/p>\n\n\t\t<\/div>\n\t\t\t\t\n<style>\n#col-1073708512 > .col-inner {\n  margin: 0px 0px -40px 0px;\n}\n<\/style>\n\t<\/div>\n\n\t\n\n\t<div id=\"col-1375567116\" class=\"col small-12 large-12\"  >\n\t\t\t\t<div class=\"col-inner\"  >\n\t\t\t\n\t\t\t\n\n<h3 style=\"text-align: center;\"><strong>30 min. &nbsp; Kaina: 25,00 \u20ac<\/strong><\/h3>\n\n\t\t<\/div>\n\t\t\t\t\n<style>\n#col-1375567116 > .col-inner {\n  margin: 0px 0px -42px 0px;\n}\n<\/style>\n\t<\/div>\n\n\t\n\n<\/div>\n<div class=\"is-divider divider clearfix\" style=\"margin-top:1.3em;margin-bottom:1.3em;max-width:100%;height:1px;background-color:rgb(46, 46, 46);\"><\/div>\n\n<div class=\"row align-middle\"  id=\"row-1030679883\">\n\n\n\t<div id=\"col-1499821391\" class=\"col medium-8 small-12 large-8\"  >\n\t\t\t\t<div class=\"col-inner\"  >\n\t\t\t\n\t\t\t\n\n\n\t\t<\/div>\n\t\t\t\t\n<style>\n#col-1499821391 > .col-inner {\n  margin: 0px 0px -29px 0px;\n}\n<\/style>\n\t<\/div>\n\n\t\n\n\t<div id=\"col-2124330334\" class=\"col medium-4 small-12 large-4\"  >\n\t\t\t\t<div class=\"col-inner\"  >\n\t\t\t\n\t\t\t\n\n\n\t\t<\/div>\n\t\t\t\t\n<style>\n#col-2124330334 > .col-inner {\n  margin: 0px 0px -40px 0px;\n}\n<\/style>\n\t<\/div>\n\n\t\n\n\t<div id=\"col-1425899824\" class=\"col small-12 large-12\"  >\n\t\t\t\t<div class=\"col-inner\"  >\n\t\t\t\n\t\t\t\n\n\n\t\t<\/div>\n\t\t\t\t\n<style>\n#col-1425899824 > .col-inner {\n  margin: 0px 0px -42px 0px;\n}\n<\/style>\n\t<\/div>\n\n\t\n\n<\/div>\n<div class=\"is-divider divider clearfix\" style=\"margin-top:1.3em;margin-bottom:1.3em;max-width:100%;height:1px;background-color:rgb(46, 46, 46);\"><\/div>\n\n<div class=\"row align-middle\"  id=\"row-624114083\">\n\n\n\t<div id=\"col-1818508433\" class=\"col medium-8 small-12 large-8\"  >\n\t\t\t\t<div class=\"col-inner\"  >\n\t\t\t\n\t\t\t\n\n<h3><strong>Parafino vonel\u0117 (pla\u0161takoms arba p\u0117doms)<\/strong><\/h3>\n<p>Parafinas turi daugyb\u0119 nauding\u0173 savybi\u0173 \u2013 tiek kosmetini\u0173, tiek ir terapini\u0173. Parafinas kosmetikoje da\u017eniausiai naudojamas rank\u0173 ir p\u0117d\u0173 prie\u017ei\u016brai. Va\u0161kas yra nat\u016brali mink\u0161tinamoji med\u017eiaga, kuri padeda praturtinti ir su\u0161velninti od\u0105. Kai parafinas yra dedamas ant odos, jis ne tik dr\u0117kina, bet palaiko nuolatin\u012f odos dr\u0117gm\u0117s lyg\u012f dar kur\u012f laik\u0105 po proced\u016bros. Taip pat parafinas padeda atverti poras ir pa\u0161alinti negyvas odos l\u0105steles. D\u0117l to po parafino vonel\u0117s oda dar ilg\u0105 laik\u0105 atrodo gaivesn\u0117 ir \u0161velnesn\u0117.<\/p>\n<p>Taip pat parafinas gali b\u016bti efektyviai naudojamas skausmo ma\u017einimui, ypa\u010d \u017emon\u0117ms, ken\u010diantiems nuo artrito, fibromialgijos bei kit\u0173 s\u0105nari\u0173 judrumo problem\u0173.<\/p>\n<p>Parafinas veikia kaip \u0161ilumos terapija ir gali pad\u0117ti pagerinti kraujo cirkuliacij\u0105, atpalaiduoti raumenis bei suma\u017einti s\u0105nari\u0173 sustingim\u0105. Parafino vonel\u0117s suma\u017eina raumen\u0173 spazmus bei u\u017edegim\u0105, taip pat jomis galima gydyti ir patempimus.<\/p>\n\n\t\t<\/div>\n\t\t\t\t\n<style>\n#col-1818508433 > .col-inner {\n  margin: 0px 0px -29px 0px;\n}\n<\/style>\n\t<\/div>\n\n\t\n\n\t<div id=\"col-1797119658\" class=\"col medium-4 small-12 large-4\"  >\n\t\t\t\t<div class=\"col-inner\"  >\n\t\t\t\n\t\t\t\n\n<p><img loading=\"lazy\" decoding=\"async\" class=\"size-full wp-image-359 aligncenter\" src=\"https:\/\/spasiauliai.lt\/wp-content\/uploads\/2019\/08\/parasino-vonele.jpg\" alt=\"\" width=\"500\" height=\"426\" srcset=\"https:\/\/spasiauliai.lt\/wp-content\/uploads\/2019\/08\/parasino-vonele.jpg 500w, https:\/\/spasiauliai.lt\/wp-content\/uploads\/2019\/08\/parasino-vonele-300x256.jpg 300w\" sizes=\"auto, (max-width: 500px) 100vw, 500px\" \/><\/p>\n\n\t\t<\/div>\n\t\t\t\t\n<style>\n#col-1797119658 > .col-inner {\n  margin: 0px 0px -40px 0px;\n}\n<\/style>\n\t<\/div>\n\n\t\n\n\t<div id=\"col-2002587923\" class=\"col small-12 large-12\"  >\n\t\t\t\t<div class=\"col-inner\"  >\n\t\t\t\n\t\t\t\n\n<h3 style=\"text-align: center;\"><strong>15 min. &nbsp; Kaina: 10,00 \u20ac<\/strong><\/h3>\n\n\t\t<\/div>\n\t\t\t\t\n<style>\n#col-2002587923 > .col-inner {\n  margin: 0px 0px -80px 0px;\n}\n<\/style>\n\t<\/div>\n\n\t\n\n<\/div>","protected":false},"excerpt":{"rendered":"","protected":false},"author":1,"featured_media":0,"parent":0,"menu_order":0,"comment_status":"closed","ping_status":"closed","template":"","meta":{"footnotes":""},"class_list":["post-343","page","type-page","status-publish","hentry"],"_links":{"self":[{"href":"https:\/\/spasiauliai.lt\/index.php?rest_route=\/wp\/v2\/pages\/343","targetHints":{"allow":["GET"]}}],"collection":[{"href":"https:\/\/spasiauliai.lt\/index.php?rest_route=\/wp\/v2\/pages"}],"about":[{"href":"https:\/\/spasiauliai.lt\/index.php?rest_route=\/wp\/v2\/types\/page"}],"author":[{"embeddable":true,"href":"https:\/\/spasiauliai.lt\/index.php?rest_route=\/wp\/v2\/users\/1"}],"replies":[{"embeddable":true,"href":"https:\/\/spasiauliai.lt\/index.php?rest_route=%2Fwp%2Fv2%2Fcomments&post=343"}],"version-history":[{"count":15,"href":"https:\/\/spasiauliai.lt\/index.php?rest_route=\/wp\/v2\/pages\/343\/revisions"}],"predecessor-version":[{"id":1160,"href":"https:\/\/spasiauliai.lt\/index.php?rest_route=\/wp\/v2\/pages\/343\/revisions\/1160"}],"wp:attachment":[{"href":"https:\/\/spasiauliai.lt\/index.php?rest_route=%2Fwp%2Fv2%2Fmedia&parent=343"}],"curies":[{"name":"wp","href":"https:\/\/api.w.org\/{rel}","templated":true}]}}