{"id":318,"date":"2019-08-11T10:00:32","date_gmt":"2019-08-11T07:00:32","guid":{"rendered":"https:\/\/spasiauliai.lt\/?page_id=318"},"modified":"2024-02-02T15:41:21","modified_gmt":"2024-02-02T13:41:21","slug":"kuno-proceduros","status":"publish","type":"page","link":"https:\/\/spasiauliai.lt\/?page_id=318","title":{"rendered":"K\u016bno proced\u016bros"},"content":{"rendered":"<div class=\"container section-title-container\" style=\"margin-bottom:10px;\"><h1 class=\"section-title section-title-normal\"><b><\/b><span class=\"section-title-main\" >K\u016bno proced\u016bros<\/span><b><\/b><\/h1><\/div>\n\n<p><strong>*K\u016aNO PROCED\u016aROS ATLIEKAMOS TERMIN\u0116JE ZONOJE (pirtyje)<\/strong><\/p>\n<div class=\"row align-middle\"  id=\"row-1911583819\">\n\n\n\t<div id=\"col-2045336497\" class=\"col medium-8 small-12 large-8\"  >\n\t\t\t\t<div class=\"col-inner\"  >\n\t\t\t\n\t\t\t\n\n<h3><strong>Rytieti\u0161ka pasaka (turki\u0161kas muilo masa\u017eas)<\/strong><\/h3>\n<p><span style=\"font-weight: 400;\">Viso k\u016bno prausimas turki\u0161komis ro\u017ei\u0173 kvapo, alyvmed\u017e<\/span><span style=\"font-weight: 400;\">io muilo putomis. \u0160i proced\u016bra atliekama ant \u201ehamamo\u201c \u2013 \u0161ildomo gulto, \u0161iltoje ir dr\u0117gnoje patalpoje. K\u016bno prausimas \u0161armin\u0117mis muilo putomis turi antibakterin\u012f, prie\u0161u\u017edegimin\u012f poveik\u012f.&nbsp; Masa\u017eas gerina kraujotak\u0105, sumink\u0161tina ir atjaunina od\u0105.<\/span><\/p>\n<p><strong>Proced\u016br\u0105 sudaro: viso k\u016bno prausimas muilo putomis.<\/strong><\/p>\n\n\t\t<\/div>\n\t\t\t\t\n<style>\n#col-2045336497 > .col-inner {\n  margin: 0px 0px -29px 0px;\n}\n<\/style>\n\t<\/div>\n\n\t\n\n\t<div id=\"col-2070377095\" class=\"col medium-4 small-12 large-4\"  >\n\t\t\t\t<div class=\"col-inner\"  >\n\t\t\t\n\t\t\t\n\n<p><img loading=\"lazy\" decoding=\"async\" class=\"aligncenter wp-image-306 size-full\" src=\"https:\/\/spasiauliai.lt\/wp-content\/uploads\/2019\/08\/hamamas-siauliuose-spasiauliai.jpg\" alt=\"k\u016bno proced\u016bros\" width=\"600\" height=\"398\" srcset=\"https:\/\/spasiauliai.lt\/wp-content\/uploads\/2019\/08\/hamamas-siauliuose-spasiauliai.jpg 600w, https:\/\/spasiauliai.lt\/wp-content\/uploads\/2019\/08\/hamamas-siauliuose-spasiauliai-300x199.jpg 300w\" sizes=\"auto, (max-width: 600px) 100vw, 600px\" \/><\/p>\n\n\t\t<\/div>\n\t\t\t\t\n<style>\n#col-2070377095 > .col-inner {\n  margin: 0px 0px -40px 0px;\n}\n<\/style>\n\t<\/div>\n\n\t\n\n\t<div id=\"col-1206904605\" class=\"col small-12 large-12\"  >\n\t\t\t\t<div class=\"col-inner\"  >\n\t\t\t\n\t\t\t\n\n<h3 style=\"text-align: center;\"><strong>60 min. \u00a0 Kaina: 50,00 \u20ac<\/strong><\/h3>\n\n\t\t<\/div>\n\t\t\t\t\n<style>\n#col-1206904605 > .col-inner {\n  margin: 0px 0px -42px 0px;\n}\n<\/style>\n\t<\/div>\n\n\t\n\n<\/div>\n<div class=\"is-divider divider clearfix\" style=\"margin-top:1.3em;margin-bottom:1.3em;max-width:100%;height:1px;background-color:rgb(46, 46, 46);\"><\/div>\n\n<div class=\"row align-middle\"  id=\"row-1845706560\">\n\n\n\t<div id=\"col-312016085\" class=\"col medium-8 small-12 large-8\"  >\n\t\t\t\t<div class=\"col-inner\"  >\n\t\t\t\n\t\t\t\n\n<h3><strong>Rytieti\u0161ka pasaka \u2013 atjauninanti proced\u016bra (turki\u0161kas k\u016bno \u0161veitimas ir muilo masa\u017eas)<\/strong><\/h3>\n<p><span style=\"font-weight: 400;\">Viso k\u016bno \u0161veitimas \u201ekesse\u201c pir\u0161tine bei turki\u0161komis ro\u017ei\u0173 kvapo, alyvmed\u017eio muilo putomis. \u0160i proced\u016bra atliekama ant \u201ehamamo\u201c \u2013 \u0161ildomo gulto, \u0161iltoje ir dr\u0117gnoje patalpoje. \u0160veitimas \u201ekesse\u201c pir\u0161tine pa\u0161alina surag\u0117jusias odos l\u0105steles, nu\u0161vei\u010dia net iki trij\u0173 sluoksni\u0173 mirusios odos tuo atjauninanti epidermin\u012f odos sluoksn\u012f, skatina odos regeneracij\u0105, o k\u016bno prausimas \u0161armin\u0117mis muilo putomis turi antibakterin\u012f, prie\u0161u\u017edegimin\u012f, detoksikuojant\u012f poveik\u012f odai. Masa\u017eas gerina kraujotak\u0105, sumink\u0161tina ir atjaunina od\u0105. Nuostabios k\u016bno proced\u016bros.<\/span><\/p>\n<p><strong>Proced\u016br\u0105 sudaro: viso k\u016bno \u0161veitimas + prausimas muilo putomis.<\/strong><\/p>\n\n\t\t<\/div>\n\t\t\t\t\n<style>\n#col-312016085 > .col-inner {\n  margin: 0px 0px -29px 0px;\n}\n<\/style>\n\t<\/div>\n\n\t\n\n\t<div id=\"col-521115153\" class=\"col medium-4 small-12 large-4\"  >\n\t\t\t\t<div class=\"col-inner\"  >\n\t\t\t\n\t\t\t\n\n<p><img loading=\"lazy\" decoding=\"async\" class=\"size-full wp-image-309 aligncenter\" src=\"https:\/\/spasiauliai.lt\/wp-content\/uploads\/2019\/08\/kuno-sveitimas-siauliai.jpg\" alt=\"\" width=\"540\" height=\"360\" srcset=\"https:\/\/spasiauliai.lt\/wp-content\/uploads\/2019\/08\/kuno-sveitimas-siauliai.jpg 540w, https:\/\/spasiauliai.lt\/wp-content\/uploads\/2019\/08\/kuno-sveitimas-siauliai-300x200.jpg 300w\" sizes=\"auto, (max-width: 540px) 100vw, 540px\" \/><\/p>\n\n\t\t<\/div>\n\t\t\t\t\n<style>\n#col-521115153 > .col-inner {\n  margin: 0px 0px -40px 0px;\n}\n<\/style>\n\t<\/div>\n\n\t\n\n\t<div id=\"col-1663337227\" class=\"col small-12 large-12\"  >\n\t\t\t\t<div class=\"col-inner\"  >\n\t\t\t\n\t\t\t\n\n<h3 style=\"text-align: center;\"><strong>90 min. \u00a0 Kaina: 60,00 \u20ac<\/strong><\/h3>\n\n\t\t<\/div>\n\t\t\t\t\n<style>\n#col-1663337227 > .col-inner {\n  margin: 0px 0px -42px 0px;\n}\n<\/style>\n\t<\/div>\n\n\t\n\n<\/div>\n<div class=\"is-divider divider clearfix\" style=\"margin-top:1.3em;margin-bottom:1.3em;max-width:100%;height:1px;background-color:rgb(46, 46, 46);\"><\/div>\n\n<div class=\"row align-middle\"  id=\"row-639719616\">\n\n\n\t<div id=\"col-502939723\" class=\"col medium-8 small-12 large-8\"  >\n\t\t\t\t<div class=\"col-inner\"  >\n\t\t\t\n\t\t\t\n\n<h3><strong>Masa\u017eas \u201eVaisi\u0173 pasaka\u201c<\/strong><\/h3>\n<p>Tai citrusini\u0173 vaisi\u0173 \u2013 apelsin\u0173, citrin\u0173 ir greipfrut\u0173 \u2013 proced\u016bra k\u016bnui, kuri pasi\u017eymi ne tik od\u0105 skaistinan\u010diomis, jauninan\u010diomis ir stangrinan\u010diomis savyb\u0117mis, bet ir veikia \u017emogaus organizm\u0105 raminan\u010diai, kelia nuotaik\u0105 bei skatina optimizm\u0105. \u0160ios proced\u016bros metu galima kaskart rinktis skirting\u0105 k\u016bno kauk\u0119 (apelsin\u0173, citrin\u0173 arba greipfrut\u0173 kvapo), tod\u0117l citrusini\u0173 vaisi\u0173 kvap\u0173 puok\u0161t\u0117 visada atsiskleis vis kitomis spalvomis.<\/p>\n\n\t\t<\/div>\n\t\t\t\t\n<style>\n#col-502939723 > .col-inner {\n  margin: 0px 0px -29px 0px;\n}\n<\/style>\n\t<\/div>\n\n\t\n\n\t<div id=\"col-250054962\" class=\"col medium-4 small-12 large-4\"  >\n\t\t\t\t<div class=\"col-inner\"  >\n\t\t\t\n\t\t\t\n\n<p><img loading=\"lazy\" decoding=\"async\" class=\"aligncenter wp-image-340 size-full\" src=\"https:\/\/spasiauliai.lt\/wp-content\/uploads\/2019\/08\/vaisiu-masazas-siauliai.jpeg\" alt=\"vaisi\u0173 masa\u017eas \u0161iauliai\" width=\"584\" height=\"390\" srcset=\"https:\/\/spasiauliai.lt\/wp-content\/uploads\/2019\/08\/vaisiu-masazas-siauliai.jpeg 584w, https:\/\/spasiauliai.lt\/wp-content\/uploads\/2019\/08\/vaisiu-masazas-siauliai-300x200.jpeg 300w\" sizes=\"auto, (max-width: 584px) 100vw, 584px\" \/><\/p>\n\n\t\t<\/div>\n\t\t\t\t\n<style>\n#col-250054962 > .col-inner {\n  margin: 0px 0px -40px 0px;\n}\n<\/style>\n\t<\/div>\n\n\t\n\n\t<div id=\"col-989511765\" class=\"col small-12 large-12\"  >\n\t\t\t\t<div class=\"col-inner\"  >\n\t\t\t\n\t\t\t\n\n<h3 style=\"text-align: center;\"><strong>60 min. \u00a0 Kaina: 42,00 \u20ac<\/strong><\/h3>\n\n\t\t<\/div>\n\t\t\t\t\n<style>\n#col-989511765 > .col-inner {\n  margin: 0px 0px -42px 0px;\n}\n<\/style>\n\t<\/div>\n\n\t\n\n<\/div>\n<div class=\"is-divider divider clearfix\" style=\"margin-top:1.3em;margin-bottom:1.3em;max-width:100%;height:1px;background-color:rgb(46, 46, 46);\"><\/div>\n\n<div class=\"row align-middle\"  id=\"row-952396169\">\n\n\n\t<div id=\"col-2133112815\" class=\"col medium-8 small-12 large-8\"  >\n\t\t\t\t<div class=\"col-inner\"  >\n\t\t\t\n\t\t\t\n\n<h3><strong>Druskos pilingas<\/strong><\/h3>\n<p>Pasak senov\u0117s Ryt\u0173 i\u0161minties, &nbsp;druska ne&nbsp;tik turi&nbsp;\u012fvairi\u0173 gydom\u0173j\u0173 savybi\u0173,&nbsp;tuo pa\u010diu ji&nbsp;puikiai sugeria \u012f save&nbsp;neigiam\u0105 energij\u0105, tad labai tinka po \u012ftemptos darbo dienos.<\/p>\n<p>M\u016bs\u0173 naudojamos druskos k\u016bnui yra praturtintos kedro, sibirin\u0117s pu\u0161ies aliejais, Rapa druska, kadagio ekstraktu, \u0161altalankio ekstraktu, intensyviai valo ir nu\u0161vei\u010dia od\u0105. Sud\u0117tyje esan\u010di\u0173 ekstrakt\u0173 d\u0117ka mink\u0161tina, maitina, atstato od\u0105. Tai nepakartojama priemon\u0117 k\u016bno odos prie\u017ei\u016brai, efektyviai stangrina, tonizuoja, dr\u0117kina od\u0105. <em>Geresniems rezultatams pasiekti rekomenduojama naudoti po pirties ar vonios proced\u016br\u0173.&nbsp;<\/em>Nerealios k\u016bno proced\u016bros.<\/p>\n\n\t\t<\/div>\n\t\t\t\t\n<style>\n#col-2133112815 > .col-inner {\n  margin: 0px 0px -29px 0px;\n}\n<\/style>\n\t<\/div>\n\n\t\n\n\t<div id=\"col-1626930369\" class=\"col medium-4 small-12 large-4\"  >\n\t\t\t\t<div class=\"col-inner\"  >\n\t\t\t\n\t\t\t\n\n<p><img loading=\"lazy\" decoding=\"async\" class=\"aligncenter wp-image-333 size-full\" src=\"https:\/\/spasiauliai.lt\/wp-content\/uploads\/2019\/08\/druskos-pilingas-siauliai.jpg\" alt=\"druskos pilingas \u0161iauliai\" width=\"600\" height=\"400\" srcset=\"https:\/\/spasiauliai.lt\/wp-content\/uploads\/2019\/08\/druskos-pilingas-siauliai.jpg 600w, https:\/\/spasiauliai.lt\/wp-content\/uploads\/2019\/08\/druskos-pilingas-siauliai-300x200.jpg 300w\" sizes=\"auto, (max-width: 600px) 100vw, 600px\" \/><\/p>\n\n\t\t<\/div>\n\t\t\t\t\n<style>\n#col-1626930369 > .col-inner {\n  margin: 0px 0px -40px 0px;\n}\n<\/style>\n\t<\/div>\n\n\t\n\n\t<div id=\"col-1406432062\" class=\"col small-12 large-12\"  >\n\t\t\t\t<div class=\"col-inner\"  >\n\t\t\t\n\t\t\t\n\n<h3 style=\"text-align: center;\"><strong>60 min. \u00a0 Kaina: 42,00 \u20ac<\/strong><\/h3>\n\n\t\t<\/div>\n\t\t\t\t\n<style>\n#col-1406432062 > .col-inner {\n  margin: 0px 0px -42px 0px;\n}\n<\/style>\n\t<\/div>\n\n\t\n\n<\/div>\n<div class=\"is-divider divider clearfix\" style=\"margin-top:1.3em;margin-bottom:1.3em;max-width:100%;height:1px;background-color:rgb(46, 46, 46);\"><\/div>\n\n<div class=\"row align-middle\"  id=\"row-863684829\">\n\n\n\t<div id=\"col-817943946\" class=\"col medium-8 small-12 large-8\"  >\n\t\t\t\t<div class=\"col-inner\"  >\n\t\t\t\n\t\t\t\n\n<h3><strong>\u0160okolado masa\u017eas<\/strong><\/h3>\n<p>\u0160is masa\u017eas &nbsp;pad\u0117s ne tik atsipalaiduoti, nuraminti \u012fsitempus\u012f k\u016bn\u0105 bei m\u0117gautis maloniais kvapais, ta\u010diau taip pat suteiks organizmui nauding\u0173 savybi\u0173.<\/p>\n<p>Masa\u017eo metu naudojamo \u0161okolado sud\u0117tyje esan\u010di\u0173 veikli\u0173j\u0173 med\u017eiag\u0173 kompleksas neleis odai \u0161erpetoti, suaktyvins l\u0105steli\u0173 regeneracij\u0105, padidins elastingum\u0105 ir suteiks odai geresn\u012f tonus\u0105.<\/p>\n<p>\u0160okolado kvapas teigiamai veikia centrin\u0119 nerv\u0173 sistem\u0105, ma\u017eina nuovarg\u012f, suteikia papildomos energijos, kelia nuotaik\u0105, stimuliuoja protin\u012f ir fizin\u012f paj\u0117gum\u0105. Taip pat, suteikia dr\u0117kinam\u0105j\u012f, regeneruojam\u0105j\u012f ir anticeliulitin\u012f efekt\u0105, tonizuoja ir mink\u0161tina od\u0105.<\/p>\n\n\t\t<\/div>\n\t\t\t\t\n<style>\n#col-817943946 > .col-inner {\n  margin: 0px 0px -29px 0px;\n}\n<\/style>\n\t<\/div>\n\n\t\n\n\t<div id=\"col-1566446782\" class=\"col medium-4 small-12 large-4\"  >\n\t\t\t\t<div class=\"col-inner\"  >\n\t\t\t\n\t\t\t\n\n<p><img loading=\"lazy\" decoding=\"async\" class=\"size-full wp-image-330 aligncenter\" src=\"https:\/\/spasiauliai.lt\/wp-content\/uploads\/2019\/08\/sokolado-masazas-siauliai.jpg\" alt=\"\" width=\"600\" height=\"450\" srcset=\"https:\/\/spasiauliai.lt\/wp-content\/uploads\/2019\/08\/sokolado-masazas-siauliai.jpg 600w, https:\/\/spasiauliai.lt\/wp-content\/uploads\/2019\/08\/sokolado-masazas-siauliai-300x225.jpg 300w\" sizes=\"auto, (max-width: 600px) 100vw, 600px\" \/><\/p>\n\n\t\t<\/div>\n\t\t\t\t\n<style>\n#col-1566446782 > .col-inner {\n  margin: 0px 0px -40px 0px;\n}\n<\/style>\n\t<\/div>\n\n\t\n\n\t<div id=\"col-1728882625\" class=\"col small-12 large-12\"  >\n\t\t\t\t<div class=\"col-inner\"  >\n\t\t\t\n\t\t\t\n\n<h3 style=\"text-align: center;\"><strong>60 min. \u00a0 Kaina: 42,00 \u20ac<\/strong><\/h3>\n\n\t\t<\/div>\n\t\t\t\t\n<style>\n#col-1728882625 > .col-inner {\n  margin: 0px 0px -42px 0px;\n}\n<\/style>\n\t<\/div>\n\n\t\n\n<\/div>\n<div class=\"is-divider divider clearfix\" style=\"margin-top:1.3em;margin-bottom:1.3em;max-width:100%;height:1px;background-color:rgb(46, 46, 46);\"><\/div>\n\n<div class=\"row align-middle\"  id=\"row-1083863606\">\n\n\n\t<div id=\"col-1187587029\" class=\"col medium-8 small-12 large-8\"  >\n\t\t\t\t<div class=\"col-inner\"  >\n\t\t\t\n\t\t\t\n\n<h3><strong>Medaus masa\u017eas<\/strong><\/h3>\n<p>Medus yra populiarus nat\u016bralios medicinos vaistas. Savo sud\u0117tyje jis turi veikli\u0173j\u0173 jungini\u0173, kurie padeda kovoti su mikrobais ir virusais. Medicinoje yra \u017einomos ir prie\u0161u\u017edeginim\u0117s medaus savyb\u0117s, kurios mal\u0161ina skausm\u0105 ir atpalaiduoja.<\/p>\n<p><strong>Medaus masa\u017eo poveikis:<\/strong> kraujo cirkuliacijos ir limfos apytakos gerinimas; audini\u0173 apr\u016bpinimas vitaminais ir mineralin\u0117mis med\u017eiagomis; organizmo valymas nuo toksin\u0173; med\u017eiag\u0173 apykaitos gerinimas; imuniteto stiprinimas; poodyje atsiradusi\u0173 s\u0105aug\u0173 pa\u0161alinimas.<\/p>\n<p><strong>Medaus masa\u017eas taikomas:<\/strong> celiulito gydymui; plau\u010di\u0173 ligoms gydyti; neutralizuoti kasdienin\u0117s \u012ftampos ir streso padarinius; nuovargiui pa\u0161alinti; gr\u0105\u017einti k\u016bnui lengvum\u0105 ir atgaiv\u0105. Puikios k\u016bno proced\u016bros.<\/p>\n\n\t\t<\/div>\n\t\t\t\t\n<style>\n#col-1187587029 > .col-inner {\n  margin: 0px 0px -29px 0px;\n}\n<\/style>\n\t<\/div>\n\n\t\n\n\t<div id=\"col-2080823832\" class=\"col medium-4 small-12 large-4\"  >\n\t\t\t\t<div class=\"col-inner text-center\"  >\n\t\t\t\n\t\t\t\n\n<p><img loading=\"lazy\" decoding=\"async\" class=\"aligncenter wp-image-322 size-full\" src=\"https:\/\/spasiauliai.lt\/wp-content\/uploads\/2019\/08\/medaus-masazas.png\" alt=\"k\u016bno proced\u016bros\" width=\"321\" height=\"259\" srcset=\"https:\/\/spasiauliai.lt\/wp-content\/uploads\/2019\/08\/medaus-masazas.png 321w, https:\/\/spasiauliai.lt\/wp-content\/uploads\/2019\/08\/medaus-masazas-300x242.png 300w\" sizes=\"auto, (max-width: 321px) 100vw, 321px\" \/><\/p>\n\n\t\t<\/div>\n\t\t\t\t\n<style>\n#col-2080823832 > .col-inner {\n  margin: 0px 0px -40px 0px;\n}\n<\/style>\n\t<\/div>\n\n\t\n\n\t<div id=\"col-1699265331\" class=\"col small-12 large-12\"  >\n\t\t\t\t<div class=\"col-inner\"  >\n\t\t\t\n\t\t\t\n\n<h3 style=\"text-align: center;\"><strong>60 min. \u00a0 Kaina: 42,00 \u20ac<\/strong><\/h3>\n\n\t\t<\/div>\n\t\t\t\t\n<style>\n#col-1699265331 > .col-inner {\n  margin: 0px 0px -42px 0px;\n}\n<\/style>\n\t<\/div>\n\n\t\n\n<\/div>\n<div class=\"is-divider divider clearfix\" style=\"margin-top:1.3em;margin-bottom:1.3em;max-width:100%;height:1px;background-color:rgb(46, 46, 46);\"><\/div>\n\n<div class=\"row align-middle\"  id=\"row-216696122\">\n\n\n\t<div id=\"col-538508334\" class=\"col medium-8 small-12 large-8\"  >\n\t\t\t\t<div class=\"col-inner\"  >\n\t\t\t\n\t\t\t\n\n<h3><strong>\u012evyniojimas<\/strong><\/h3>\n<p>\u012evyniojimo metu \u017emogaus k\u016bnas padengiamas proced\u016bros metu naudojama med\u017eiaga, kuri \u012fsiskverbia \u012f organizm\u0105 j\u012f gydo ir maitina.<\/p>\n\n\t\t<\/div>\n\t\t\t\t\n<style>\n#col-538508334 > .col-inner {\n  margin: 0px 0px -29px 0px;\n}\n<\/style>\n\t<\/div>\n\n\t\n\n\t<div id=\"col-1484807837\" class=\"col medium-4 small-12 large-4\"  >\n\t\t\t\t<div class=\"col-inner text-center\"  >\n\t\t\t\n\t\t\t\n\n\t<div id=\"text-1404760275\" class=\"text\">\n\t\t\n\n<h3><strong>15 min. \u00a0 Kaina: 10,00 \u20ac<\/strong><\/h3>\n\t\t\n<style>\n#text-1404760275 {\n  text-align: left;\n}\n@media (min-width:550px) {\n  #text-1404760275 {\n    text-align: center;\n  }\n}\n<\/style>\n\t<\/div>\n\t\n\n\t\t<\/div>\n\t\t\t\t\n<style>\n#col-1484807837 > .col-inner {\n  margin: 0px 0px -40px 0px;\n}\n<\/style>\n\t<\/div>\n\n\t\n\n<\/div>\n<div class=\"is-divider divider clearfix\" style=\"margin-top:1.3em;margin-bottom:1.3em;max-width:100%;height:1px;background-color:rgb(46, 46, 46);\"><\/div>\n\n<div class=\"row align-middle\"  id=\"row-876966721\">\n\n\n\t<div id=\"col-1730820236\" class=\"col medium-8 small-12 large-8\"  >\n\t\t\t\t<div class=\"col-inner\"  >\n\t\t\t\n\t\t\t\n\n<h3><strong>Kar\u0161t\u0173 akmen\u0173 viso k\u016bno masa\u017eas<\/strong><\/h3>\n\n\n\t\t<\/div>\n\t\t\t\t\n<style>\n#col-1730820236 > .col-inner {\n  margin: 0px 0px -29px 0px;\n}\n<\/style>\n\t<\/div>\n\n\t\n\n\t<div id=\"col-1633319509\" class=\"col medium-4 small-12 large-4\"  >\n\t\t\t\t<div class=\"col-inner text-center\"  >\n\t\t\t\n\t\t\t\n\n\t<div id=\"text-588819978\" class=\"text\">\n\t\t\n\n<h3><strong>60 min. \u00a0 Kaina: 42,00 \u20ac<\/strong><\/h3>\n\t\t\n<style>\n#text-588819978 {\n  text-align: left;\n}\n@media (min-width:550px) {\n  #text-588819978 {\n    text-align: center;\n  }\n}\n<\/style>\n\t<\/div>\n\t\n\n\t\t<\/div>\n\t\t\t\t\n<style>\n#col-1633319509 > .col-inner {\n  margin: 0px 0px -40px 0px;\n}\n<\/style>\n\t<\/div>\n\n\t\n\n<\/div>","protected":false},"excerpt":{"rendered":"","protected":false},"author":1,"featured_media":0,"parent":0,"menu_order":0,"comment_status":"closed","ping_status":"closed","template":"","meta":{"footnotes":""},"class_list":["post-318","page","type-page","status-publish","hentry"],"_links":{"self":[{"href":"https:\/\/spasiauliai.lt\/index.php?rest_route=\/wp\/v2\/pages\/318","targetHints":{"allow":["GET"]}}],"collection":[{"href":"https:\/\/spasiauliai.lt\/index.php?rest_route=\/wp\/v2\/pages"}],"about":[{"href":"https:\/\/spasiauliai.lt\/index.php?rest_route=\/wp\/v2\/types\/page"}],"author":[{"embeddable":true,"href":"https:\/\/spasiauliai.lt\/index.php?rest_route=\/wp\/v2\/users\/1"}],"replies":[{"embeddable":true,"href":"https:\/\/spasiauliai.lt\/index.php?rest_route=%2Fwp%2Fv2%2Fcomments&post=318"}],"version-history":[{"count":50,"href":"https:\/\/spasiauliai.lt\/index.php?rest_route=\/wp\/v2\/pages\/318\/revisions"}],"predecessor-version":[{"id":922,"href":"https:\/\/spasiauliai.lt\/index.php?rest_route=\/wp\/v2\/pages\/318\/revisions\/922"}],"wp:attachment":[{"href":"https:\/\/spasiauliai.lt\/index.php?rest_route=%2Fwp%2Fv2%2Fmedia&parent=318"}],"curies":[{"name":"wp","href":"https:\/\/api.w.org\/{rel}","templated":true}]}}