{"id":293,"date":"2019-08-10T09:44:25","date_gmt":"2019-08-10T06:44:25","guid":{"rendered":"https:\/\/spasiauliai.lt\/?page_id=293"},"modified":"2021-04-13T15:37:03","modified_gmt":"2021-04-13T12:37:03","slug":"grazinimas","status":"publish","type":"page","link":"https:\/\/spasiauliai.lt\/?page_id=293","title":{"rendered":"Gr\u0105\u017einimas"},"content":{"rendered":"<div class=\"row\"  id=\"row-1930706303\">\n\n\n\t<div id=\"col-1635696798\" class=\"col small-12 large-12\"  >\n\t\t\t\t<div class=\"col-inner\"  >\n\t\t\t\n\t\t\t\n\n<div class=\"container section-title-container\" ><h1 class=\"section-title section-title-normal\"><b><\/b><span class=\"section-title-main\" >Gr\u0105\u017einimas<\/span><b><\/b><\/h1><\/div>\n\n<p>Netikusios prek\u0117s gali b\u016bti gr\u0105\u017einamos per 7 dienas (kreiptis: info@spasiauliai.lt, tel. +3706 0677 480 arba asmenine \u017einute Facebook &#8211; <a href=\"https:\/\/www.facebook.com\/spasiauliai\/\">https:\/\/www.facebook.com\/spasiauliai\/<\/a>).<\/p>\n\n\t\t<\/div>\n\t\t\t\t\n<style>\n#col-1635696798 > .col-inner {\n  margin: 0px 0px -70px 0px;\n}\n<\/style>\n\t<\/div>\n\n\t\n\n<\/div>","protected":false},"excerpt":{"rendered":"","protected":false},"author":1,"featured_media":0,"parent":0,"menu_order":0,"comment_status":"closed","ping_status":"closed","template":"","meta":{"footnotes":""},"class_list":["post-293","page","type-page","status-publish","hentry"],"_links":{"self":[{"href":"https:\/\/spasiauliai.lt\/index.php?rest_route=\/wp\/v2\/pages\/293","targetHints":{"allow":["GET"]}}],"collection":[{"href":"https:\/\/spasiauliai.lt\/index.php?rest_route=\/wp\/v2\/pages"}],"about":[{"href":"https:\/\/spasiauliai.lt\/index.php?rest_route=\/wp\/v2\/types\/page"}],"author":[{"embeddable":true,"href":"https:\/\/spasiauliai.lt\/index.php?rest_route=\/wp\/v2\/users\/1"}],"replies":[{"embeddable":true,"href":"https:\/\/spasiauliai.lt\/index.php?rest_route=%2Fwp%2Fv2%2Fcomments&post=293"}],"version-history":[{"count":3,"href":"https:\/\/spasiauliai.lt\/index.php?rest_route=\/wp\/v2\/pages\/293\/revisions"}],"predecessor-version":[{"id":776,"href":"https:\/\/spasiauliai.lt\/index.php?rest_route=\/wp\/v2\/pages\/293\/revisions\/776"}],"wp:attachment":[{"href":"https:\/\/spasiauliai.lt\/index.php?rest_route=%2Fwp%2Fv2%2Fmedia&parent=293"}],"curies":[{"name":"wp","href":"https:\/\/api.w.org\/{rel}","templated":true}]}}