{"id":286,"date":"2019-08-10T09:32:59","date_gmt":"2019-08-10T06:32:59","guid":{"rendered":"https:\/\/spasiauliai.lt\/?page_id=286"},"modified":"2021-04-13T15:36:43","modified_gmt":"2021-04-13T12:36:43","slug":"privatumo-politika","status":"publish","type":"page","link":"https:\/\/spasiauliai.lt\/?page_id=286","title":{"rendered":"Privatumo politika"},"content":{"rendered":"<div class=\"row\"  id=\"row-2003189801\">\n\n\n\t<div id=\"col-2022407901\" class=\"col small-12 large-12\"  >\n\t\t\t\t<div class=\"col-inner\"  >\n\t\t\t\n\t\t\t\n\n<div class=\"container section-title-container\" ><h1 class=\"section-title section-title-normal\"><b><\/b><span class=\"section-title-main\" >Privatumo politika<\/span><b><\/b><\/h1><\/div>\n\n<p>\u0160ioje privatumo politikoje galite susipa\u017einti su savo teis\u0117mis bei informacija apie J\u016bs\u0173 asmens duomen\u0173 tvarkym\u0105. J\u016bs\u0173 asmens duomen\u0173 valdytojas yra UAB SPA grup\u0117 (toliau \u2013 \u012emon\u0117, arba mes), \u012fmon\u0117s kodas: 303422390, kontaktinis telefono Nr.\u00a0 +3706 0677 480, elektroninio pa\u0161to adresas: info@spasiauliai.lt.<\/p>\n<p>Pirkdami interneto svetain\u0117je https:\/\/spasiauliai.lt\/, J\u016bs patikite mums savo asmens duomenis ir suteikiate mums teis\u0119 juos tvarkyti \u0161ioje Politikoje (toliau \u2013 Politika) ir Preki\u0173 pirkimo \u2013 pardavimo elektonin\u0117je parduotuv\u0117je internete taisykl\u0117se (toliau \u2013 Taisykl\u0117s) numatyta apimtimi, b\u016bdais ir tikslais.<\/p>\n<p>Jeigu J\u016bs nesutinkate su Taisykl\u0117mis, \u0161ia Politika ar atskiromis j\u0173 s\u0105lygomis, mes, deja, negal\u0117sime suteikti Jums galimyb\u0117s naudotis visomis ar bet kuria i\u0161 \u012emon\u0117s teikiam\u0173 paslaug\u0173 (toliau \u2013 Paslaugos).<br \/>\u0160ioje Politikoje J\u016bs rasite vis\u0105 informacij\u0105, kokius J\u016bs\u0173 duomenis mes renkame ir tvarkome, kam juos naudojame, kiek laiko saugome ir kt. Tiek Politika, tiek ir Taisykl\u0117s gali b\u016bti kei\u010diamos, pildomos, atnaujinamos.<br \/>Asmens duomenys\u00a0\u2013 tai bet kokia informacija, kuri gali b\u016bti naudojama identifikuoti asmen\u012f, taip pat bet kokia informacija apie asmen\u012f, kuris jau yra identifikuotas.<br \/>Mes gerbiame J\u016bs\u0173 privatum\u0105 ir\u00a0imam\u0117s atitinkam\u0173 organizacini\u0173 ir technini\u0173 priemoni\u0173 u\u017etikrinti, kad J\u016bs\u0173 asmens duomenys visada b\u016bt\u0173 saug\u016bs, o duomen\u0173 tvarkymo veiksmai atitikt\u0173 duomen\u0173 apsaugos teis\u0117s akt\u0173 reikalavimus.<br \/><b>1. Koki\u0173 asmens duomen\u0173 apie mane nerenkate ir netvarkote?<\/b><br \/>1.1. Mes nerenkame J\u016bs\u0173 nar\u0161ymo tre\u010di\u0173 asmen\u0173 tinklapiuose istorijos ir jos nesaugome.<br \/>1.2. Mes neperduodame joki\u0173 duomen\u0173 apie J\u016bs\u0173 nar\u0161ym\u0105 m\u016bs\u0173 tinklapyje, i\u0161 kuri\u0173 b\u016bt\u0173 galima nustatyti J\u016bs\u0173 asmen\u012f.<br \/><b>2. Kokius mano asmens duomenis renkate ir tvarkote?<\/b><br \/>2.1. Mes renkame ir tvarkome tik adekva\u010dius ir tinkamus J\u016bs\u0173 asmens duomenis, kuri\u0173 reikia siekiant tiksl\u0173 d\u0117l kuri\u0173 jie tvarkomi.<br \/>2.2. Asmens duomenys kuriuos renkame ir tvarkome jums apsiperkant:<br \/>2.2.1. Kai J\u016bs apsiperkate m\u016bs\u0173 elektronin\u0117je parduotuv\u0117je https:\/\/spasiauliai.lt\/ nesukurdamas individualios paskyros sutarties sudarymo ir vykdymo tikslu mes renkame \u0161iuos J\u016bs\u0173 asmens duomenis: J\u016bs\u0173 vard\u0105, pavard\u0119, telefono numer\u012f, elektroninio pa\u0161to adres\u0105, \u012fsigyt\u0173 preki\u0173 pristatymo adres\u0105, IP adres\u0105.\u00a0 Duomen\u0173 tvarkymo teisinis pagrindas: J\u016bs\u0173 sutikimas naudotis Paslaugomis Taisykl\u0117se numatytomis s\u0105lygomis.<br \/>2.3. Asmens duomenys, kuriuos renkame ir tvarkome jums susikuriant paskyr\u0105, m\u016bs\u0173 elektronin\u0117je parduotuv\u0117je, ta\u010diau neatliekant pirkimo:<br \/>2.3.1. Kad apsipirkimas m\u016bs\u0173 elektronin\u0117je parduotuv\u0117je https:\/\/spasiauliai.lt\/ Jums b\u016bt\u0173 kuo patogesnis ir greitesnis J\u016bs galite susikurti asmenin\u0119 paskyr\u0105 registruojantis. Jums sukuriant asmenin\u0119 paskyr\u0105 mes renkame ir tvarkome \u0161iuos J\u016bs\u0173 duomenis: J\u016bs\u0173 vard\u0105, pavard\u0119, adres\u0105, elektroninio pa\u0161to adres\u0105, telefono numer\u012f, IP adres\u0105. Duomen\u0173 tvarkymo teisinis pagrindas: J\u016bs\u0173 sutikimas naudotis Paslaugomis Taisykl\u0117se numatytomis s\u0105lygomis.<br \/>2.3.2. Apsipirkdami, J\u016bs patvirtinate, kad j\u016bs\u0173 nurodyti asmens duomenys yra tiksl\u016bs ir teisingi, ir j\u016bs esate ne jaunesni kaip 16 met\u0173 am\u017eiaus. Mes neprisiimame atsakomyb\u0117s u\u017e netikslius, nei\u0161samius ar klaidingai pateikus J\u016bs\u0173 duomenis.<br \/>2.3.3. Pagal\u00a0J\u016bs\u0173 pateiktus\u00a0 duomenis\u00a0mes taip pat Jus atpa\u017e\u012fstame, kai, pvz., J\u016bs norite atnaujinti ar pakeisti savo duomenis, kreipiat\u0117s \u012f mus d\u0117l tam tikros asmenin\u0117s informacijos pateikimo, su asmens duomen\u0173 tvarkymu susijusi\u0173 teisi\u0173 \u012fgyvendinimo ir kt.<br \/>2.3.4. J\u016bs\u0173 pateiktus\u00a0kontaktinius duomenis\u00a0(elektronin\u012f pa\u0161t\u0105, telefono numer\u012f) mes taip pat naudojame bendravimo su Jumis tikslais, \u012fskaitant ir atsakydami \u012f J\u016bs\u0173 u\u017eklausas, pastabas, teikdami Jums svarbi\u0105 informacij\u0105 apie Paslaugas, j\u0173 teikim\u0105 ir (ar) \u0161ios Politikos pasikeitimus, susisiekdami su Jumis, jei pamir\u0161ote priimti savo pirkinius arba aptikome nesklandum\u0173, susijusi\u0173 su \u012fvykdytais sandoriais ir pan.<br \/>2.3.5. Labai svarbu tai, kad J\u016bs\u0173 pateikiami duomenys b\u016bt\u0173\u00a0tiksl\u016bs ir teisingi. Jeigu J\u016bs nurodysite\u00a0neteisingus (netikrus) duomenis, juos pamir\u0161ite arba neatnaujinsite pasikeitusi\u0173 duomen\u0173, mums gali b\u016bti sunku u\u017etikrinti Paslaug\u0173 teikim\u0105, taip pat gali kilti nesklandum\u0173 \u012fgyvendinant J\u016bs\u0173 teises. Mes jokiu atveju neb\u016bsime atsakingi u\u017e \u017eal\u0105, atsiradusi\u0105 Jums d\u0117l to, jog J\u016bs nurod\u0117te neteisingus ar nei\u0161samius asmens duomenis.<br \/>2.3.6. Jeigu pasikei\u010dia J\u016bs\u0173 pateikti duomenys, J\u016bs turite nedelsdamas mus apie tai informuoti, pakeisdamas atitinkamus duomenis registracijos formoje interneto svetain\u0117je.<br \/>2.3.7. \u012emon\u0117 netur\u0117s galimyb\u0117s patikrinti J\u016bs\u0173 pateikiam\u0173 duomen\u0173 teisingumo ir atitikimo tikrovei.\u00a0Priimdami J\u016bs\u0173 registracij\u0105, mes laikysime, kad J\u016bs\u0173 duomenys yra tiksl\u016bs ir teisingi, o visi J\u016bs\u0173 sutikimai yra pateikti J\u016bs\u0173 laisva valia, i\u0161samiai susipa\u017einus su \u0161ia Politika ir Taisykl\u0117mis.<br \/>2.4. Kiti asmens duomenys kuriuos renkame ir tvarkome jums naudojantis m\u016bs\u0173 \u00a0elektronine parduotuve:<br \/>2.4.1. Jums apsipirkus m\u016bs\u0173 elektronin\u0117je parduotuv\u0117je J\u016bs\u0173 patogumui mes taip pat renkame ir tvarkome \u0161iuos duomenis: pirkim\u0173 istorij\u0105; elgsenos elektorin\u0117je parduotuv\u0117je istorij\u0105; IP adres\u0105;\u00a0mok\u0117jim\u0173 istorij\u0105; J\u016bs\u0173 ir M\u016bs\u0173 tarpusavio komunikacijos istorij\u0105, tre\u010di\u0173j\u0173 asmen\u0173, gaunan\u010di\u0173 prek\u0119\/es pagrindin\u0119 informacij\u0105.<br \/>2.4.2. Nurodyti kit\u0105 asmen\u012f, kuris atsiims J\u016bs\u0173 \u012fsigytas prekes galite, jeigu toks asmuo yra dav\u0119s savo sutikim\u0105. Pateikdami mums tre\u010di\u0173j\u0173 asmen\u0173, atsiiman\u010di\u0173 prek\u0119, informacij\u0105, J\u016bs patvirtinate, jog turite toki\u0173 asmen\u0173 sutikim\u0105 d\u0117l j\u0173 asmens duomen\u0173 perdavimo, naudojimo ir tvarkymo.<br \/><strong>3. Kokiu tikslu renkate ir tvarkote mano asmeninius duomenis?<\/strong><br \/>3.1. J\u016bs\u0173 asmens duomenis renkame tik nustatytais, ai\u0161kiai apibr\u0117\u017etais bei teis\u0117tais tikslais ir toliau netvarkome su tais tikslais nesuderinamu b\u016bdu.<br \/>3.2. Pasirengimo sudaryti sutart\u012f tikslu tvarkomi j\u016bs\u0173 asmens duomenys:<br \/>3.2.1. Jums sukuriant asmenin\u0119 paskyr\u0105 m\u016bs\u0173 elektronin\u0117je parduotuv\u0117je, ta\u010diau nieko nenusipirkus, J\u016bs bet kada \u012f j\u0105 gr\u012f\u017e\u0119s gal\u0117site t\u0119sti savo apsipirkim\u0105 papildomai nesiregistruodamas. Tikslu suteikti Jums galimyb\u0119 bet kada prat\u0119sti savo pirkim\u0105 mes renkame ir tvarkome \u0161iuos J\u016bs\u0173 asmens duomenis: J\u016bs\u0173 vard\u0105, pavard\u0119, elektroninio pa\u0161to adres\u0105, telefono numer\u012f, IP adres\u0105.<br \/>3.3. Sutarties sudarymo ir vykdymo tikslu tvarkomi j\u016bs\u0173 asmens duomenys:<br \/>3.3.1. Kad gal\u0117tume Jums parduoti J\u016bs\u0173 i\u0161sirinktas prekes elektronin\u0117je parduotuv\u0117je https:\/\/spasiauliai.lt\/ mums yra b\u016btina tvarkyti \u0161iuos J\u016bs\u0173 asmens duomenis: vard\u0105; pavard\u0119; telefono numer\u012f; elektroninio pa\u0161to adres\u0105; J\u016bs\u0173 \u012fsigyt\u0173 preki\u0173 pristatymo adres\u0105; IP adres\u0105.<br \/>3.3.2. Pateikti preki\u0173 pristatymo adres\u0105 pra\u0161ome J\u016bs\u0173 tik tokiu atveju, jeigu pateikdami u\u017esakym\u0105 pageidaujate, kad prekes J\u016bs\u0173 patogumui pristatytume nurodytu adresu.<br \/>3.3.3. Apgailestaujame, ta\u010diau Jums nepateikus \u0161i\u0173 asmens duomen\u0173 negal\u0117sime Jums parduoti preki\u0173, kadangi tvarkyti \u0161iuos duomenis mums yra b\u016btina sutarties sudarymui bei vykdymui, taip pat asmens duomenis mus \u012fpareigoja tvarkyti Lietuvos Respublikos teis\u0117s aktai reglamentuojantys vykdomus atsiskaitymus internetu bei buhalterin\u0117s apskaitos tvarkym\u0105.<br \/>3.4. Paslaug\u0173 gerinimo ir veiklos analiz\u0117s tikslu tvarkomi j\u016bs\u0173 asmens duomenys:<br \/>3.4.1. Norime, kad naudojimasis m\u016bs\u0173 elektronine parduotuve https:\/\/spasiauliai.lt\/ Jums b\u016bt\u0173 kuo paprastesnis ir patogesnis, tod\u0117l vykdome nuolatin\u0119 savo veiklos analiz\u0119, kurios metu analizuojame ir tvarkome \u0161iuos J\u016bs\u0173 asmens duomenis: pirkim\u0173 istorij\u0105; nar\u0161ymo m\u016bs\u0173 elektorin\u0117je parduotuv\u0117je istorij\u0105; mok\u0117jim\u0173 istorij\u0105; atsiliepimai apie j\u016bs\u0173 pirktas prekes; apklaus\u0173 metu pateiktus atsakymus; J\u016bs\u0173 ir M\u016bs\u0173 tarpusavio komunikacijos istorij\u0105.<br \/><b>4. Kam perduodami mano asmens duomenys?<\/b><br \/>4.1. J\u016bs\u0173 duomenis mes galime perduoti tvarkyti tretiesiems asmenims, kurie padeda mums vykdyti ir administruoti paslaug\u0173 teikim\u0105, teikia mums su klient\u0173 u\u017eklaus\u0173 administravimu susijusias paslaugas, bet tik tik tokia apimtimi, kuri yra b\u016btina paslaugai teikti: pvz., kurjeri\u0173 bei siuntimo paslaugas teikian\u010dioms \u012fmon\u0117ms, kurios pristato Jums prekes J\u016bs\u0173 nurodytais adresais, interneto svetain\u0117s prieglobos paslaug\u0173 teik\u0117jams, \u00a0serveri\u0173 ir j\u0173 technin\u0117s prie\u017ei\u016bros paslaug\u0173 teik\u0117jams, el. pa\u0161to paslaug\u0173 teik\u0117jams.<br \/>4.2. Su preki\u0173 pirkimu susijusias finansines operacijas m\u016bs\u0173 elektronin\u0117je parduotuv\u0117je gali tvarkyti m\u016bs\u0173 mok\u0117jimo paslaug\u0173 teik\u0117jai.\u00a0J\u016bs\u0173 finansini\u0173 operacij\u0173 duomenis savo mok\u0117jimo paslaug\u0173 teik\u0117jams atskleid\u017eiame tik tiek, kiek b\u016btina mok\u0117jimo operacijoms atlikti, pinigams gr\u0105\u017einti ir skundams nagrin\u0117ti.<br \/><b>5. Kiek laiko saugomi mano asmens duomenys?<\/b><br \/>5.1. J\u016bs\u0173 asmens duomenys yra saugomi tiek laiko kiek yra b\u016btina preki\u0173 \u012fsigijimo sutar\u010diai \u012fvykdyti bet ne trumpiau nei t\u0105 mus \u012fpareigoja daryti m\u016bs\u0173 veikl\u0105 reglamentuojantys teis\u0117s aktai.<br \/><b>6. Kokias teises Jums suteikia duomen\u0173 apsaugos teis\u0117s aktai ir kaip galite jomis pasinaudoti?<\/b><br \/>6.1. Teis\u0117 susipa\u017einti su m\u016bs\u0173 tvarkomais J\u016bs\u0173 asmens duomenimis<br \/>J\u016bs turite teis\u0119 susipa\u017einti su m\u016bs\u0173 tvarkomais J\u016bs\u0173 asmens duomenimis. Su tvarkomais J\u016bs\u0173 asmens duomenimis J\u016bs galite susipa\u017einti atsi\u0173sdami mums pra\u0161ym\u0105 elektroniniu pa\u0161tu: info@spasiauliai.lt.<br \/>6.2. Teis\u0117 i\u0161taisyti asmens duomenis<br \/>Jeigu pasikeit\u0117 J\u016bs\u0173 mums pateikti duomenys arba J\u016bs manote, kad m\u016bs\u0173 tvarkoma informacija apie Jus yra netiksli ar neteisinga, J\u016bs turite teis\u0119 reikalauti \u0161i\u0105 informacij\u0105 pakeisti, patikslinti ar i\u0161taisyti.<br \/>Jeigu pasteb\u0117jote, kad J\u016bs\u0173 asmens duomenys yra netiksl\u016bs ar nei\u0161sam\u016bs ir norite Juos pakeisti ar patikslinti tai galite padaryti savo asmenin\u0117je paskyroje savo profilio redagavimo aplinkoje. J\u016bs taip pat galite kreiptis \u012f mus atsi\u0173sdami mums pra\u0161ym\u0105 elektroniniu pa\u0161tu: info@spasiauliai.lt.<br \/>6.3. Teis\u0117 at\u0161aukti sutikim\u0105<br \/>Tais atvejais, kai J\u016bs\u0173 duomenis mes tvarkome J\u016bs\u0173 sutikimo pagrindu, J\u016bs turite teis\u0119 bet kada at\u0161aukti savo sutikim\u0105 ir J\u016bs\u0173 sutikimu grind\u017eiamas duomen\u0173 tvarkymas bus nutrauktas. Tam tikrais atvejais tai gali reik\u0161ti, kad nebegal\u0117sime suteikti galimyb\u0117s toliau naudotis m\u016bs\u0173 Paslaugomis.<br \/>Nustojus galioti J\u016bs\u0173 sutikimui, j\u012f at\u0161aukus arba panaikinus, mes J\u016bs\u0173 sutikimu tvarkytus duomenis sunaikiname. Bet kokiu atveju J\u016bs\u0173 suteikt\u0105 sutikim\u0105 ir \u012frodym\u0105 apie j\u012f mes galime saugoti ir ilgesn\u012f laikotarp\u012f, jei to reikia, kad gal\u0117tume apsiginti nuo mums pareik\u0161t\u0173 reikalavim\u0173, pretenzij\u0173 ar ie\u0161kini\u0173.<br \/>6.4. Teis\u0117 pateikti skund\u0105<br \/>Jeigu J\u016bs manote, kad J\u016bs\u0173 duomenis mes tvarkome pa\u017eeisdami duomen\u0173 apsaugos teis\u0117s akt\u0173 reikalavimus, mes visuomet pirmiausia pra\u0161ome kreiptis tiesiogiai \u012f mus. Mes tikime, kad geranori\u0161komis pastangomis mums pavyks i\u0161sklaidyti visas J\u016bs\u0173 abejones, patenkinti pra\u0161ymus ir i\u0161taisyti m\u016bs\u0173 padarytas klaidas, jeigu toki\u0173 bus. Jeigu J\u016bs\u0173 netenkins m\u016bs\u0173 si\u016blomas problemos i\u0161sprendimo b\u016bdas arba, J\u016bs\u0173 nuomone, mes nesiimsime pagal J\u016bs\u0173 pra\u0161ym\u0105 b\u016btin\u0173 veiksm\u0173, J\u016bs tur\u0117site teis\u0119 pateikti skund\u0105 prie\u017ei\u016bros institucijai, kuria Lietuvos Respublikoje yra Valstybin\u0117 duomen\u0173 apsaugos inspekcija.<br \/>6.5. Teis\u0117 nesutikti su duomen\u0173 tvarkymu, kai tvarkymas pagr\u012fstas teis\u0117tais interesais<br \/>J\u016bs turite teis\u0119 nesutikti su asmens duomen\u0173 tvarkymu, kai asmens duomenys yra tvarkomi remiantis m\u016bs\u0173 teis\u0117tais interesais. Vis d\u0117lto, atsi\u017evelgiant \u012f Paslaug\u0173 teikimo tikslus ir abiej\u0173 \u0161ali\u0173 (tiek J\u016bs\u0173, kaip duomen\u0173 subjekto, tiek m\u016bs\u0173, kaip duomen\u0173 valdytojo) teis\u0117t\u0173 interes\u0173 pusiausvyr\u0105, J\u016bs\u0173 prie\u0161taravimas gali reik\u0161ti, kad nutrauk\u0119 m\u016bs\u0173 teis\u0117tu interesu grind\u017eiam\u0105 J\u016bs\u0173 duomen\u0173 tvarkym\u0105, mes negal\u0117sime suteikti galimyb\u0117s Jums toliau naudotis Paslaugomis.<br \/>Nor\u0117dami pasinaudoti \u0161iame skirsnyje nurodyta teise, pra\u0161om pateikti ra\u0161ti\u0161k\u0105 pra\u0161ym\u0105 elektroniniu pa\u0161tu: info@spasiauliai.lt.<br \/>6.6. Teis\u0117 i\u0161trinti duomenis (teis\u0117 b\u016bti pamir\u0161tam)<br \/>Esant tam tikroms duomen\u0173 tvarkymo teis\u0117s aktuose \u012fvardintoms aplinkyb\u0117ms (kai asmens duomenys tvarkomi neteis\u0117tai, i\u0161nyko duomen\u0173 tvarkymo pagrindas ir kt.), J\u016bs turite teis\u0119 pra\u0161yti, kad mes i\u0161trintume J\u016bs\u0173 asmens duomenis. Nor\u0117dami pasinaudoti \u0161ia teise, pra\u0161om pateikti ra\u0161ti\u0161k\u0105 pra\u0161ym\u0105 elektroniniu pa\u0161tu: info@spasiauliai.lt<br \/>Apgailestaujame, ta\u010diau J\u016bs\u0173 asmens duomenys nebus panaikinti i\u0161 m\u016bs\u0173 duomen\u0173 baz\u0117s jei gav\u0119 J\u016bs\u0173 pra\u0161ym\u0105 nustatysime, kad:<br \/>J\u016bs\u0173 asmens duomenys yra reikalingi, kad b\u016bt\u0173 pasiekti tikslai d\u0117l kuri\u0173 jie buvo surinkti ar tvarkomi;<br \/>J\u016bs nesate at\u0161auk\u0119s sutikimo d\u0117l J\u016bs\u0173 asmens duomen\u0173 tvarkymo;<br \/>J\u016bs nesutikote su J\u016bs\u0173 asmens duomen\u0173 tvarkymu, ta\u010diau toks duomen\u0173 tvarkymas yra b\u016btinas d\u0117l m\u016bs\u0173 teis\u0117t\u0173 interes\u0173;<br \/>Tvarkyti J\u016bs\u0173 asmens duomenis mus \u012fpareigoja taikomi Europos s\u0105jungos ir nacionaliniai teis\u0117s aktai.<br \/>J\u016bs\u0173 duomenis mums b\u016btina tvarkyti d\u0117l teisini\u0173 reikalavim\u0173 parei\u0161kimo, vykdymo ar gynimo.<br \/>Svarbu pa\u017eym\u0117ti, kad J\u016bs\u0173 anketiniai duomenys be J\u016bs\u0173 atskiro pra\u0161ymo bus i\u0161trinti, o kiti duomenys \u2013 i\u0161trinti arba patikimai nuasmeninti, jeigu J\u016bs nutrauksite naudojim\u0105si Paslaugomis.<br \/>6.7. Teis\u0117 apriboti duomen\u0173 tvarkym\u0105<br \/>Esant tam tikroms duomen\u0173 tvarkymo teis\u0117s aktuose \u012fvardintoms aplinkyb\u0117ms (kai asmens duomenys tvarkomi neteis\u0117tai, J\u016bs u\u017egin\u010dijate duomen\u0173 tikslum\u0105, J\u016bs pateik\u0117te prie\u0161taravim\u0105 d\u0117l duomen\u0173 tvarkymo m\u016bs\u0173 teis\u0117to intereso pagrindu ir kt.), J\u016bs taip pat turite teis\u0119 apriboti J\u016bs\u0173 duomen\u0173 tvarkym\u0105. Visgi, turime pa\u017eym\u0117ti, kad d\u0117l duomen\u0173 tvarkymo apribojimo ir tokio apribojimo laikotarpiu mes galime netur\u0117ti galimyb\u0117s u\u017etikrinti Jums Paslaug\u0173 teikimo.<br \/>Nor\u0117dami pasinaudoti \u0161iame skirsnyje nurodyta teise, pra\u0161om pateikti ra\u0161ti\u0161k\u0105 pra\u0161ym\u0105 elektroniniu pa\u0161tu: info@spasiauliai.lt.<br \/>6.8. Teis\u0117 \u012f duomen\u0173 perkeliamum\u0105<br \/>Duomenis, kuriuos mes tvarkome pagal J\u016bs\u0173 sutikim\u0105 ir kuri\u0173 tvarkymas atliekamas taikant automatizuotas priemones, J\u016bs turite teis\u0119 perkelti kitam duomen\u0173 valdytojui. J\u016bs\u0173 pageidaujamus perkelti duomenis mes Jums pateiksime \u012fprastai m\u016bs\u0173 sistemose naudojamu ir kompiuterio skaitomu formatu, o Jums pageidaujant ir esant technin\u0117ms galimyb\u0117ms, persi\u0173sime duomenis tiesiogiai J\u016bs\u0173 nurodytam kitam duomen\u0173 valdytojui.<br \/>Nor\u0117dami pasinaudoti teise \u012f duomen\u0173 perkeliamum\u0105, pra\u0161om pateikti ra\u0161ti\u0161k\u0105 pra\u0161ym\u0105 elektroniniu pa\u0161tu: info@spasiauliai.lt.<br \/>6.9. Pra\u0161ym\u0173 nagrin\u0117jimo tvarka<br \/>Siekdami apsaugoti vis\u0173 savo m\u016bs\u0173 pirk\u0117j\u0173 duomenis nuo neteis\u0117to atskleidimo, mes, gav\u0119 J\u016bs\u0173 pra\u0161ym\u0105 pateikti duomenis ar \u012fgyvendinti kitas J\u016bs\u0173 teises, turime teis\u0119 nustatyti J\u016bs\u0173 tapatyb\u0119. \u0160iuo tikslu mes galime pra\u0161yti Jus nurodyti J\u016bs\u0173 registracijos anketoje pateiktus aktualius anketinius duomenis (pvz.: vard\u0105, el. pa\u0161to adres\u0105 ar tel. numer\u012f) ir lyginsime, ar J\u016bs\u0173 nurodyti duomenys sutampa su atitinkamais anketiniais duomenimis.<br \/><b>7. Kas yra slapukai?<\/b><br \/>7.1. Mes naudojame slapukus (tai nedidelis informacijos failas, atsi\u0173stas \u012f J\u016bs\u0173 kompiuter\u012f ar kit\u0105 \u012frengin\u012f (pavyzd\u017eiui, mobil\u0173j\u012f telefon\u0105) Jums besilankant m\u016bs\u0173 svetain\u0117je, ir i\u0161saugomas J\u016bs\u0173 nar\u0161ykl\u0117je. Slapukas yra atsiun\u010diamas \u012f J\u016bs\u0173 kompiuter\u012f ar kit\u0105 \u012frengin\u012f tam, kad i\u0161saugot\u0173 duomenis, o mes gal\u0117tume Jus, kaip Paslaug\u0173 naudotoj\u0105, atpa\u017einti apsilankius m\u016bs\u0173 svetain\u0117je. Slapuk\u0173 pagalba mes taip pat galime susieti J\u016bs\u0173 pirkimo istorij\u0105, kitus duomenis, surinktus Jums naudojantis Paslaugomis, su J\u016bs\u0173 nar\u0161ymu internete. Mes taip pat naudojam\u0117s Facebook, Google, kit\u0173 internetini\u0173 reklam\u0173 teik\u0117j\u0173 paslaugomis. Apie \u0161i\u0173 paslaug\u0173 teik\u0117j\u0173 privatumo politik\u0105, renkamus duomenis ir taikomas asmens duomen\u0173 apsaugos priemones galite perskaityti min\u0117t\u0173 paslaug\u0173 teik\u0117j\u0173 privatumo politikose. Daugiau informacijos apie tai, kaip veikia, o taip pat informacij\u0105 apie tai, kaip galite nesutikti su toki\u0173 reklam\u0173 rodymu ar tokiu duomen\u0173 naudojimu, rasite min\u0117t\u0173 paslaug\u0173 teik\u0117j\u0173 pateikiamoje informacijoje \u2013<br \/><a href=\"https:\/\/www.facebook.com\/policies\/ads\">https:\/\/www.facebook.com\/policies\/ads#<\/a>;\u00a0<a href=\"https:\/\/policies.google.com\/technologies\/ads\">https:\/\/policies.google.com\/technologies\/ads<\/a><br \/><b>8. Kokiais b\u016bdais ir kokiais kontaktais galite su mumis susisiekti?<\/b><br \/>Visais duomen\u0173 tvarkymo klausimais su mumis susisiekti elektroniniu pa\u0161tu: info@spasiauliai.lt.<br \/><b>9. Politikos galiojimas ir pakeitimai<\/b><br \/>\u0160i Politika galioja nuo 2018 m. gegu\u017e\u0117s 25 d. Jei pakeisime \u0161i\u0105 Politik\u0105, paskelbsime jos atnaujint\u0105 versij\u0105 \u0161iame puslapyje.<\/p>\n\n\t\t<\/div>\n\t\t\t\t\n<style>\n#col-2022407901 > .col-inner {\n  margin: 0px 0px -70px 0px;\n}\n<\/style>\n\t<\/div>\n\n\t\n\n<\/div>","protected":false},"excerpt":{"rendered":"","protected":false},"author":1,"featured_media":0,"parent":0,"menu_order":0,"comment_status":"closed","ping_status":"closed","template":"","meta":{"footnotes":""},"class_list":["post-286","page","type-page","status-publish","hentry"],"_links":{"self":[{"href":"https:\/\/spasiauliai.lt\/index.php?rest_route=\/wp\/v2\/pages\/286","targetHints":{"allow":["GET"]}}],"collection":[{"href":"https:\/\/spasiauliai.lt\/index.php?rest_route=\/wp\/v2\/pages"}],"about":[{"href":"https:\/\/spasiauliai.lt\/index.php?rest_route=\/wp\/v2\/types\/page"}],"author":[{"embeddable":true,"href":"https:\/\/spasiauliai.lt\/index.php?rest_route=\/wp\/v2\/users\/1"}],"replies":[{"embeddable":true,"href":"https:\/\/spasiauliai.lt\/index.php?rest_route=%2Fwp%2Fv2%2Fcomments&post=286"}],"version-history":[{"count":6,"href":"https:\/\/spasiauliai.lt\/index.php?rest_route=\/wp\/v2\/pages\/286\/revisions"}],"predecessor-version":[{"id":775,"href":"https:\/\/spasiauliai.lt\/index.php?rest_route=\/wp\/v2\/pages\/286\/revisions\/775"}],"wp:attachment":[{"href":"https:\/\/spasiauliai.lt\/index.php?rest_route=%2Fwp%2Fv2%2Fmedia&parent=286"}],"curies":[{"name":"wp","href":"https:\/\/api.w.org\/{rel}","templated":true}]}}