{"id":267,"date":"2019-08-09T22:51:01","date_gmt":"2019-08-09T19:51:01","guid":{"rendered":"https:\/\/spasiauliai.lt\/?page_id=267"},"modified":"2022-06-04T15:27:15","modified_gmt":"2022-06-04T12:27:15","slug":"saliu-nuoma","status":"publish","type":"page","link":"https:\/\/spasiauliai.lt\/?page_id=267","title":{"rendered":"Sali\u0173 nuoma"},"content":{"rendered":"<div class=\"row align-middle\"  id=\"row-1599332265\">\n\n\n\t<div id=\"col-1534684335\" class=\"col small-12 large-12\"  >\n\t\t\t\t<div class=\"col-inner\"  >\n\t\t\t\n\t\t\t\n\n<div class=\"container section-title-container\" style=\"margin-top:20px;\"><h1 class=\"section-title section-title-normal\"><b><\/b><span class=\"section-title-main\" >Sali\u0173 nuoma<\/span><b><\/b><\/h1><\/div>\n\n\n\t\t<\/div>\n\t\t\t\t\n<style>\n#col-1534684335 > .col-inner {\n  margin: 0px 0px -30px 0px;\n}\n<\/style>\n\t<\/div>\n\n\t\n\n<\/div>\n<div class=\"row\"  id=\"row-1301661858\">\n\n\n\t<div id=\"col-900051667\" class=\"col small-12 large-12\"  >\n\t\t\t\t<div class=\"col-inner text-center\"  >\n\t\t\t\n\t\t\t\n\n\t<div id=\"text-587055289\" class=\"text\">\n\t\t\n\n<h3>KONFERENCIJ\u0172\/ BANKET\u0172\/ POKYLI\u0172 SAL\u0116S NUOMA<\/h3>\n<p>1 val. \u2013 20 \u20ac<\/p>\n<p>1 diena \u2013 150 \u20ac Trukm\u0117: visa para (maksimaliai iki 6 val. ryto).<\/p>\n<p>1 diena (savaitgalio ar \u0161ventin\u0117s) \u2013 200 \u20ac Trukm\u0117: visa para (maksimaliai iki 6 val. ryto).<\/p>\n<p>*\u012eskai\u010diuota: stalai, k\u0117d\u0117s, garso ir vaizdo \u012franga<\/p>\n<p>* Nuomotojas ir nuomininkas pasira\u0161o sutart\u012f, \u017ealos atveju, administratorius \u012fvertina nuostol\u012f, kur\u012f nuomininkas privalo sumok\u0117ti.<\/p>\n\t\t\n<style>\n#text-587055289 {\n  text-align: left;\n}\n<\/style>\n\t<\/div>\n\t\n\n  \n    <div class=\"row large-columns-4 medium-columns-3 small-columns-2 row-xsmall\" >\n  <div class=\"gallery-col col\" >\n          <div class=\"col-inner\">\n            <a class=\"image-lightbox lightbox-gallery\" href=\"https:\/\/spasiauliai.lt\/wp-content\/uploads\/2022\/06\/sales4.jpg\" title=\"\">            <div class=\"box has-hover gallery-box box-none\">\n              <div class=\"box-image\" >\n                <img loading=\"lazy\" decoding=\"async\" width=\"300\" height=\"225\" src=\"https:\/\/spasiauliai.lt\/wp-content\/uploads\/2022\/06\/sales4-300x225.jpg\" class=\"attachment-medium size-medium\" alt=\"\" ids=\"924,925,926,927\" style=\"none\" col_spacing=\"xsmall\" srcset=\"https:\/\/spasiauliai.lt\/wp-content\/uploads\/2022\/06\/sales4-300x225.jpg 300w, https:\/\/spasiauliai.lt\/wp-content\/uploads\/2022\/06\/sales4-768x576.jpg 768w, https:\/\/spasiauliai.lt\/wp-content\/uploads\/2022\/06\/sales4-600x450.jpg 600w, https:\/\/spasiauliai.lt\/wp-content\/uploads\/2022\/06\/sales4.jpg 900w\" sizes=\"auto, (max-width: 300px) 100vw, 300px\" \/>                                                              <\/div>\n              <div class=\"box-text text-left\" >\n                 <p><\/p>\n              <\/div>\n            <\/div>\n            <\/a>          <\/div>\n         <\/div><div class=\"gallery-col col\" >\n          <div class=\"col-inner\">\n            <a class=\"image-lightbox lightbox-gallery\" href=\"https:\/\/spasiauliai.lt\/wp-content\/uploads\/2022\/06\/sales3.jpg\" title=\"\">            <div class=\"box has-hover gallery-box box-none\">\n              <div class=\"box-image\" >\n                <img loading=\"lazy\" decoding=\"async\" width=\"300\" height=\"225\" src=\"https:\/\/spasiauliai.lt\/wp-content\/uploads\/2022\/06\/sales3-300x225.jpg\" class=\"attachment-medium size-medium\" alt=\"\" ids=\"924,925,926,927\" style=\"none\" col_spacing=\"xsmall\" srcset=\"https:\/\/spasiauliai.lt\/wp-content\/uploads\/2022\/06\/sales3-300x225.jpg 300w, https:\/\/spasiauliai.lt\/wp-content\/uploads\/2022\/06\/sales3-768x576.jpg 768w, https:\/\/spasiauliai.lt\/wp-content\/uploads\/2022\/06\/sales3-600x450.jpg 600w, https:\/\/spasiauliai.lt\/wp-content\/uploads\/2022\/06\/sales3.jpg 900w\" sizes=\"auto, (max-width: 300px) 100vw, 300px\" \/>                                                              <\/div>\n              <div class=\"box-text text-left\" >\n                 <p><\/p>\n              <\/div>\n            <\/div>\n            <\/a>          <\/div>\n         <\/div><div class=\"gallery-col col\" >\n          <div class=\"col-inner\">\n            <a class=\"image-lightbox lightbox-gallery\" href=\"https:\/\/spasiauliai.lt\/wp-content\/uploads\/2022\/06\/sales2.jpg\" title=\"\">            <div class=\"box has-hover gallery-box box-none\">\n              <div class=\"box-image\" >\n                <img loading=\"lazy\" decoding=\"async\" width=\"300\" height=\"225\" src=\"https:\/\/spasiauliai.lt\/wp-content\/uploads\/2022\/06\/sales2-300x225.jpg\" class=\"attachment-medium size-medium\" alt=\"\" ids=\"924,925,926,927\" style=\"none\" col_spacing=\"xsmall\" srcset=\"https:\/\/spasiauliai.lt\/wp-content\/uploads\/2022\/06\/sales2-300x225.jpg 300w, https:\/\/spasiauliai.lt\/wp-content\/uploads\/2022\/06\/sales2-768x576.jpg 768w, https:\/\/spasiauliai.lt\/wp-content\/uploads\/2022\/06\/sales2-600x450.jpg 600w, https:\/\/spasiauliai.lt\/wp-content\/uploads\/2022\/06\/sales2.jpg 900w\" sizes=\"auto, (max-width: 300px) 100vw, 300px\" \/>                                                              <\/div>\n              <div class=\"box-text text-left\" >\n                 <p><\/p>\n              <\/div>\n            <\/div>\n            <\/a>          <\/div>\n         <\/div><div class=\"gallery-col col\" >\n          <div class=\"col-inner\">\n            <a class=\"image-lightbox lightbox-gallery\" href=\"https:\/\/spasiauliai.lt\/wp-content\/uploads\/2022\/06\/sales1.jpg\" title=\"\">            <div class=\"box has-hover gallery-box box-none\">\n              <div class=\"box-image\" >\n                <img loading=\"lazy\" decoding=\"async\" width=\"300\" height=\"225\" src=\"https:\/\/spasiauliai.lt\/wp-content\/uploads\/2022\/06\/sales1-300x225.jpg\" class=\"attachment-medium size-medium\" alt=\"\" ids=\"924,925,926,927\" style=\"none\" col_spacing=\"xsmall\" srcset=\"https:\/\/spasiauliai.lt\/wp-content\/uploads\/2022\/06\/sales1-300x225.jpg 300w, https:\/\/spasiauliai.lt\/wp-content\/uploads\/2022\/06\/sales1-768x576.jpg 768w, https:\/\/spasiauliai.lt\/wp-content\/uploads\/2022\/06\/sales1-600x450.jpg 600w, https:\/\/spasiauliai.lt\/wp-content\/uploads\/2022\/06\/sales1.jpg 900w\" sizes=\"auto, (max-width: 300px) 100vw, 300px\" \/>                                                              <\/div>\n              <div class=\"box-text text-left\" >\n                 <p><\/p>\n              <\/div>\n            <\/div>\n            <\/a>          <\/div>\n         <\/div><\/div>\n\n\n\t\t<\/div>\n\t\t\t\t\n<style>\n#col-900051667 > .col-inner {\n  margin: 0px 0px -2px 0px;\n}\n<\/style>\n\t<\/div>\n\n\t\n\n<\/div>","protected":false},"excerpt":{"rendered":"","protected":false},"author":1,"featured_media":0,"parent":0,"menu_order":0,"comment_status":"closed","ping_status":"closed","template":"page-blank.php","meta":{"footnotes":""},"class_list":["post-267","page","type-page","status-publish","hentry"],"_links":{"self":[{"href":"https:\/\/spasiauliai.lt\/index.php?rest_route=\/wp\/v2\/pages\/267","targetHints":{"allow":["GET"]}}],"collection":[{"href":"https:\/\/spasiauliai.lt\/index.php?rest_route=\/wp\/v2\/pages"}],"about":[{"href":"https:\/\/spasiauliai.lt\/index.php?rest_route=\/wp\/v2\/types\/page"}],"author":[{"embeddable":true,"href":"https:\/\/spasiauliai.lt\/index.php?rest_route=\/wp\/v2\/users\/1"}],"replies":[{"embeddable":true,"href":"https:\/\/spasiauliai.lt\/index.php?rest_route=%2Fwp%2Fv2%2Fcomments&post=267"}],"version-history":[{"count":19,"href":"https:\/\/spasiauliai.lt\/index.php?rest_route=\/wp\/v2\/pages\/267\/revisions"}],"predecessor-version":[{"id":929,"href":"https:\/\/spasiauliai.lt\/index.php?rest_route=\/wp\/v2\/pages\/267\/revisions\/929"}],"wp:attachment":[{"href":"https:\/\/spasiauliai.lt\/index.php?rest_route=%2Fwp%2Fv2%2Fmedia&parent=267"}],"curies":[{"name":"wp","href":"https:\/\/api.w.org\/{rel}","templated":true}]}}