{"id":22,"date":"2019-04-08T19:31:58","date_gmt":"2019-04-08T19:31:58","guid":{"rendered":"https:\/\/spasiauliai.lt\/?page_id=22"},"modified":"2024-02-05T17:59:14","modified_gmt":"2024-02-05T15:59:14","slug":"pradinis","status":"publish","type":"page","link":"https:\/\/spasiauliai.lt\/","title":{"rendered":"Pradinis"},"content":{"rendered":"<div class=\"slider-wrapper relative\" id=\"slider-704740857\" >\n    <div class=\"slider slider-nav-circle slider-nav-large slider-nav-light slider-style-focus\"\n        data-flickity-options='{\n            \"cellAlign\": \"center\",\n            \"imagesLoaded\": true,\n            \"lazyLoad\": 1,\n            \"freeScroll\": false,\n            \"wrapAround\": true,\n            \"autoPlay\": 6000,\n            \"pauseAutoPlayOnHover\" : false,\n            \"prevNextButtons\": true,\n            \"contain\" : true,\n            \"adaptiveHeight\" : true,\n            \"dragThreshold\" : 10,\n            \"percentPosition\": true,\n            \"pageDots\": false,\n            \"rightToLeft\": false,\n            \"draggable\": true,\n            \"selectedAttraction\": 0.1,\n            \"parallax\" : 0,\n            \"friction\": 0.6        }'\n        >\n        \n\n\n  <div class=\"banner has-hover has-parallax\" id=\"banner-1131391788\">\n          <div class=\"banner-inner fill\">\n        <div class=\"banner-bg fill\" data-parallax=\"-2\" data-parallax-container=\".banner\" data-parallax-background>\n            <img loading=\"lazy\" decoding=\"async\" width=\"1280\" height=\"960\" src=\"https:\/\/spasiauliai.lt\/wp-content\/uploads\/2019\/07\/61791013_452793365295770_7077823808492535808_n-e1574964338813.jpg\" class=\"bg attachment-original size-original\" alt=\"\" \/>                                    \n                    <\/div>\n\t\t\n        <div class=\"banner-layers container\">\n            <div class=\"fill banner-link\"><\/div>            \n\n   <div id=\"text-box-721688681\" class=\"text-box banner-layer x50 md-x50 lg-x50 y75 md-y80 lg-y85 res-text\">\n                                <div class=\"text-box-content text dark\">\n              \n              <div class=\"text-inner text-center\">\n                  \n\n<h3 class=\"uppercase\"><strong>MUS RASITE<\/strong><\/h3>\n<h4><strong>Gytari\u0173 g. 24, \u0160iauliai<\/strong><\/h4>\n\n              <\/div>\n           <\/div>\n                            \n<style>\n#text-box-721688681 {\n  width: 60%;\n}\n#text-box-721688681 .text-box-content {\n  font-size: 100%;\n}\n<\/style>\n    <\/div>\n \n\n        <\/div>\n      <\/div>\n\n            \n<style>\n#banner-1131391788 {\n  padding-top: 398px;\n  background-color: rgb(255, 255, 255);\n}\n@media (min-width:550px) {\n  #banner-1131391788 {\n    padding-top: 500px;\n  }\n}\n<\/style>\n  <\/div>\n\n\n\n  <div class=\"banner has-hover has-parallax\" id=\"banner-1114954526\">\n          <div class=\"banner-inner fill\">\n        <div class=\"banner-bg fill\" data-parallax=\"-2\" data-parallax-container=\".banner\" data-parallax-background>\n            <img loading=\"lazy\" decoding=\"async\" width=\"1920\" height=\"1280\" src=\"https:\/\/spasiauliai.lt\/wp-content\/uploads\/2019\/08\/kontaktupsl.jpg\" class=\"bg attachment-original size-original\" alt=\"\" \/>                                    \n                    <\/div>\n\t\t\n        <div class=\"banner-layers container\">\n            <div class=\"fill banner-link\"><\/div>            \n\n   <div id=\"text-box-248177056\" class=\"text-box banner-layer x50 md-x50 lg-x50 y50 md-y50 lg-y50 res-text\">\n                                <div class=\"text-box-content text dark\">\n              \n              <div class=\"text-inner text-center\">\n                  \n\n<h3 class=\"uppercase\"><b>Autenti\u0161kos pirties proced\u016bros<\/b><\/h3>\n\n              <\/div>\n           <\/div>\n                            \n<style>\n#text-box-248177056 {\n  width: 79%;\n}\n#text-box-248177056 .text-box-content {\n  font-size: 100%;\n}\n@media (min-width:550px) {\n  #text-box-248177056 {\n    width: 59%;\n  }\n}\n@media (min-width:850px) {\n  #text-box-248177056 {\n    width: 49%;\n  }\n}\n<\/style>\n    <\/div>\n \n\n        <\/div>\n      <\/div>\n\n            \n<style>\n#banner-1114954526 {\n  padding-top: 398px;\n  background-color: rgb(255, 255, 255);\n}\n@media (min-width:550px) {\n  #banner-1114954526 {\n    padding-top: 500px;\n  }\n}\n<\/style>\n  <\/div>\n\n\n\n  <div class=\"banner has-hover\" id=\"banner-563743290\">\n          <div class=\"banner-inner fill\">\n        <div class=\"banner-bg fill\" >\n            <img loading=\"lazy\" decoding=\"async\" width=\"800\" height=\"600\" src=\"https:\/\/spasiauliai.lt\/wp-content\/uploads\/2019\/08\/hamamas.jpeg\" class=\"bg attachment-original size-original\" alt=\"\" \/>                        <div class=\"overlay\"><\/div>            \n                    <\/div>\n\t\t\n        <div class=\"banner-layers container\">\n            <div class=\"fill banner-link\"><\/div>            \n\n   <div id=\"text-box-1173551052\" class=\"text-box banner-layer x5 md-x10 lg-x10 y50 md-y0 lg-y40 res-text\">\n                                <div class=\"text-box-content text dark\">\n              \n              <div class=\"text-inner text-center\">\n                  \n\n<h3 class=\"uppercase\"><strong>\u012evairios SPA proced\u016bros<\/strong><\/h3>\n\n              <\/div>\n           <\/div>\n                            \n<style>\n#text-box-1173551052 {\n  width: 55%;\n}\n#text-box-1173551052 .text-box-content {\n  font-size: 100%;\n}\n@media (min-width:550px) {\n  #text-box-1173551052 {\n    width: 31%;\n  }\n}\n@media (min-width:850px) {\n  #text-box-1173551052 {\n    width: 28%;\n  }\n}\n<\/style>\n    <\/div>\n \n\n        <\/div>\n      <\/div>\n\n            \n<style>\n#banner-563743290 {\n  padding-top: 398px;\n  background-color: rgb(255, 255, 255);\n}\n#banner-563743290 .overlay {\n  background-color: rgba(0, 0, 0, 0.31);\n}\n@media (min-width:550px) {\n  #banner-563743290 {\n    padding-top: 500px;\n  }\n}\n<\/style>\n  <\/div>\n\n\n\n  <div class=\"banner has-hover has-parallax\" id=\"banner-63373807\">\n          <div class=\"banner-inner fill\">\n        <div class=\"banner-bg fill\" data-parallax=\"-2\" data-parallax-container=\".banner\" data-parallax-background>\n            <img loading=\"lazy\" decoding=\"async\" width=\"1280\" height=\"960\" src=\"https:\/\/spasiauliai.lt\/wp-content\/uploads\/2020\/01\/20190921_1453271.jpg\" class=\"bg attachment-original size-original\" alt=\"\" \/>                                    \n                    <\/div>\n\t\t\n        <div class=\"banner-layers container\">\n            <div class=\"fill banner-link\"><\/div>            \n\n\n        <\/div>\n      <\/div>\n\n            \n<style>\n#banner-63373807 {\n  padding-top: 398px;\n  background-color: rgb(255, 255, 255);\n}\n@media (min-width:550px) {\n  #banner-63373807 {\n    padding-top: 500px;\n  }\n}\n<\/style>\n  <\/div>\n\n\n\n     <\/div>\n\n     <div class=\"loading-spin dark large centered\"><\/div>\n\n\t<\/div>\n\n\n\n\t<section class=\"section\" id=\"section_1415157494\">\n\t\t<div class=\"section-bg fill\" >\n\t\t\t\t\t\t\t\t\t\n\t\t\t\n\n\t\t<\/div>\n\n\t\t\n\n\t\t<div class=\"section-content relative\">\n\t\t\t\n\n<div class=\"container section-title-container\" style=\"margin-bottom:10px;\"><h1 class=\"section-title section-title-normal\"><b><\/b><span class=\"section-title-main\" >Paslaugos<\/span><b><\/b><\/h1><\/div>\n\n<div class=\"row row-small\" style=\"max-width:1090px\" id=\"row-198407580\">\n\n\n\t<div id=\"col-2097465125\" class=\"col medium-3 small-12 large-3\"  >\n\t\t\t\t<div class=\"col-inner\"  >\n\t\t\t\n\t\t\t\n\n\n  <div class=\"banner has-hover bg-zoom\" id=\"banner-1278027487\">\n          <div class=\"banner-inner fill\">\n        <div class=\"banner-bg fill\" >\n            <img loading=\"lazy\" decoding=\"async\" width=\"900\" height=\"675\" src=\"https:\/\/spasiauliai.lt\/wp-content\/uploads\/2019\/08\/67403560_488838395206597_2318425738677583872_n-e1564986930937.jpg\" class=\"bg attachment-original size-original\" alt=\"\" \/>                        <div class=\"overlay\"><\/div>            \n                    <\/div>\n\t\t\n        <div class=\"banner-layers container\">\n            <div class=\"fill banner-link\"><\/div>            \n\n   <div id=\"text-box-1310502094\" class=\"text-box banner-layer x50 md-x50 lg-x50 y10 md-y15 lg-y15 res-text\">\n                                <div class=\"text-box-content text dark\">\n              \n              <div class=\"text-inner text-center\">\n                  \n\n<h1 class=\"uppercase\"><strong>ETNO SPA PIRTIS<\/strong><\/h1>\n<a href=\"https:\/\/spasiauliai.lt\/?page_id=56\" class=\"button white is-outline is-xlarge\"  >\n\t\t<span>PLA\u010cIAU<\/span>\n\t<i class=\"icon-angle-right\" aria-hidden=\"true\" ><\/i><\/a>\n\n\n\n              <\/div>\n           <\/div>\n                            \n<style>\n#text-box-1310502094 {\n  width: 93%;\n}\n#text-box-1310502094 .text-box-content {\n  font-size: 100%;\n}\n<\/style>\n    <\/div>\n \n   <div id=\"text-box-424327174\" class=\"text-box banner-layer x50 md-x50 lg-x50 y55 md-y50 lg-y50 res-text\">\n                                <div class=\"text-box-content text dark\">\n              \n              <div class=\"text-inner text-center\">\n                  \n\n<div class=\"is-divider divider clearfix\" style=\"max-width:100%;height:2px;background-color:rgb(255, 255, 255);\"><\/div>\n\n\n              <\/div>\n           <\/div>\n                            \n<style>\n#text-box-424327174 {\n  width: 100%;\n}\n#text-box-424327174 .text-box-content {\n  font-size: 100%;\n}\n<\/style>\n    <\/div>\n \n   <div id=\"text-box-286751371\" class=\"text-box banner-layer x50 md-x50 lg-x50 y95 md-y85 lg-y85 res-text\">\n                                <div class=\"text-box-content text dark\">\n              \n              <div class=\"text-inner text-center\">\n                  \n\n<h1 class=\"uppercase\"><strong>Smart SPA PIRTIS<\/strong><\/h1>\n<a href=\"https:\/\/spasiauliai.lt\/?page_id=713\" class=\"button white is-outline is-xlarge\"  >\n\t\t<span>PLA\u010cIAU<\/span>\n\t<i class=\"icon-angle-right\" aria-hidden=\"true\" ><\/i><\/a>\n\n\n\n              <\/div>\n           <\/div>\n                            \n<style>\n#text-box-286751371 {\n  width: 93%;\n}\n#text-box-286751371 .text-box-content {\n  font-size: 100%;\n}\n<\/style>\n    <\/div>\n \n\n        <\/div>\n      <\/div>\n\n            \n<style>\n#banner-1278027487 {\n  padding-top: 480px;\n}\n#banner-1278027487 .overlay {\n  background-color: rgba(0, 0, 0, 0.44);\n}\n@media (min-width:550px) {\n  #banner-1278027487 {\n    padding-top: 530px;\n  }\n}\n<\/style>\n  <\/div>\n\n\n\n\t\t<\/div>\n\t\t\t\t\t<\/div>\n\n\t\n\n\t<div id=\"col-82250565\" class=\"col medium-3 small-12 large-3\"  >\n\t\t\t\t<div class=\"col-inner\"  >\n\t\t\t\n\t\t\t\n\n\n  <div class=\"banner has-hover bg-zoom\" id=\"banner-1164943806\">\n          <div class=\"banner-inner fill\">\n        <div class=\"banner-bg fill\" >\n            <img loading=\"lazy\" decoding=\"async\" width=\"983\" height=\"960\" src=\"https:\/\/spasiauliai.lt\/wp-content\/uploads\/2019\/08\/spa-proceduros.jpg\" class=\"bg attachment-original size-original\" alt=\"\" \/>                        <div class=\"overlay\"><\/div>            \n                    <\/div>\n\t\t\n        <div class=\"banner-layers container\">\n            <div class=\"fill banner-link\"><\/div>            \n\n   <div id=\"text-box-1413112975\" class=\"text-box banner-layer x50 md-x100 lg-x50 y50 md-y50 lg-y50 res-text\">\n                                <div class=\"text-box-content text dark\">\n              \n              <div class=\"text-inner text-center\">\n                  \n\n<h1 class=\"uppercase\"><strong>SPA proced\u016bros<\/strong><\/h1>\n<a href=\"https:\/\/spasiauliai.lt\/?page_id=50\" class=\"button white is-outline is-xlarge\"  >\n\t\t<span>PLA\u010cIAU<\/span>\n\t<i class=\"icon-angle-right\" aria-hidden=\"true\" ><\/i><\/a>\n\n\n\n              <\/div>\n           <\/div>\n                            \n<style>\n#text-box-1413112975 {\n  width: 96%;\n}\n#text-box-1413112975 .text-box-content {\n  font-size: 100%;\n}\n<\/style>\n    <\/div>\n \n\n        <\/div>\n      <\/div>\n\n            \n<style>\n#banner-1164943806 {\n  padding-top: 300px;\n}\n#banner-1164943806 .overlay {\n  background-color: rgba(0, 0, 0, 0.44);\n}\n@media (min-width:550px) {\n  #banner-1164943806 {\n    padding-top: 530px;\n  }\n}\n<\/style>\n  <\/div>\n\n\n\n\t\t<\/div>\n\t\t\t\t\t<\/div>\n\n\t\n\n\t<div id=\"col-1578350608\" class=\"col medium-3 small-12 large-3\"  >\n\t\t\t\t<div class=\"col-inner\"  >\n\t\t\t\n\t\t\t\n\n\n  <div class=\"banner has-hover bg-zoom\" id=\"banner-96361645\">\n          <div class=\"banner-inner fill\">\n        <div class=\"banner-bg fill\" >\n            <img loading=\"lazy\" decoding=\"async\" width=\"681\" height=\"960\" src=\"https:\/\/spasiauliai.lt\/wp-content\/uploads\/2019\/08\/salesnuoma.jpg\" class=\"bg attachment-original size-original\" alt=\"\" \/>                        <div class=\"overlay\"><\/div>            \n                    <\/div>\n\t\t\n        <div class=\"banner-layers container\">\n            <div class=\"fill banner-link\"><\/div>            \n\n   <div id=\"text-box-187415889\" class=\"text-box banner-layer x50 md-x50 lg-x50 y50 md-y50 lg-y50 res-text\">\n                                <div class=\"text-box-content text dark\">\n              \n              <div class=\"text-inner text-center\">\n                  \n\n<h2 class=\"uppercase\"><strong>Konferencijos \/ pirties sali\u0173 nuoma<\/strong><\/h2>\n<a href=\"https:\/\/spasiauliai.lt\/?page_id=267\" class=\"button white is-outline is-xlarge\"  >\n\t\t<span>PLA\u010cIAU<\/span>\n\t<i class=\"icon-angle-right\" aria-hidden=\"true\" ><\/i><\/a>\n\n\n\n              <\/div>\n           <\/div>\n                            \n<style>\n#text-box-187415889 {\n  width: 99%;\n}\n#text-box-187415889 .text-box-content {\n  font-size: 87%;\n}\n@media (min-width:850px) {\n  #text-box-187415889 .text-box-content {\n    font-size: 100%;\n  }\n}\n<\/style>\n    <\/div>\n \n\n        <\/div>\n      <\/div>\n\n            \n<style>\n#banner-96361645 {\n  padding-top: 300px;\n}\n#banner-96361645 .overlay {\n  background-color: rgba(0, 0, 0, 0.44);\n}\n@media (min-width:550px) {\n  #banner-96361645 {\n    padding-top: 530px;\n  }\n}\n<\/style>\n  <\/div>\n\n\n\n\t\t<\/div>\n\t\t\t\t\t<\/div>\n\n\t\n\n\t<div id=\"col-1752157545\" class=\"col medium-3 small-12 large-3\"  >\n\t\t\t\t<div class=\"col-inner\"  >\n\t\t\t\n\t\t\t\n\n\n  <div class=\"banner has-hover bg-zoom\" id=\"banner-1554104130\">\n          <div class=\"banner-inner fill\">\n        <div class=\"banner-bg fill\" >\n            <img loading=\"lazy\" decoding=\"async\" width=\"716\" height=\"960\" src=\"https:\/\/spasiauliai.lt\/wp-content\/uploads\/2019\/08\/dovanu-kupono-pgr1.jpg\" class=\"bg attachment-original size-original\" alt=\"\" \/>                        <div class=\"overlay\"><\/div>            \n                    <\/div>\n\t\t\n        <div class=\"banner-layers container\">\n            <div class=\"fill banner-link\"><\/div>            \n\n   <div id=\"text-box-1493382810\" class=\"text-box banner-layer x50 md-x50 lg-x50 y50 md-y50 lg-y50 res-text\">\n                                <div class=\"text-box-content text dark\">\n              \n              <div class=\"text-inner text-center\">\n                  \n\n<h1 class=\"uppercase\"><strong>Dovan\u0173 kuponai<\/strong><\/h1>\n<a href=\"https:\/\/spasiauliai.lt\/?product=dovanu-kuponai\" class=\"button white is-outline is-xlarge\"  >\n\t\t<span>PLA\u010cIAU<\/span>\n\t<i class=\"icon-angle-right\" aria-hidden=\"true\" ><\/i><\/a>\n\n\n\n              <\/div>\n           <\/div>\n                            \n<style>\n#text-box-1493382810 {\n  width: 85%;\n}\n#text-box-1493382810 .text-box-content {\n  font-size: 100%;\n}\n@media (min-width:850px) {\n  #text-box-1493382810 {\n    width: 76%;\n  }\n}\n<\/style>\n    <\/div>\n \n\n        <\/div>\n      <\/div>\n\n            \n<style>\n#banner-1554104130 {\n  padding-top: 300px;\n}\n#banner-1554104130 .overlay {\n  background-color: rgba(0, 0, 0, 0.44);\n}\n#banner-1554104130 .banner-bg img {\n  object-position: 0%;\n}\n@media (min-width:550px) {\n  #banner-1554104130 {\n    padding-top: 530px;\n  }\n}\n<\/style>\n  <\/div>\n\n\n\n\t\t<\/div>\n\t\t\t\t\t<\/div>\n\n\t\n\n<\/div>\n\n\t\t<\/div>\n\n\t\t\n<style>\n#section_1415157494 {\n  padding-top: 15px;\n  padding-bottom: 15px;\n  margin-bottom: -25px;\n}\n<\/style>\n\t<\/section>\n\t\n<div class=\"row\"  id=\"row-1566522629\">\n\n\n\t<div id=\"col-1339003637\" class=\"col small-12 large-12\"  >\n\t\t\t\t<div class=\"col-inner\"  >\n\t\t\t\n\t\t\t\n\n<div class=\"container section-title-container\" style=\"margin-bottom:10px;\"><h1 class=\"section-title section-title-normal\"><b><\/b><span class=\"section-title-main\" >Apie mus<\/span><b><\/b><\/h1><\/div>\n\n<p>Unikalus Lietuvoje ir Baltijos \u0161alyse pirties ir SPA kompleksas &#8211; SPA \u0160iauliai. \u012emon\u0117s \u012fk\u016br\u0117jas pasaulyje pripa\u017eintas pirtininkas, Europos sportinio vanojimo \u010dempionas, Lietuvos pirties ir SPA federacijos prezidentas Vladas Jokubauskas. \u201eSPA \u0160iauliai\u201c centras \u012fsik\u016br\u0119s \u0160iauliuose, Gytari\u0173 g. 24, sporto klubo \u201eEnergy Gym\u201c pastate. Unikalus pirties ir SPA kompleksas lankytojams si\u016blo \u012fvairiausias paslaugas bei programas: konferencijos sal\u0117s nuoma, priepir\u010dio sal\u0117s nuoma, individualios pirties proced\u016bras, masa\u017eus, k\u016bno proced\u016bras, aparatines k\u016bno proced\u016bras, autenti\u0161kos pirties proced\u016bras, edukacin\u0117s pirties programas, suvenyr\u0173 pardavim\u0105.<\/p>\n\n\t\t<\/div>\n\t\t\t\t\t<\/div>\n\n\t\n\n<\/div>\n","protected":false},"excerpt":{"rendered":"","protected":false},"author":1,"featured_media":0,"parent":0,"menu_order":0,"comment_status":"closed","ping_status":"closed","template":"page-blank.php","meta":{"footnotes":""},"class_list":["post-22","page","type-page","status-publish","hentry"],"_links":{"self":[{"href":"https:\/\/spasiauliai.lt\/index.php?rest_route=\/wp\/v2\/pages\/22","targetHints":{"allow":["GET"]}}],"collection":[{"href":"https:\/\/spasiauliai.lt\/index.php?rest_route=\/wp\/v2\/pages"}],"about":[{"href":"https:\/\/spasiauliai.lt\/index.php?rest_route=\/wp\/v2\/types\/page"}],"author":[{"embeddable":true,"href":"https:\/\/spasiauliai.lt\/index.php?rest_route=\/wp\/v2\/users\/1"}],"replies":[{"embeddable":true,"href":"https:\/\/spasiauliai.lt\/index.php?rest_route=%2Fwp%2Fv2%2Fcomments&post=22"}],"version-history":[{"count":71,"href":"https:\/\/spasiauliai.lt\/index.php?rest_route=\/wp\/v2\/pages\/22\/revisions"}],"predecessor-version":[{"id":1237,"href":"https:\/\/spasiauliai.lt\/index.php?rest_route=\/wp\/v2\/pages\/22\/revisions\/1237"}],"wp:attachment":[{"href":"https:\/\/spasiauliai.lt\/index.php?rest_route=%2Fwp%2Fv2%2Fmedia&parent=22"}],"curies":[{"name":"wp","href":"https:\/\/api.w.org\/{rel}","templated":true}]}}